{"id":1492,"date":"2023-03-24T22:16:07","date_gmt":"2023-03-24T21:16:07","guid":{"rendered":"https:\/\/productwhys.org\/?page_id=1492"},"modified":"2023-03-24T22:16:08","modified_gmt":"2023-03-24T21:16:08","slug":"fiche-de-poste-product-manager","status":"publish","type":"page","link":"https:\/\/productwhys.org\/index.php\/fiche-de-poste-product-manager\/","title":{"rendered":"Fiche de poste : Product Manager"},"content":{"rendered":"\n<div class=\"wp-block-columns is-layout-flex wp-container-core-columns-is-layout-9d6595d7 wp-block-columns-is-layout-flex\">\n<div class=\"wp-block-column has-luminous-vivid-amber-background-color has-text-color has-background has-link-color wp-elements-b70050ee96d30aecb8c6874f7449dc09 is-layout-flow wp-block-column-is-layout-flow\" style=\"color:#000000;padding-top:2em;padding-right:2em;padding-bottom:2em;padding-left:2em\">\n<h2 class=\"wp-block-heading\" id=\"single\" style=\"font-size:40px\"><strong>Product Manager<\/strong><\/h2>\n\n\n\n<p class=\"has-normal-font-size\" style=\"line-height:1.5\"><strong>Le r\u00f4le du product manager est de d\u00e9finir la vision du produit, de mener la strat\u00e9gie de d\u00e9veloppement, et de travailler en \u00e9troite collaboration avec l&rsquo;\u00e9quipe de d\u00e9veloppement pour s&rsquo;assurer que le produit r\u00e9pond aux besoins des utilisateurs et aux objectifs de l&rsquo;entreprise. En fonction des entreprises, le Product Manager joue aussi le r\u00f4le de Product Owner et vice versa.<\/strong><\/p>\n\n\n\n<p class=\"has-normal-font-size\" style=\"line-height:1.5\"><strong>Ici, nous consid\u00e9rons que le r\u00f4le du Product Manager est li\u00e9 au Discovery tandis que celui du Product Owner est li\u00e9 \u00e0 la fin du Discovery et \u00e0 l&rsquo;ensemble du Delivery.<\/strong><\/p>\n\n\n\n<hr class=\"wp-block-separator has-text-color has-css-opacity has-background is-style-wide\" style=\"background-color:#000000;color:#000000\"\/>\n\n\n\n<ul class=\"wp-block-list\">\n<li>Mener des recherches sur le march\u00e9 pour identifier les besoins des clients, les tendances du secteur et les concurrents (\u00e9tude de march\u00e9 sous l&rsquo;angle des 5 forces de Porter et benchmarks de l\u2019existant)<\/li>\n\n\n\n<li>Collaborer avec les \u00e9quipes inter-fonctionnelles et les Subject Matter Experts pour \u00e9laborer et prioriser la feuille de route et le backlog du produit<\/li>\n\n\n\n<li>S\u2019assurer de la pertinence des d\u00e9cisions gr\u00e2ce au d\u00e9risquage produit sous les angles <em>problem space<\/em> et <em>solution space <\/em>en identifiant les hypoth\u00e8ses racines et en suivant les cinq axes : formalisation et confirmation du besoin et de sa valeur, utilisabilit\u00e9, faisabilit\u00e9, viabilit\u00e9 et \u00e9thique<\/li>\n\n\n\n<li>Faciliter des s\u00e9ances de brainstorming et de prototypage pour g\u00e9n\u00e9rer de nouvelles id\u00e9es et valider les concepts de produit<\/li>\n\n\n\n<li>Mettre en place l\u2019ensemble des outils de feedback utilisateur (data, survey, interviews, interactions support, etc.) et exploiter ces feedbacks pour \u00e9clairer les d\u00e9cisions avec le busineass et\/ou data analyst<\/li>\n\n\n\n<li>D\u00e9finir les objectifs et les mesures de succ\u00e8s (KPIs, OKRs, SLI, SLO, etc.)<\/li>\n\n\n\n<li>D\u00e9finir et communiquer la vision et la strat\u00e9gie du produit aux parties prenantes (Product Requirement Document)<\/li>\n\n\n\n<li>Collaborer avec les Product Designer (garants de l\u2019exp\u00e9rience client et utilisateur), les ing\u00e9nieurs et les parties prenantes pour garantir que le produit r\u00e9ponde aux besoins des clients et aux objectifs commerciaux<\/li>\n\n\n\n<li>G\u00e9rer la communication autour du produit et de son \u00e9vang\u00e9lisation<\/li>\n<\/ul>\n\n\n\n<div class=\"wp-block-buttons alignfull is-horizontal is-content-justification-center is-layout-flex wp-container-core-buttons-is-layout-499968f5 wp-block-buttons-is-layout-flex\"><\/div>\n<\/div>\n<\/div>\n","protected":false},"excerpt":{"rendered":"<p>Product Manager Le r\u00f4le du product manager est de d\u00e9finir la vision du produit, de mener la strat\u00e9gie de d\u00e9veloppement, et de travailler en \u00e9troite collaboration avec l&rsquo;\u00e9quipe de d\u00e9veloppement pour s&rsquo;assurer que le produit r\u00e9pond aux besoins des utilisateurs et aux objectifs de l&rsquo;entreprise. En fonction des entreprises, le Product Manager joue aussi le [&hellip;]<\/p>\n","protected":false},"author":2,"featured_media":0,"parent":0,"menu_order":0,"comment_status":"closed","ping_status":"closed","template":"","meta":{"tdm_status":"","tdm_grid_status":"","footnotes":""},"class_list":["post-1492","page","type-page","status-publish"],"yoast_head":"<!-- This site is optimized with the Yoast SEO plugin v27.4 - https:\/\/yoast.com\/product\/yoast-seo-wordpress\/ -->\n<title>Fiche de poste : Product Manager - Product Whys - Association loi 1901<\/title>\n<meta name=\"robots\" content=\"index, follow, max-snippet:-1, max-image-preview:large, max-video-preview:-1\" \/>\n<link rel=\"canonical\" href=\"https:\/\/productwhys.org\/index.php\/fiche-de-poste-product-manager\/\" \/>\n<meta property=\"og:locale\" content=\"fr_FR\" \/>\n<meta property=\"og:type\" content=\"article\" \/>\n<meta property=\"og:title\" content=\"Fiche de poste : Product Manager - Product Whys - Association loi 1901\" \/>\n<meta property=\"og:description\" content=\"Product Manager Le r\u00f4le du product manager est de d\u00e9finir la vision du produit, de mener la strat\u00e9gie de d\u00e9veloppement, et de travailler en \u00e9troite collaboration avec l&rsquo;\u00e9quipe de d\u00e9veloppement pour s&rsquo;assurer que le produit r\u00e9pond aux besoins des utilisateurs et aux objectifs de l&rsquo;entreprise. En fonction des entreprises, le Product Manager joue aussi le [&hellip;]\" \/>\n<meta property=\"og:url\" content=\"https:\/\/productwhys.org\/index.php\/fiche-de-poste-product-manager\/\" \/>\n<meta property=\"og:site_name\" content=\"Product Whys - Association loi 1901\" \/>\n<meta property=\"article:modified_time\" content=\"2023-03-24T21:16:08+00:00\" \/>\n<meta name=\"twitter:card\" content=\"summary_large_image\" \/>\n<meta name=\"twitter:label1\" content=\"Dur\u00e9e de lecture estim\u00e9e\" \/>\n\t<meta name=\"twitter:data1\" content=\"2 minutes\" \/>\n<script type=\"application\/ld+json\" class=\"yoast-schema-graph\">{\"@context\":\"https:\\\/\\\/schema.org\",\"@graph\":[{\"@type\":\"WebPage\",\"@id\":\"https:\\\/\\\/productwhys.org\\\/index.php\\\/fiche-de-poste-product-manager\\\/\",\"url\":\"https:\\\/\\\/productwhys.org\\\/index.php\\\/fiche-de-poste-product-manager\\\/\",\"name\":\"Fiche de poste : Product Manager - Product Whys - Association loi 1901\",\"isPartOf\":{\"@id\":\"https:\\\/\\\/productwhys.org\\\/#website\"},\"datePublished\":\"2023-03-24T21:16:07+00:00\",\"dateModified\":\"2023-03-24T21:16:08+00:00\",\"breadcrumb\":{\"@id\":\"https:\\\/\\\/productwhys.org\\\/index.php\\\/fiche-de-poste-product-manager\\\/#breadcrumb\"},\"inLanguage\":\"fr-FR\",\"potentialAction\":[{\"@type\":\"ReadAction\",\"target\":[\"https:\\\/\\\/productwhys.org\\\/index.php\\\/fiche-de-poste-product-manager\\\/\"]}]},{\"@type\":\"BreadcrumbList\",\"@id\":\"https:\\\/\\\/productwhys.org\\\/index.php\\\/fiche-de-poste-product-manager\\\/#breadcrumb\",\"itemListElement\":[{\"@type\":\"ListItem\",\"position\":1,\"name\":\"Accueil\",\"item\":\"https:\\\/\\\/productwhys.org\\\/\"},{\"@type\":\"ListItem\",\"position\":2,\"name\":\"Fiche de poste : Product Manager\"}]},{\"@type\":\"WebSite\",\"@id\":\"https:\\\/\\\/productwhys.org\\\/#website\",\"url\":\"https:\\\/\\\/productwhys.org\\\/\",\"name\":\"Product Whys - Association loi 1901\",\"description\":\"\",\"publisher\":{\"@id\":\"https:\\\/\\\/productwhys.org\\\/#organization\"},\"potentialAction\":[{\"@type\":\"SearchAction\",\"target\":{\"@type\":\"EntryPoint\",\"urlTemplate\":\"https:\\\/\\\/productwhys.org\\\/?s={search_term_string}\"},\"query-input\":{\"@type\":\"PropertyValueSpecification\",\"valueRequired\":true,\"valueName\":\"search_term_string\"}}],\"inLanguage\":\"fr-FR\"},{\"@type\":\"Organization\",\"@id\":\"https:\\\/\\\/productwhys.org\\\/#organization\",\"name\":\"Product Whys - Association loi 1901\",\"url\":\"https:\\\/\\\/productwhys.org\\\/\",\"logo\":{\"@type\":\"ImageObject\",\"inLanguage\":\"fr-FR\",\"@id\":\"https:\\\/\\\/productwhys.org\\\/#\\\/schema\\\/logo\\\/image\\\/\",\"url\":\"https:\\\/\\\/i0.wp.com\\\/productwhys.org\\\/wp-content\\\/uploads\\\/2022\\\/08\\\/cropped-logov2-site.png?fit=212%2C97&ssl=1\",\"contentUrl\":\"https:\\\/\\\/i0.wp.com\\\/productwhys.org\\\/wp-content\\\/uploads\\\/2022\\\/08\\\/cropped-logov2-site.png?fit=212%2C97&ssl=1\",\"width\":212,\"height\":97,\"caption\":\"Product Whys - Association loi 1901\"},\"image\":{\"@id\":\"https:\\\/\\\/productwhys.org\\\/#\\\/schema\\\/logo\\\/image\\\/\"}}]}<\/script>\n<!-- \/ Yoast SEO plugin. -->","yoast_head_json":{"title":"Fiche de poste : Product Manager - Product Whys - Association loi 1901","robots":{"index":"index","follow":"follow","max-snippet":"max-snippet:-1","max-image-preview":"max-image-preview:large","max-video-preview":"max-video-preview:-1"},"canonical":"https:\/\/productwhys.org\/index.php\/fiche-de-poste-product-manager\/","og_locale":"fr_FR","og_type":"article","og_title":"Fiche de poste : Product Manager - Product Whys - Association loi 1901","og_description":"Product Manager Le r\u00f4le du product manager est de d\u00e9finir la vision du produit, de mener la strat\u00e9gie de d\u00e9veloppement, et de travailler en \u00e9troite collaboration avec l&rsquo;\u00e9quipe de d\u00e9veloppement pour s&rsquo;assurer que le produit r\u00e9pond aux besoins des utilisateurs et aux objectifs de l&rsquo;entreprise. En fonction des entreprises, le Product Manager joue aussi le [&hellip;]","og_url":"https:\/\/productwhys.org\/index.php\/fiche-de-poste-product-manager\/","og_site_name":"Product Whys - Association loi 1901","article_modified_time":"2023-03-24T21:16:08+00:00","twitter_card":"summary_large_image","twitter_misc":{"Dur\u00e9e de lecture estim\u00e9e":"2 minutes"},"schema":{"@context":"https:\/\/schema.org","@graph":[{"@type":"WebPage","@id":"https:\/\/productwhys.org\/index.php\/fiche-de-poste-product-manager\/","url":"https:\/\/productwhys.org\/index.php\/fiche-de-poste-product-manager\/","name":"Fiche de poste : Product Manager - Product Whys - Association loi 1901","isPartOf":{"@id":"https:\/\/productwhys.org\/#website"},"datePublished":"2023-03-24T21:16:07+00:00","dateModified":"2023-03-24T21:16:08+00:00","breadcrumb":{"@id":"https:\/\/productwhys.org\/index.php\/fiche-de-poste-product-manager\/#breadcrumb"},"inLanguage":"fr-FR","potentialAction":[{"@type":"ReadAction","target":["https:\/\/productwhys.org\/index.php\/fiche-de-poste-product-manager\/"]}]},{"@type":"BreadcrumbList","@id":"https:\/\/productwhys.org\/index.php\/fiche-de-poste-product-manager\/#breadcrumb","itemListElement":[{"@type":"ListItem","position":1,"name":"Accueil","item":"https:\/\/productwhys.org\/"},{"@type":"ListItem","position":2,"name":"Fiche de poste : Product Manager"}]},{"@type":"WebSite","@id":"https:\/\/productwhys.org\/#website","url":"https:\/\/productwhys.org\/","name":"Product Whys - Association loi 1901","description":"","publisher":{"@id":"https:\/\/productwhys.org\/#organization"},"potentialAction":[{"@type":"SearchAction","target":{"@type":"EntryPoint","urlTemplate":"https:\/\/productwhys.org\/?s={search_term_string}"},"query-input":{"@type":"PropertyValueSpecification","valueRequired":true,"valueName":"search_term_string"}}],"inLanguage":"fr-FR"},{"@type":"Organization","@id":"https:\/\/productwhys.org\/#organization","name":"Product Whys - Association loi 1901","url":"https:\/\/productwhys.org\/","logo":{"@type":"ImageObject","inLanguage":"fr-FR","@id":"https:\/\/productwhys.org\/#\/schema\/logo\/image\/","url":"https:\/\/i0.wp.com\/productwhys.org\/wp-content\/uploads\/2022\/08\/cropped-logov2-site.png?fit=212%2C97&ssl=1","contentUrl":"https:\/\/i0.wp.com\/productwhys.org\/wp-content\/uploads\/2022\/08\/cropped-logov2-site.png?fit=212%2C97&ssl=1","width":212,"height":97,"caption":"Product Whys - Association loi 1901"},"image":{"@id":"https:\/\/productwhys.org\/#\/schema\/logo\/image\/"}}]}},"jetpack_sharing_enabled":true,"_links":{"self":[{"href":"https:\/\/productwhys.org\/index.php\/wp-json\/wp\/v2\/pages\/1492","targetHints":{"allow":["GET"]}}],"collection":[{"href":"https:\/\/productwhys.org\/index.php\/wp-json\/wp\/v2\/pages"}],"about":[{"href":"https:\/\/productwhys.org\/index.php\/wp-json\/wp\/v2\/types\/page"}],"author":[{"embeddable":true,"href":"https:\/\/productwhys.org\/index.php\/wp-json\/wp\/v2\/users\/2"}],"replies":[{"embeddable":true,"href":"https:\/\/productwhys.org\/index.php\/wp-json\/wp\/v2\/comments?post=1492"}],"version-history":[{"count":2,"href":"https:\/\/productwhys.org\/index.php\/wp-json\/wp\/v2\/pages\/1492\/revisions"}],"predecessor-version":[{"id":1499,"href":"https:\/\/productwhys.org\/index.php\/wp-json\/wp\/v2\/pages\/1492\/revisions\/1499"}],"wp:attachment":[{"href":"https:\/\/productwhys.org\/index.php\/wp-json\/wp\/v2\/media?parent=1492"}],"curies":[{"name":"wp","href":"https:\/\/api.w.org\/{rel}","templated":true}]}}