{"id":1496,"date":"2023-03-24T22:17:12","date_gmt":"2023-03-24T21:17:12","guid":{"rendered":"https:\/\/productwhys.org\/?page_id=1496"},"modified":"2023-03-24T22:17:13","modified_gmt":"2023-03-24T21:17:13","slug":"fiche-de-poste-product-designer","status":"publish","type":"page","link":"https:\/\/productwhys.org\/index.php\/fiche-de-poste-product-designer\/","title":{"rendered":"Fiche de poste : Product Designer"},"content":{"rendered":"\n<div class=\"wp-block-columns is-layout-flex wp-container-core-columns-is-layout-9d6595d7 wp-block-columns-is-layout-flex\">\n<div class=\"wp-block-column has-pale-cyan-blue-background-color has-text-color has-background has-link-color wp-elements-2bef8f26a1d21c93a9b934ef3f22e1f7 is-layout-flow wp-block-column-is-layout-flow\" style=\"color:#000000;padding-top:2em;padding-right:2em;padding-bottom:2em;padding-left:2em\">\n<h2 class=\"wp-block-heading\" id=\"single\" style=\"font-size:40px\"><strong>Product Designer<\/strong><\/h2>\n\n\n\n<p><strong>Le r\u00f4le du Product Designer est de faire aboutir \u00e0 un produit attractif, facile et fluide d\u2019usage et d\u2019exp\u00e9rience, r\u00e9pondant aux besoins des utilisateurs, et incarnant l\u2019image de marque d\u00e9finie par l&rsquo;entreprise (souvent au travers son p\u00f4le marketing et communication). Tout ceci en tenant compte, conjointement avec les Product Managers, des contraintes li\u00e9es aux \u00e9ch\u00e9ances et au contexte de travail pour minimiser l&rsquo;effort et en maximiser la valeur dans chacune des it\u00e9rations propos\u00e9es \u00e0 l\u2019\u00e9quipe de Delivery.<\/strong><\/p>\n\n\n\n<hr class=\"wp-block-separator has-text-color has-css-opacity has-background is-style-wide\" style=\"background-color:#000000;color:#000000\"\/>\n\n\n\n<p>Les responsabilit\u00e9s du Product Designer dans le Discovery sont :<\/p>\n\n\n\n<ul class=\"wp-block-list\">\n<li>Mener des recherches sur le march\u00e9 pour identifier les besoins des utilisateurs, les tendances du secteur et les concurrents<\/li>\n\n\n\n<li>Faciliter des s\u00e9ances de brainstorming et de prototypage pour g\u00e9n\u00e9rer de nouvelles id\u00e9es et valider les concepts de produit<\/li>\n\n\n\n<li>Collaborer avec les Product Managers (garants de la valeur client et utilisateur), les ing\u00e9nieurs et les parties prenantes pour garantir que le produit r\u00e9ponde aux besoins des utilisateurs pour cr\u00e9er la valeur attendue par le client, notamment sur les cinq axes de derisquage : formalisation et confirmation du besoin et de sa valeur, utilisabilit\u00e9, faisabilit\u00e9, viabilit\u00e9 et \u00e9thique<\/li>\n\n\n\n<li>Comprendre les besoins et les motivations des utilisateurs<\/li>\n\n\n\n<li>Mod\u00e9liser l\u2019exp\u00e9rience et les services des diff\u00e9rents acteurs (utilisateurs et clients) dans le cadre des travaux d\u2019analyse des flux, comportements et outils pr\u00e9sents et cibles (experience map, service blueprint, etc.)<\/li>\n\n\n\n<li>Concevoir des interfaces utilisateur attrayantes, intuitives et efficaces en utilisant les pratiques de design reconnues.<\/li>\n\n\n\n<li>Travailler en collaboration avec les d\u00e9veloppeurs, les Product Managers, et les Technical Writers (R\u00e9dacteurs techniques) pour garantir que les conceptions r\u00e9pondent aux exigences techniques, d&rsquo;internationalisation et d&rsquo;exp\u00e9rience utilisateur.<\/li>\n\n\n\n<li>Participer activement aux \u00e9tapes de Refinement avec les d\u00e9veloppeurs pour supprimer toute ambigu\u00eft\u00e9, lever les interrogations, et les nourrir d\u2019informations compl\u00e8tes avant le passage en phase de Delivery.<\/li>\n\n\n\n<li>Cr\u00e9er des prototypes high et low fidelity et des wireframes pour tester les concepts de design, notamment dans le cadre de la user research, et pour compl\u00e9ter les Product Backlog Items r\u00e9dig\u00e9s par les Product Owners<\/li>\n\n\n\n<li>D\u00e9velopper des sp\u00e9cifications de design d\u00e9taill\u00e9es pour les d\u00e9veloppeurs<\/li>\n\n\n\n<li>Participer \u00e0 des tests d&rsquo;utilisabilit\u00e9 et d&rsquo;exp\u00e9rience utilisateur pour am\u00e9liorer continuellement la qualit\u00e9 des produits.<\/li>\n\n\n\n<li>S&rsquo;assurer que les designs sont conformes aux normes d&rsquo;accessibilit\u00e9 et d&rsquo;ergonomie<\/li>\n\n\n\n<li>Travailler avec les \u00e9quipes marketing pour s&rsquo;assurer que les designs sont en phase avec la strat\u00e9gie de communication de l&rsquo;entreprise<\/li>\n\n\n\n<li>Participer \u00e0 la cr\u00e9ation et \u00e0 la maintenance de la charte graphique et du design system du produit.<\/li>\n<\/ul>\n\n\n\n<p>Les responsabilit\u00e9s du Product Designer dans le Delivery sont :<\/p>\n\n\n\n<ul class=\"wp-block-list\">\n<li>Etre proactif sur la lev\u00e9e des ambigu\u00eft\u00e9s lorsqu\u2019un membre de l\u2019\u00e9quipe Delivery a besoin d\u2019aide sur la compr\u00e9hension du design pour r\u00e9aliser ses objectifs<\/li>\n<\/ul>\n\n\n\n<div class=\"wp-block-buttons alignfull is-horizontal is-content-justification-center is-layout-flex wp-container-core-buttons-is-layout-499968f5 wp-block-buttons-is-layout-flex\"><\/div>\n<\/div>\n<\/div>\n","protected":false},"excerpt":{"rendered":"<p>Product Designer Le r\u00f4le du Product Designer est de faire aboutir \u00e0 un produit attractif, facile et fluide d\u2019usage et d\u2019exp\u00e9rience, r\u00e9pondant aux besoins des utilisateurs, et incarnant l\u2019image de marque d\u00e9finie par l&rsquo;entreprise (souvent au travers son p\u00f4le marketing et communication). Tout ceci en tenant compte, conjointement avec les Product Managers, des contraintes li\u00e9es [&hellip;]<\/p>\n","protected":false},"author":2,"featured_media":0,"parent":0,"menu_order":0,"comment_status":"closed","ping_status":"closed","template":"","meta":{"tdm_status":"","tdm_grid_status":"","footnotes":""},"class_list":["post-1496","page","type-page","status-publish"],"yoast_head":"<!-- This site is optimized with the Yoast SEO plugin v27.4 - https:\/\/yoast.com\/product\/yoast-seo-wordpress\/ -->\n<title>Fiche de poste : Product Designer - Product Whys - Association loi 1901<\/title>\n<meta name=\"robots\" content=\"index, follow, max-snippet:-1, max-image-preview:large, max-video-preview:-1\" \/>\n<link rel=\"canonical\" href=\"https:\/\/productwhys.org\/index.php\/fiche-de-poste-product-designer\/\" \/>\n<meta property=\"og:locale\" content=\"fr_FR\" \/>\n<meta property=\"og:type\" content=\"article\" \/>\n<meta property=\"og:title\" content=\"Fiche de poste : Product Designer - Product Whys - Association loi 1901\" \/>\n<meta property=\"og:description\" content=\"Product Designer Le r\u00f4le du Product Designer est de faire aboutir \u00e0 un produit attractif, facile et fluide d\u2019usage et d\u2019exp\u00e9rience, r\u00e9pondant aux besoins des utilisateurs, et incarnant l\u2019image de marque d\u00e9finie par l&rsquo;entreprise (souvent au travers son p\u00f4le marketing et communication). Tout ceci en tenant compte, conjointement avec les Product Managers, des contraintes li\u00e9es [&hellip;]\" \/>\n<meta property=\"og:url\" content=\"https:\/\/productwhys.org\/index.php\/fiche-de-poste-product-designer\/\" \/>\n<meta property=\"og:site_name\" content=\"Product Whys - Association loi 1901\" \/>\n<meta property=\"article:modified_time\" content=\"2023-03-24T21:17:13+00:00\" \/>\n<meta name=\"twitter:card\" content=\"summary_large_image\" \/>\n<meta name=\"twitter:label1\" content=\"Dur\u00e9e de lecture estim\u00e9e\" \/>\n\t<meta name=\"twitter:data1\" content=\"3 minutes\" \/>\n<script type=\"application\/ld+json\" class=\"yoast-schema-graph\">{\"@context\":\"https:\\\/\\\/schema.org\",\"@graph\":[{\"@type\":\"WebPage\",\"@id\":\"https:\\\/\\\/productwhys.org\\\/index.php\\\/fiche-de-poste-product-designer\\\/\",\"url\":\"https:\\\/\\\/productwhys.org\\\/index.php\\\/fiche-de-poste-product-designer\\\/\",\"name\":\"Fiche de poste : Product Designer - Product Whys - Association loi 1901\",\"isPartOf\":{\"@id\":\"https:\\\/\\\/productwhys.org\\\/#website\"},\"datePublished\":\"2023-03-24T21:17:12+00:00\",\"dateModified\":\"2023-03-24T21:17:13+00:00\",\"breadcrumb\":{\"@id\":\"https:\\\/\\\/productwhys.org\\\/index.php\\\/fiche-de-poste-product-designer\\\/#breadcrumb\"},\"inLanguage\":\"fr-FR\",\"potentialAction\":[{\"@type\":\"ReadAction\",\"target\":[\"https:\\\/\\\/productwhys.org\\\/index.php\\\/fiche-de-poste-product-designer\\\/\"]}]},{\"@type\":\"BreadcrumbList\",\"@id\":\"https:\\\/\\\/productwhys.org\\\/index.php\\\/fiche-de-poste-product-designer\\\/#breadcrumb\",\"itemListElement\":[{\"@type\":\"ListItem\",\"position\":1,\"name\":\"Accueil\",\"item\":\"https:\\\/\\\/productwhys.org\\\/\"},{\"@type\":\"ListItem\",\"position\":2,\"name\":\"Fiche de poste : Product Designer\"}]},{\"@type\":\"WebSite\",\"@id\":\"https:\\\/\\\/productwhys.org\\\/#website\",\"url\":\"https:\\\/\\\/productwhys.org\\\/\",\"name\":\"Product Whys - Association loi 1901\",\"description\":\"\",\"publisher\":{\"@id\":\"https:\\\/\\\/productwhys.org\\\/#organization\"},\"potentialAction\":[{\"@type\":\"SearchAction\",\"target\":{\"@type\":\"EntryPoint\",\"urlTemplate\":\"https:\\\/\\\/productwhys.org\\\/?s={search_term_string}\"},\"query-input\":{\"@type\":\"PropertyValueSpecification\",\"valueRequired\":true,\"valueName\":\"search_term_string\"}}],\"inLanguage\":\"fr-FR\"},{\"@type\":\"Organization\",\"@id\":\"https:\\\/\\\/productwhys.org\\\/#organization\",\"name\":\"Product Whys - Association loi 1901\",\"url\":\"https:\\\/\\\/productwhys.org\\\/\",\"logo\":{\"@type\":\"ImageObject\",\"inLanguage\":\"fr-FR\",\"@id\":\"https:\\\/\\\/productwhys.org\\\/#\\\/schema\\\/logo\\\/image\\\/\",\"url\":\"https:\\\/\\\/i0.wp.com\\\/productwhys.org\\\/wp-content\\\/uploads\\\/2022\\\/08\\\/cropped-logov2-site.png?fit=212%2C97&ssl=1\",\"contentUrl\":\"https:\\\/\\\/i0.wp.com\\\/productwhys.org\\\/wp-content\\\/uploads\\\/2022\\\/08\\\/cropped-logov2-site.png?fit=212%2C97&ssl=1\",\"width\":212,\"height\":97,\"caption\":\"Product Whys - Association loi 1901\"},\"image\":{\"@id\":\"https:\\\/\\\/productwhys.org\\\/#\\\/schema\\\/logo\\\/image\\\/\"}}]}<\/script>\n<!-- \/ Yoast SEO plugin. -->","yoast_head_json":{"title":"Fiche de poste : Product Designer - Product Whys - Association loi 1901","robots":{"index":"index","follow":"follow","max-snippet":"max-snippet:-1","max-image-preview":"max-image-preview:large","max-video-preview":"max-video-preview:-1"},"canonical":"https:\/\/productwhys.org\/index.php\/fiche-de-poste-product-designer\/","og_locale":"fr_FR","og_type":"article","og_title":"Fiche de poste : Product Designer - Product Whys - Association loi 1901","og_description":"Product Designer Le r\u00f4le du Product Designer est de faire aboutir \u00e0 un produit attractif, facile et fluide d\u2019usage et d\u2019exp\u00e9rience, r\u00e9pondant aux besoins des utilisateurs, et incarnant l\u2019image de marque d\u00e9finie par l&rsquo;entreprise (souvent au travers son p\u00f4le marketing et communication). Tout ceci en tenant compte, conjointement avec les Product Managers, des contraintes li\u00e9es [&hellip;]","og_url":"https:\/\/productwhys.org\/index.php\/fiche-de-poste-product-designer\/","og_site_name":"Product Whys - Association loi 1901","article_modified_time":"2023-03-24T21:17:13+00:00","twitter_card":"summary_large_image","twitter_misc":{"Dur\u00e9e de lecture estim\u00e9e":"3 minutes"},"schema":{"@context":"https:\/\/schema.org","@graph":[{"@type":"WebPage","@id":"https:\/\/productwhys.org\/index.php\/fiche-de-poste-product-designer\/","url":"https:\/\/productwhys.org\/index.php\/fiche-de-poste-product-designer\/","name":"Fiche de poste : Product Designer - Product Whys - Association loi 1901","isPartOf":{"@id":"https:\/\/productwhys.org\/#website"},"datePublished":"2023-03-24T21:17:12+00:00","dateModified":"2023-03-24T21:17:13+00:00","breadcrumb":{"@id":"https:\/\/productwhys.org\/index.php\/fiche-de-poste-product-designer\/#breadcrumb"},"inLanguage":"fr-FR","potentialAction":[{"@type":"ReadAction","target":["https:\/\/productwhys.org\/index.php\/fiche-de-poste-product-designer\/"]}]},{"@type":"BreadcrumbList","@id":"https:\/\/productwhys.org\/index.php\/fiche-de-poste-product-designer\/#breadcrumb","itemListElement":[{"@type":"ListItem","position":1,"name":"Accueil","item":"https:\/\/productwhys.org\/"},{"@type":"ListItem","position":2,"name":"Fiche de poste : Product Designer"}]},{"@type":"WebSite","@id":"https:\/\/productwhys.org\/#website","url":"https:\/\/productwhys.org\/","name":"Product Whys - Association loi 1901","description":"","publisher":{"@id":"https:\/\/productwhys.org\/#organization"},"potentialAction":[{"@type":"SearchAction","target":{"@type":"EntryPoint","urlTemplate":"https:\/\/productwhys.org\/?s={search_term_string}"},"query-input":{"@type":"PropertyValueSpecification","valueRequired":true,"valueName":"search_term_string"}}],"inLanguage":"fr-FR"},{"@type":"Organization","@id":"https:\/\/productwhys.org\/#organization","name":"Product Whys - Association loi 1901","url":"https:\/\/productwhys.org\/","logo":{"@type":"ImageObject","inLanguage":"fr-FR","@id":"https:\/\/productwhys.org\/#\/schema\/logo\/image\/","url":"https:\/\/i0.wp.com\/productwhys.org\/wp-content\/uploads\/2022\/08\/cropped-logov2-site.png?fit=212%2C97&ssl=1","contentUrl":"https:\/\/i0.wp.com\/productwhys.org\/wp-content\/uploads\/2022\/08\/cropped-logov2-site.png?fit=212%2C97&ssl=1","width":212,"height":97,"caption":"Product Whys - Association loi 1901"},"image":{"@id":"https:\/\/productwhys.org\/#\/schema\/logo\/image\/"}}]}},"jetpack_sharing_enabled":true,"_links":{"self":[{"href":"https:\/\/productwhys.org\/index.php\/wp-json\/wp\/v2\/pages\/1496","targetHints":{"allow":["GET"]}}],"collection":[{"href":"https:\/\/productwhys.org\/index.php\/wp-json\/wp\/v2\/pages"}],"about":[{"href":"https:\/\/productwhys.org\/index.php\/wp-json\/wp\/v2\/types\/page"}],"author":[{"embeddable":true,"href":"https:\/\/productwhys.org\/index.php\/wp-json\/wp\/v2\/users\/2"}],"replies":[{"embeddable":true,"href":"https:\/\/productwhys.org\/index.php\/wp-json\/wp\/v2\/comments?post=1496"}],"version-history":[{"count":1,"href":"https:\/\/productwhys.org\/index.php\/wp-json\/wp\/v2\/pages\/1496\/revisions"}],"predecessor-version":[{"id":1497,"href":"https:\/\/productwhys.org\/index.php\/wp-json\/wp\/v2\/pages\/1496\/revisions\/1497"}],"wp:attachment":[{"href":"https:\/\/productwhys.org\/index.php\/wp-json\/wp\/v2\/media?parent=1496"}],"curies":[{"name":"wp","href":"https:\/\/api.w.org\/{rel}","templated":true}]}}