{"id":1504,"date":"2023-03-24T22:26:38","date_gmt":"2023-03-24T21:26:38","guid":{"rendered":"https:\/\/productwhys.org\/?page_id=1504"},"modified":"2023-03-24T22:26:39","modified_gmt":"2023-03-24T21:26:39","slug":"fiche-de-poste-program-manager","status":"publish","type":"page","link":"https:\/\/productwhys.org\/index.php\/fiche-de-poste-program-manager\/","title":{"rendered":"Fiche de poste : Program Manager"},"content":{"rendered":"\n<div class=\"wp-block-columns is-layout-flex wp-container-core-columns-is-layout-9d6595d7 wp-block-columns-is-layout-flex\">\n<div class=\"wp-block-column has-electric-grass-gradient-background has-text-color has-background has-link-color wp-elements-0c320477d761c75695fe3340f5cabbec is-layout-flow wp-block-column-is-layout-flow\" style=\"color:#000000;padding-top:2em;padding-right:2em;padding-bottom:2em;padding-left:2em\">\n<h2 class=\"wp-block-heading\" id=\"single\" style=\"font-size:40px\"><strong>Program Manager<\/strong><\/h2>\n\n\n\n<p><strong>Le program manager travaille en \u00e9troite collaboration avec les product managers, les chefs de projet et les \u00e9quipes de d\u00e9veloppement pour s&rsquo;assurer que les diff\u00e9rentes activit\u00e9s sont align\u00e9es sur les objectifs du produit et de l&rsquo;entreprise.<\/strong><\/p>\n\n\n\n<hr class=\"wp-block-separator has-text-color has-css-opacity has-background is-style-wide\" style=\"background-color:#000000;color:#000000\"\/>\n\n\n\n<p>Les responsabilit\u00e9s d&rsquo;un program manager peuvent inclure :<\/p>\n\n\n\n<ul class=\"wp-block-list\">\n<li>G\u00e9rer les projets et les initiatives complexes impliquant plusieurs \u00e9quipes<\/li>\n\n\n\n<li>Assurer la coh\u00e9rence de la planification et de l&rsquo;ex\u00e9cution des projets dans l&rsquo;ensemble de l&rsquo;organisation<\/li>\n\n\n\n<li>S&rsquo;assurer que les projets sont livr\u00e9s dans les d\u00e9lais impartis et respectent les budgets allou\u00e9s<\/li>\n\n\n\n<li>Collaborer avec les diff\u00e9rents intervenants internes et externes pour coordonner les diff\u00e9rentes activit\u00e9s<\/li>\n\n\n\n<li>Surveiller et \u00e9valuer les risques associ\u00e9s \u00e0 chaque projet et prendre des mesures pour les att\u00e9nuer<\/li>\n\n\n\n<li>Maintenir une communication r\u00e9guli\u00e8re avec toutes les parties prenantes pour s&rsquo;assurer que tout le monde est inform\u00e9 de l&rsquo;\u00e9tat d&rsquo;avancement du projet (notamment gr\u00e2ce aux Commit\u00e9s de Pilotage)<\/li>\n\n\n\n<li>Identifier et r\u00e9soudre les conflits entre les diff\u00e9rentes \u00e9quipes ou parties prenantes<\/li>\n\n\n\n<li>Contribuer \u00e0 l&rsquo;\u00e9laboration de la strat\u00e9gie produit en fournissant des informations sur les contraintes techniques et op\u00e9rationnelles \u00e0 l&rsquo;\u00e9chelle de l&rsquo;organisation<\/li>\n\n\n\n<li>Consolider les budgets et suivre leur \u00e9volution ainsi que l&rsquo;\u00e9volution des besoins de l&rsquo;\u00e9quipe produit<\/li>\n<\/ul>\n\n\n\n<div class=\"wp-block-buttons alignfull is-horizontal is-content-justification-center is-layout-flex wp-container-core-buttons-is-layout-499968f5 wp-block-buttons-is-layout-flex\"><\/div>\n<\/div>\n<\/div>\n","protected":false},"excerpt":{"rendered":"<p>Program Manager Le program manager travaille en \u00e9troite collaboration avec les product managers, les chefs de projet et les \u00e9quipes de d\u00e9veloppement pour s&rsquo;assurer que les diff\u00e9rentes activit\u00e9s sont align\u00e9es sur les objectifs du produit et de l&rsquo;entreprise. Les responsabilit\u00e9s d&rsquo;un program manager peuvent inclure :<\/p>\n","protected":false},"author":2,"featured_media":0,"parent":0,"menu_order":0,"comment_status":"closed","ping_status":"closed","template":"","meta":{"tdm_status":"","tdm_grid_status":"","footnotes":""},"class_list":["post-1504","page","type-page","status-publish"],"yoast_head":"<!-- This site is optimized with the Yoast SEO plugin v27.4 - https:\/\/yoast.com\/product\/yoast-seo-wordpress\/ -->\n<title>Fiche de poste : Program Manager - Product Whys - Association loi 1901<\/title>\n<meta name=\"robots\" content=\"index, follow, max-snippet:-1, max-image-preview:large, max-video-preview:-1\" \/>\n<link rel=\"canonical\" href=\"https:\/\/productwhys.org\/index.php\/fiche-de-poste-program-manager\/\" \/>\n<meta property=\"og:locale\" content=\"fr_FR\" \/>\n<meta property=\"og:type\" content=\"article\" \/>\n<meta property=\"og:title\" content=\"Fiche de poste : Program Manager - Product Whys - Association loi 1901\" \/>\n<meta property=\"og:description\" content=\"Program Manager Le program manager travaille en \u00e9troite collaboration avec les product managers, les chefs de projet et les \u00e9quipes de d\u00e9veloppement pour s&rsquo;assurer que les diff\u00e9rentes activit\u00e9s sont align\u00e9es sur les objectifs du produit et de l&rsquo;entreprise. Les responsabilit\u00e9s d&rsquo;un program manager peuvent inclure :\" \/>\n<meta property=\"og:url\" content=\"https:\/\/productwhys.org\/index.php\/fiche-de-poste-program-manager\/\" \/>\n<meta property=\"og:site_name\" content=\"Product Whys - Association loi 1901\" \/>\n<meta property=\"article:modified_time\" content=\"2023-03-24T21:26:39+00:00\" \/>\n<meta name=\"twitter:card\" content=\"summary_large_image\" \/>\n<meta name=\"twitter:label1\" content=\"Dur\u00e9e de lecture estim\u00e9e\" \/>\n\t<meta name=\"twitter:data1\" content=\"1 minute\" \/>\n<script type=\"application\/ld+json\" class=\"yoast-schema-graph\">{\"@context\":\"https:\\\/\\\/schema.org\",\"@graph\":[{\"@type\":\"WebPage\",\"@id\":\"https:\\\/\\\/productwhys.org\\\/index.php\\\/fiche-de-poste-program-manager\\\/\",\"url\":\"https:\\\/\\\/productwhys.org\\\/index.php\\\/fiche-de-poste-program-manager\\\/\",\"name\":\"Fiche de poste : Program Manager - Product Whys - Association loi 1901\",\"isPartOf\":{\"@id\":\"https:\\\/\\\/productwhys.org\\\/#website\"},\"datePublished\":\"2023-03-24T21:26:38+00:00\",\"dateModified\":\"2023-03-24T21:26:39+00:00\",\"breadcrumb\":{\"@id\":\"https:\\\/\\\/productwhys.org\\\/index.php\\\/fiche-de-poste-program-manager\\\/#breadcrumb\"},\"inLanguage\":\"fr-FR\",\"potentialAction\":[{\"@type\":\"ReadAction\",\"target\":[\"https:\\\/\\\/productwhys.org\\\/index.php\\\/fiche-de-poste-program-manager\\\/\"]}]},{\"@type\":\"BreadcrumbList\",\"@id\":\"https:\\\/\\\/productwhys.org\\\/index.php\\\/fiche-de-poste-program-manager\\\/#breadcrumb\",\"itemListElement\":[{\"@type\":\"ListItem\",\"position\":1,\"name\":\"Accueil\",\"item\":\"https:\\\/\\\/productwhys.org\\\/\"},{\"@type\":\"ListItem\",\"position\":2,\"name\":\"Fiche de poste : Program Manager\"}]},{\"@type\":\"WebSite\",\"@id\":\"https:\\\/\\\/productwhys.org\\\/#website\",\"url\":\"https:\\\/\\\/productwhys.org\\\/\",\"name\":\"Product Whys - Association loi 1901\",\"description\":\"\",\"publisher\":{\"@id\":\"https:\\\/\\\/productwhys.org\\\/#organization\"},\"potentialAction\":[{\"@type\":\"SearchAction\",\"target\":{\"@type\":\"EntryPoint\",\"urlTemplate\":\"https:\\\/\\\/productwhys.org\\\/?s={search_term_string}\"},\"query-input\":{\"@type\":\"PropertyValueSpecification\",\"valueRequired\":true,\"valueName\":\"search_term_string\"}}],\"inLanguage\":\"fr-FR\"},{\"@type\":\"Organization\",\"@id\":\"https:\\\/\\\/productwhys.org\\\/#organization\",\"name\":\"Product Whys - Association loi 1901\",\"url\":\"https:\\\/\\\/productwhys.org\\\/\",\"logo\":{\"@type\":\"ImageObject\",\"inLanguage\":\"fr-FR\",\"@id\":\"https:\\\/\\\/productwhys.org\\\/#\\\/schema\\\/logo\\\/image\\\/\",\"url\":\"https:\\\/\\\/i0.wp.com\\\/productwhys.org\\\/wp-content\\\/uploads\\\/2022\\\/08\\\/cropped-logov2-site.png?fit=212%2C97&ssl=1\",\"contentUrl\":\"https:\\\/\\\/i0.wp.com\\\/productwhys.org\\\/wp-content\\\/uploads\\\/2022\\\/08\\\/cropped-logov2-site.png?fit=212%2C97&ssl=1\",\"width\":212,\"height\":97,\"caption\":\"Product Whys - Association loi 1901\"},\"image\":{\"@id\":\"https:\\\/\\\/productwhys.org\\\/#\\\/schema\\\/logo\\\/image\\\/\"}}]}<\/script>\n<!-- \/ Yoast SEO plugin. -->","yoast_head_json":{"title":"Fiche de poste : Program Manager - Product Whys - Association loi 1901","robots":{"index":"index","follow":"follow","max-snippet":"max-snippet:-1","max-image-preview":"max-image-preview:large","max-video-preview":"max-video-preview:-1"},"canonical":"https:\/\/productwhys.org\/index.php\/fiche-de-poste-program-manager\/","og_locale":"fr_FR","og_type":"article","og_title":"Fiche de poste : Program Manager - Product Whys - Association loi 1901","og_description":"Program Manager Le program manager travaille en \u00e9troite collaboration avec les product managers, les chefs de projet et les \u00e9quipes de d\u00e9veloppement pour s&rsquo;assurer que les diff\u00e9rentes activit\u00e9s sont align\u00e9es sur les objectifs du produit et de l&rsquo;entreprise. Les responsabilit\u00e9s d&rsquo;un program manager peuvent inclure :","og_url":"https:\/\/productwhys.org\/index.php\/fiche-de-poste-program-manager\/","og_site_name":"Product Whys - Association loi 1901","article_modified_time":"2023-03-24T21:26:39+00:00","twitter_card":"summary_large_image","twitter_misc":{"Dur\u00e9e de lecture estim\u00e9e":"1 minute"},"schema":{"@context":"https:\/\/schema.org","@graph":[{"@type":"WebPage","@id":"https:\/\/productwhys.org\/index.php\/fiche-de-poste-program-manager\/","url":"https:\/\/productwhys.org\/index.php\/fiche-de-poste-program-manager\/","name":"Fiche de poste : Program Manager - Product Whys - Association loi 1901","isPartOf":{"@id":"https:\/\/productwhys.org\/#website"},"datePublished":"2023-03-24T21:26:38+00:00","dateModified":"2023-03-24T21:26:39+00:00","breadcrumb":{"@id":"https:\/\/productwhys.org\/index.php\/fiche-de-poste-program-manager\/#breadcrumb"},"inLanguage":"fr-FR","potentialAction":[{"@type":"ReadAction","target":["https:\/\/productwhys.org\/index.php\/fiche-de-poste-program-manager\/"]}]},{"@type":"BreadcrumbList","@id":"https:\/\/productwhys.org\/index.php\/fiche-de-poste-program-manager\/#breadcrumb","itemListElement":[{"@type":"ListItem","position":1,"name":"Accueil","item":"https:\/\/productwhys.org\/"},{"@type":"ListItem","position":2,"name":"Fiche de poste : Program Manager"}]},{"@type":"WebSite","@id":"https:\/\/productwhys.org\/#website","url":"https:\/\/productwhys.org\/","name":"Product Whys - Association loi 1901","description":"","publisher":{"@id":"https:\/\/productwhys.org\/#organization"},"potentialAction":[{"@type":"SearchAction","target":{"@type":"EntryPoint","urlTemplate":"https:\/\/productwhys.org\/?s={search_term_string}"},"query-input":{"@type":"PropertyValueSpecification","valueRequired":true,"valueName":"search_term_string"}}],"inLanguage":"fr-FR"},{"@type":"Organization","@id":"https:\/\/productwhys.org\/#organization","name":"Product Whys - Association loi 1901","url":"https:\/\/productwhys.org\/","logo":{"@type":"ImageObject","inLanguage":"fr-FR","@id":"https:\/\/productwhys.org\/#\/schema\/logo\/image\/","url":"https:\/\/i0.wp.com\/productwhys.org\/wp-content\/uploads\/2022\/08\/cropped-logov2-site.png?fit=212%2C97&ssl=1","contentUrl":"https:\/\/i0.wp.com\/productwhys.org\/wp-content\/uploads\/2022\/08\/cropped-logov2-site.png?fit=212%2C97&ssl=1","width":212,"height":97,"caption":"Product Whys - Association loi 1901"},"image":{"@id":"https:\/\/productwhys.org\/#\/schema\/logo\/image\/"}}]}},"jetpack_sharing_enabled":true,"_links":{"self":[{"href":"https:\/\/productwhys.org\/index.php\/wp-json\/wp\/v2\/pages\/1504","targetHints":{"allow":["GET"]}}],"collection":[{"href":"https:\/\/productwhys.org\/index.php\/wp-json\/wp\/v2\/pages"}],"about":[{"href":"https:\/\/productwhys.org\/index.php\/wp-json\/wp\/v2\/types\/page"}],"author":[{"embeddable":true,"href":"https:\/\/productwhys.org\/index.php\/wp-json\/wp\/v2\/users\/2"}],"replies":[{"embeddable":true,"href":"https:\/\/productwhys.org\/index.php\/wp-json\/wp\/v2\/comments?post=1504"}],"version-history":[{"count":1,"href":"https:\/\/productwhys.org\/index.php\/wp-json\/wp\/v2\/pages\/1504\/revisions"}],"predecessor-version":[{"id":1505,"href":"https:\/\/productwhys.org\/index.php\/wp-json\/wp\/v2\/pages\/1504\/revisions\/1505"}],"wp:attachment":[{"href":"https:\/\/productwhys.org\/index.php\/wp-json\/wp\/v2\/media?parent=1504"}],"curies":[{"name":"wp","href":"https:\/\/api.w.org\/{rel}","templated":true}]}}