{"id":1506,"date":"2023-03-24T22:28:14","date_gmt":"2023-03-24T21:28:14","guid":{"rendered":"https:\/\/productwhys.org\/?page_id=1506"},"modified":"2023-03-24T22:28:16","modified_gmt":"2023-03-24T21:28:16","slug":"fiche-de-poste-engineers-or-developers","status":"publish","type":"page","link":"https:\/\/productwhys.org\/index.php\/fiche-de-poste-engineers-or-developers\/","title":{"rendered":"Fiche de poste : Engineers or developers"},"content":{"rendered":"\n<div class=\"wp-block-columns is-layout-flex wp-container-core-columns-is-layout-9d6595d7 wp-block-columns-is-layout-flex\">\n<div class=\"wp-block-column has-very-light-gray-to-cyan-bluish-gray-gradient-background has-text-color has-background has-link-color wp-elements-adb1a4132251d8a0d2ddfb5d1338ed25 is-layout-flow wp-block-column-is-layout-flow\" style=\"color:#000000;padding-top:2em;padding-right:2em;padding-bottom:2em;padding-left:2em\">\n<h2 class=\"wp-block-heading\" id=\"single\" style=\"font-size:40px\"><strong>Engineers or Developers<\/strong><\/h2>\n\n\n\n<p><strong>Le r\u00f4le de l&rsquo;\u00e9quipe d&rsquo;ing\u00e9nieurs ou de d\u00e9veloppeurs dans une \u00e9quipe produit est de cr\u00e9er et de livrer le produit. L&rsquo;\u00e9quipe technique est responsable de transformer la vision du produit en une solution concr\u00e8te, fonctionnelle et de haute qualit\u00e9 qui r\u00e9pond aux besoins des utilisateurs et aux objectifs de l&rsquo;entreprise.<\/strong><\/p>\n\n\n\n<p><strong>Les responsabilit\u00e9s sont r\u00e9parties entre le Discovery et le Delivery de la fa\u00e7on suivante.<\/strong><\/p>\n\n\n\n<hr class=\"wp-block-separator has-text-color has-css-opacity has-background is-style-wide\" style=\"background-color:#000000;color:#000000\"\/>\n\n\n\n<p>Responsabilit\u00e9s li\u00e9es au Discovery :<\/p>\n\n\n\n<ul class=\"wp-block-list\">\n<li>R\u00e9alisation de tests et de preuves de concepts en sacrifiant du temps de Delivery au profit d&rsquo;un temps de Discovery au travers des Spikes<\/li>\n\n\n\n<li>Contribution \u00e0 la d\u00e9finition du produit, \u00e0 sa conception fonctionnelle et au d\u00e9risquage de faisabilit\u00e9 durant les sessions de Refinement<\/li>\n\n\n\n<li>\u00c9valuer les nouvelles technologies et les outils pour am\u00e9liorer l&rsquo;efficacit\u00e9 et l&rsquo;efficience du d\u00e9veloppement.<\/li>\n<\/ul>\n\n\n\n<p>Responsabilit\u00e9s li\u00e9es au Delivery :<\/p>\n\n\n\n<ul class=\"wp-block-list\">\n<li>Analyser les exigences et les sp\u00e9cifications fonctionnelles du produit<\/li>\n\n\n\n<li>Enrichir les sp\u00e9cifications techniques du produit<\/li>\n\n\n\n<li>Concevoir et d\u00e9velopper des fonctionnalit\u00e9s qui r\u00e9pondent aux besoins des utilisateurs et aux objectifs de l&rsquo;entreprise<\/li>\n\n\n\n<li>Tester le produit pour garantir la qualit\u00e9, la s\u00e9curit\u00e9 et la fiabilit\u00e9<\/li>\n\n\n\n<li>Maintenir et am\u00e9liorer les fonctionnalit\u00e9s existantes du produit<\/li>\n\n\n\n<li>Optimiser la performance, la s\u00e9curit\u00e9 et la fiabilit\u00e9 du produit<\/li>\n\n\n\n<li>Collaborer avec les autres membres de l&rsquo;\u00e9quipe produit, notamment les product managers, et les product designers<\/li>\n<\/ul>\n\n\n\n<div class=\"wp-block-buttons alignfull is-horizontal is-content-justification-center is-layout-flex wp-container-core-buttons-is-layout-499968f5 wp-block-buttons-is-layout-flex\"><\/div>\n<\/div>\n<\/div>\n","protected":false},"excerpt":{"rendered":"<p>Engineers or Developers Le r\u00f4le de l&rsquo;\u00e9quipe d&rsquo;ing\u00e9nieurs ou de d\u00e9veloppeurs dans une \u00e9quipe produit est de cr\u00e9er et de livrer le produit. L&rsquo;\u00e9quipe technique est responsable de transformer la vision du produit en une solution concr\u00e8te, fonctionnelle et de haute qualit\u00e9 qui r\u00e9pond aux besoins des utilisateurs et aux objectifs de l&rsquo;entreprise. Les responsabilit\u00e9s [&hellip;]<\/p>\n","protected":false},"author":2,"featured_media":0,"parent":0,"menu_order":0,"comment_status":"closed","ping_status":"closed","template":"","meta":{"tdm_status":"","tdm_grid_status":"","footnotes":""},"class_list":["post-1506","page","type-page","status-publish"],"yoast_head":"<!-- This site is optimized with the Yoast SEO plugin v27.4 - https:\/\/yoast.com\/product\/yoast-seo-wordpress\/ -->\n<title>Fiche de poste : Engineers or developers - Product Whys - Association loi 1901<\/title>\n<meta name=\"robots\" content=\"index, follow, max-snippet:-1, max-image-preview:large, max-video-preview:-1\" \/>\n<link rel=\"canonical\" href=\"https:\/\/productwhys.org\/index.php\/fiche-de-poste-engineers-or-developers\/\" \/>\n<meta property=\"og:locale\" content=\"fr_FR\" \/>\n<meta property=\"og:type\" content=\"article\" \/>\n<meta property=\"og:title\" content=\"Fiche de poste : Engineers or developers - Product Whys - Association loi 1901\" \/>\n<meta property=\"og:description\" content=\"Engineers or Developers Le r\u00f4le de l&rsquo;\u00e9quipe d&rsquo;ing\u00e9nieurs ou de d\u00e9veloppeurs dans une \u00e9quipe produit est de cr\u00e9er et de livrer le produit. L&rsquo;\u00e9quipe technique est responsable de transformer la vision du produit en une solution concr\u00e8te, fonctionnelle et de haute qualit\u00e9 qui r\u00e9pond aux besoins des utilisateurs et aux objectifs de l&rsquo;entreprise. Les responsabilit\u00e9s [&hellip;]\" \/>\n<meta property=\"og:url\" content=\"https:\/\/productwhys.org\/index.php\/fiche-de-poste-engineers-or-developers\/\" \/>\n<meta property=\"og:site_name\" content=\"Product Whys - Association loi 1901\" \/>\n<meta property=\"article:modified_time\" content=\"2023-03-24T21:28:16+00:00\" \/>\n<meta name=\"twitter:card\" content=\"summary_large_image\" \/>\n<meta name=\"twitter:label1\" content=\"Dur\u00e9e de lecture estim\u00e9e\" \/>\n\t<meta name=\"twitter:data1\" content=\"2 minutes\" \/>\n<script type=\"application\/ld+json\" class=\"yoast-schema-graph\">{\"@context\":\"https:\\\/\\\/schema.org\",\"@graph\":[{\"@type\":\"WebPage\",\"@id\":\"https:\\\/\\\/productwhys.org\\\/index.php\\\/fiche-de-poste-engineers-or-developers\\\/\",\"url\":\"https:\\\/\\\/productwhys.org\\\/index.php\\\/fiche-de-poste-engineers-or-developers\\\/\",\"name\":\"Fiche de poste : Engineers or developers - Product Whys - Association loi 1901\",\"isPartOf\":{\"@id\":\"https:\\\/\\\/productwhys.org\\\/#website\"},\"datePublished\":\"2023-03-24T21:28:14+00:00\",\"dateModified\":\"2023-03-24T21:28:16+00:00\",\"breadcrumb\":{\"@id\":\"https:\\\/\\\/productwhys.org\\\/index.php\\\/fiche-de-poste-engineers-or-developers\\\/#breadcrumb\"},\"inLanguage\":\"fr-FR\",\"potentialAction\":[{\"@type\":\"ReadAction\",\"target\":[\"https:\\\/\\\/productwhys.org\\\/index.php\\\/fiche-de-poste-engineers-or-developers\\\/\"]}]},{\"@type\":\"BreadcrumbList\",\"@id\":\"https:\\\/\\\/productwhys.org\\\/index.php\\\/fiche-de-poste-engineers-or-developers\\\/#breadcrumb\",\"itemListElement\":[{\"@type\":\"ListItem\",\"position\":1,\"name\":\"Accueil\",\"item\":\"https:\\\/\\\/productwhys.org\\\/\"},{\"@type\":\"ListItem\",\"position\":2,\"name\":\"Fiche de poste : Engineers or developers\"}]},{\"@type\":\"WebSite\",\"@id\":\"https:\\\/\\\/productwhys.org\\\/#website\",\"url\":\"https:\\\/\\\/productwhys.org\\\/\",\"name\":\"Product Whys - Association loi 1901\",\"description\":\"\",\"publisher\":{\"@id\":\"https:\\\/\\\/productwhys.org\\\/#organization\"},\"potentialAction\":[{\"@type\":\"SearchAction\",\"target\":{\"@type\":\"EntryPoint\",\"urlTemplate\":\"https:\\\/\\\/productwhys.org\\\/?s={search_term_string}\"},\"query-input\":{\"@type\":\"PropertyValueSpecification\",\"valueRequired\":true,\"valueName\":\"search_term_string\"}}],\"inLanguage\":\"fr-FR\"},{\"@type\":\"Organization\",\"@id\":\"https:\\\/\\\/productwhys.org\\\/#organization\",\"name\":\"Product Whys - Association loi 1901\",\"url\":\"https:\\\/\\\/productwhys.org\\\/\",\"logo\":{\"@type\":\"ImageObject\",\"inLanguage\":\"fr-FR\",\"@id\":\"https:\\\/\\\/productwhys.org\\\/#\\\/schema\\\/logo\\\/image\\\/\",\"url\":\"https:\\\/\\\/i0.wp.com\\\/productwhys.org\\\/wp-content\\\/uploads\\\/2022\\\/08\\\/cropped-logov2-site.png?fit=212%2C97&ssl=1\",\"contentUrl\":\"https:\\\/\\\/i0.wp.com\\\/productwhys.org\\\/wp-content\\\/uploads\\\/2022\\\/08\\\/cropped-logov2-site.png?fit=212%2C97&ssl=1\",\"width\":212,\"height\":97,\"caption\":\"Product Whys - Association loi 1901\"},\"image\":{\"@id\":\"https:\\\/\\\/productwhys.org\\\/#\\\/schema\\\/logo\\\/image\\\/\"}}]}<\/script>\n<!-- \/ Yoast SEO plugin. -->","yoast_head_json":{"title":"Fiche de poste : Engineers or developers - Product Whys - Association loi 1901","robots":{"index":"index","follow":"follow","max-snippet":"max-snippet:-1","max-image-preview":"max-image-preview:large","max-video-preview":"max-video-preview:-1"},"canonical":"https:\/\/productwhys.org\/index.php\/fiche-de-poste-engineers-or-developers\/","og_locale":"fr_FR","og_type":"article","og_title":"Fiche de poste : Engineers or developers - Product Whys - Association loi 1901","og_description":"Engineers or Developers Le r\u00f4le de l&rsquo;\u00e9quipe d&rsquo;ing\u00e9nieurs ou de d\u00e9veloppeurs dans une \u00e9quipe produit est de cr\u00e9er et de livrer le produit. L&rsquo;\u00e9quipe technique est responsable de transformer la vision du produit en une solution concr\u00e8te, fonctionnelle et de haute qualit\u00e9 qui r\u00e9pond aux besoins des utilisateurs et aux objectifs de l&rsquo;entreprise. Les responsabilit\u00e9s [&hellip;]","og_url":"https:\/\/productwhys.org\/index.php\/fiche-de-poste-engineers-or-developers\/","og_site_name":"Product Whys - Association loi 1901","article_modified_time":"2023-03-24T21:28:16+00:00","twitter_card":"summary_large_image","twitter_misc":{"Dur\u00e9e de lecture estim\u00e9e":"2 minutes"},"schema":{"@context":"https:\/\/schema.org","@graph":[{"@type":"WebPage","@id":"https:\/\/productwhys.org\/index.php\/fiche-de-poste-engineers-or-developers\/","url":"https:\/\/productwhys.org\/index.php\/fiche-de-poste-engineers-or-developers\/","name":"Fiche de poste : Engineers or developers - Product Whys - Association loi 1901","isPartOf":{"@id":"https:\/\/productwhys.org\/#website"},"datePublished":"2023-03-24T21:28:14+00:00","dateModified":"2023-03-24T21:28:16+00:00","breadcrumb":{"@id":"https:\/\/productwhys.org\/index.php\/fiche-de-poste-engineers-or-developers\/#breadcrumb"},"inLanguage":"fr-FR","potentialAction":[{"@type":"ReadAction","target":["https:\/\/productwhys.org\/index.php\/fiche-de-poste-engineers-or-developers\/"]}]},{"@type":"BreadcrumbList","@id":"https:\/\/productwhys.org\/index.php\/fiche-de-poste-engineers-or-developers\/#breadcrumb","itemListElement":[{"@type":"ListItem","position":1,"name":"Accueil","item":"https:\/\/productwhys.org\/"},{"@type":"ListItem","position":2,"name":"Fiche de poste : Engineers or developers"}]},{"@type":"WebSite","@id":"https:\/\/productwhys.org\/#website","url":"https:\/\/productwhys.org\/","name":"Product Whys - Association loi 1901","description":"","publisher":{"@id":"https:\/\/productwhys.org\/#organization"},"potentialAction":[{"@type":"SearchAction","target":{"@type":"EntryPoint","urlTemplate":"https:\/\/productwhys.org\/?s={search_term_string}"},"query-input":{"@type":"PropertyValueSpecification","valueRequired":true,"valueName":"search_term_string"}}],"inLanguage":"fr-FR"},{"@type":"Organization","@id":"https:\/\/productwhys.org\/#organization","name":"Product Whys - Association loi 1901","url":"https:\/\/productwhys.org\/","logo":{"@type":"ImageObject","inLanguage":"fr-FR","@id":"https:\/\/productwhys.org\/#\/schema\/logo\/image\/","url":"https:\/\/i0.wp.com\/productwhys.org\/wp-content\/uploads\/2022\/08\/cropped-logov2-site.png?fit=212%2C97&ssl=1","contentUrl":"https:\/\/i0.wp.com\/productwhys.org\/wp-content\/uploads\/2022\/08\/cropped-logov2-site.png?fit=212%2C97&ssl=1","width":212,"height":97,"caption":"Product Whys - Association loi 1901"},"image":{"@id":"https:\/\/productwhys.org\/#\/schema\/logo\/image\/"}}]}},"jetpack_sharing_enabled":true,"_links":{"self":[{"href":"https:\/\/productwhys.org\/index.php\/wp-json\/wp\/v2\/pages\/1506","targetHints":{"allow":["GET"]}}],"collection":[{"href":"https:\/\/productwhys.org\/index.php\/wp-json\/wp\/v2\/pages"}],"about":[{"href":"https:\/\/productwhys.org\/index.php\/wp-json\/wp\/v2\/types\/page"}],"author":[{"embeddable":true,"href":"https:\/\/productwhys.org\/index.php\/wp-json\/wp\/v2\/users\/2"}],"replies":[{"embeddable":true,"href":"https:\/\/productwhys.org\/index.php\/wp-json\/wp\/v2\/comments?post=1506"}],"version-history":[{"count":1,"href":"https:\/\/productwhys.org\/index.php\/wp-json\/wp\/v2\/pages\/1506\/revisions"}],"predecessor-version":[{"id":1507,"href":"https:\/\/productwhys.org\/index.php\/wp-json\/wp\/v2\/pages\/1506\/revisions\/1507"}],"wp:attachment":[{"href":"https:\/\/productwhys.org\/index.php\/wp-json\/wp\/v2\/media?parent=1506"}],"curies":[{"name":"wp","href":"https:\/\/api.w.org\/{rel}","templated":true}]}}