{"id":1508,"date":"2023-03-24T22:29:28","date_gmt":"2023-03-24T21:29:28","guid":{"rendered":"https:\/\/productwhys.org\/?page_id=1508"},"modified":"2023-03-24T22:29:29","modified_gmt":"2023-03-24T21:29:29","slug":"fiche-de-poste-coach-agile","status":"publish","type":"page","link":"https:\/\/productwhys.org\/index.php\/fiche-de-poste-coach-agile\/","title":{"rendered":"Fiche de poste : Coach Agile"},"content":{"rendered":"\n<div class=\"wp-block-columns is-layout-flex wp-container-core-columns-is-layout-9d6595d7 wp-block-columns-is-layout-flex\">\n<div class=\"wp-block-column has-pale-ocean-gradient-background has-text-color has-background has-link-color wp-elements-c4d700571588adcbc9ff7d50740d6c2c is-layout-flow wp-block-column-is-layout-flow\" style=\"color:#000000;padding-top:2em;padding-right:2em;padding-bottom:2em;padding-left:2em\">\n<h2 class=\"wp-block-heading\" id=\"single\" style=\"font-size:40px\"><strong>Coach Agile<\/strong><\/h2>\n\n\n\n<p><strong>Le coach agile est garant de la fluidit\u00e9 d&rsquo;ex\u00e9cution des workflows (processus de travail) et de leur am\u00e9lioration continue. Son r\u00f4le est \u00e9galement de guider les \u00e9quipes dans l&rsquo;application des m\u00e9thodes agiles et de les aider \u00e0 atteindre leurs objectifs en mati\u00e8re de d\u00e9veloppement de produits. Les coachs agiles ont chacun leur approche, et le Product Management favorise la philosophie du Lean Management issue du TPS (Toyota Production System).<\/strong><\/p>\n\n\n\n<hr class=\"wp-block-separator has-text-color has-css-opacity has-background is-style-wide\" style=\"background-color:#000000;color:#000000\"\/>\n\n\n\n<p>Ses responsabilit\u00e9s sont \u00e0 l&rsquo;\u00e9chelle de l&rsquo;\u00e9quipe enti\u00e8re et peuvent consister \u00e0 (un unique coach couvrira rarement tous les aspects) :<\/p>\n\n\n\n<ul class=\"wp-block-list\">\n<li>Encadrer les \u00e9quipes dans l&rsquo;adoption de la philosophie agile, en aidant \u00e0 planifier et \u00e0 ex\u00e9cuter les sprints, \u00e0 suivre les pratiques de d\u00e9veloppement Agile telles que le d\u00e9veloppement pilot\u00e9 par les tests, l&rsquo;int\u00e9gration continue, etc.<\/li>\n\n\n\n<li>Faciliter les rituels Agile tels que les revues de sprint, les r\u00e9trospectives d&rsquo;\u00e9quipe, les stand-ups quotidiens, etc.<\/li>\n\n\n\n<li>S&rsquo;assurer que les \u00e9quipes de d\u00e9veloppement ont les bonnes comp\u00e9tences, les bons outils et les ressources n\u00e9cessaires pour r\u00e9ussir.<\/li>\n\n\n\n<li>Aider les \u00e9quipes \u00e0 d\u00e9finir les objectifs de d\u00e9veloppement de produits et \u00e0 planifier le backlog produit.<\/li>\n\n\n\n<li>Collaborer avec les parties prenantes pour s&rsquo;assurer que les produits sont livr\u00e9s dans les d\u00e9lais impartis et sont conformes aux attentes des clients.<\/li>\n\n\n\n<li>Fournir un feedback constructif pour am\u00e9liorer la performance de l&rsquo;\u00e9quipe et encourager une culture d&rsquo;am\u00e9lioration continue.<\/li>\n\n\n\n<li>Guider les \u00e9quipes de d\u00e9veloppement dans l&rsquo;adoption de pratiques Lean et dans l&rsquo;identification des gaspillages dans le processus de d\u00e9veloppement.<\/li>\n\n\n\n<li>Encourager une culture de transparence, de collaboration et de responsabilit\u00e9 au sein de l&rsquo;\u00e9quipe de d\u00e9veloppement.<\/li>\n\n\n\n<li>Former les membres de l&rsquo;\u00e9quipe aux pratiques et aux m\u00e9thodologies Agile.<\/li>\n\n\n\n<li>Identifier et g\u00e9rer les risques li\u00e9s aux projets de d\u00e9veloppement de produits.<\/li>\n<\/ul>\n\n\n\n<div class=\"wp-block-buttons alignfull is-horizontal is-content-justification-center is-layout-flex wp-container-core-buttons-is-layout-499968f5 wp-block-buttons-is-layout-flex\"><\/div>\n<\/div>\n<\/div>\n","protected":false},"excerpt":{"rendered":"<p>Coach Agile Le coach agile est garant de la fluidit\u00e9 d&rsquo;ex\u00e9cution des workflows (processus de travail) et de leur am\u00e9lioration continue. Son r\u00f4le est \u00e9galement de guider les \u00e9quipes dans l&rsquo;application des m\u00e9thodes agiles et de les aider \u00e0 atteindre leurs objectifs en mati\u00e8re de d\u00e9veloppement de produits. Les coachs agiles ont chacun leur approche, [&hellip;]<\/p>\n","protected":false},"author":2,"featured_media":0,"parent":0,"menu_order":0,"comment_status":"closed","ping_status":"closed","template":"","meta":{"tdm_status":"","tdm_grid_status":"","footnotes":""},"class_list":["post-1508","page","type-page","status-publish"],"yoast_head":"<!-- This site is optimized with the Yoast SEO plugin v27.4 - https:\/\/yoast.com\/product\/yoast-seo-wordpress\/ -->\n<title>Fiche de poste : Coach Agile - Product Whys - Association loi 1901<\/title>\n<meta name=\"robots\" content=\"index, follow, max-snippet:-1, max-image-preview:large, max-video-preview:-1\" \/>\n<link rel=\"canonical\" href=\"https:\/\/productwhys.org\/index.php\/fiche-de-poste-coach-agile\/\" \/>\n<meta property=\"og:locale\" content=\"fr_FR\" \/>\n<meta property=\"og:type\" content=\"article\" \/>\n<meta property=\"og:title\" content=\"Fiche de poste : Coach Agile - Product Whys - Association loi 1901\" \/>\n<meta property=\"og:description\" content=\"Coach Agile Le coach agile est garant de la fluidit\u00e9 d&rsquo;ex\u00e9cution des workflows (processus de travail) et de leur am\u00e9lioration continue. Son r\u00f4le est \u00e9galement de guider les \u00e9quipes dans l&rsquo;application des m\u00e9thodes agiles et de les aider \u00e0 atteindre leurs objectifs en mati\u00e8re de d\u00e9veloppement de produits. Les coachs agiles ont chacun leur approche, [&hellip;]\" \/>\n<meta property=\"og:url\" content=\"https:\/\/productwhys.org\/index.php\/fiche-de-poste-coach-agile\/\" \/>\n<meta property=\"og:site_name\" content=\"Product Whys - Association loi 1901\" \/>\n<meta property=\"article:modified_time\" content=\"2023-03-24T21:29:29+00:00\" \/>\n<meta name=\"twitter:card\" content=\"summary_large_image\" \/>\n<meta name=\"twitter:label1\" content=\"Dur\u00e9e de lecture estim\u00e9e\" \/>\n\t<meta name=\"twitter:data1\" content=\"2 minutes\" \/>\n<script type=\"application\/ld+json\" class=\"yoast-schema-graph\">{\"@context\":\"https:\\\/\\\/schema.org\",\"@graph\":[{\"@type\":\"WebPage\",\"@id\":\"https:\\\/\\\/productwhys.org\\\/index.php\\\/fiche-de-poste-coach-agile\\\/\",\"url\":\"https:\\\/\\\/productwhys.org\\\/index.php\\\/fiche-de-poste-coach-agile\\\/\",\"name\":\"Fiche de poste : Coach Agile - Product Whys - Association loi 1901\",\"isPartOf\":{\"@id\":\"https:\\\/\\\/productwhys.org\\\/#website\"},\"datePublished\":\"2023-03-24T21:29:28+00:00\",\"dateModified\":\"2023-03-24T21:29:29+00:00\",\"breadcrumb\":{\"@id\":\"https:\\\/\\\/productwhys.org\\\/index.php\\\/fiche-de-poste-coach-agile\\\/#breadcrumb\"},\"inLanguage\":\"fr-FR\",\"potentialAction\":[{\"@type\":\"ReadAction\",\"target\":[\"https:\\\/\\\/productwhys.org\\\/index.php\\\/fiche-de-poste-coach-agile\\\/\"]}]},{\"@type\":\"BreadcrumbList\",\"@id\":\"https:\\\/\\\/productwhys.org\\\/index.php\\\/fiche-de-poste-coach-agile\\\/#breadcrumb\",\"itemListElement\":[{\"@type\":\"ListItem\",\"position\":1,\"name\":\"Accueil\",\"item\":\"https:\\\/\\\/productwhys.org\\\/\"},{\"@type\":\"ListItem\",\"position\":2,\"name\":\"Fiche de poste : Coach Agile\"}]},{\"@type\":\"WebSite\",\"@id\":\"https:\\\/\\\/productwhys.org\\\/#website\",\"url\":\"https:\\\/\\\/productwhys.org\\\/\",\"name\":\"Product Whys - Association loi 1901\",\"description\":\"\",\"publisher\":{\"@id\":\"https:\\\/\\\/productwhys.org\\\/#organization\"},\"potentialAction\":[{\"@type\":\"SearchAction\",\"target\":{\"@type\":\"EntryPoint\",\"urlTemplate\":\"https:\\\/\\\/productwhys.org\\\/?s={search_term_string}\"},\"query-input\":{\"@type\":\"PropertyValueSpecification\",\"valueRequired\":true,\"valueName\":\"search_term_string\"}}],\"inLanguage\":\"fr-FR\"},{\"@type\":\"Organization\",\"@id\":\"https:\\\/\\\/productwhys.org\\\/#organization\",\"name\":\"Product Whys - Association loi 1901\",\"url\":\"https:\\\/\\\/productwhys.org\\\/\",\"logo\":{\"@type\":\"ImageObject\",\"inLanguage\":\"fr-FR\",\"@id\":\"https:\\\/\\\/productwhys.org\\\/#\\\/schema\\\/logo\\\/image\\\/\",\"url\":\"https:\\\/\\\/i0.wp.com\\\/productwhys.org\\\/wp-content\\\/uploads\\\/2022\\\/08\\\/cropped-logov2-site.png?fit=212%2C97&ssl=1\",\"contentUrl\":\"https:\\\/\\\/i0.wp.com\\\/productwhys.org\\\/wp-content\\\/uploads\\\/2022\\\/08\\\/cropped-logov2-site.png?fit=212%2C97&ssl=1\",\"width\":212,\"height\":97,\"caption\":\"Product Whys - Association loi 1901\"},\"image\":{\"@id\":\"https:\\\/\\\/productwhys.org\\\/#\\\/schema\\\/logo\\\/image\\\/\"}}]}<\/script>\n<!-- \/ Yoast SEO plugin. -->","yoast_head_json":{"title":"Fiche de poste : Coach Agile - Product Whys - Association loi 1901","robots":{"index":"index","follow":"follow","max-snippet":"max-snippet:-1","max-image-preview":"max-image-preview:large","max-video-preview":"max-video-preview:-1"},"canonical":"https:\/\/productwhys.org\/index.php\/fiche-de-poste-coach-agile\/","og_locale":"fr_FR","og_type":"article","og_title":"Fiche de poste : Coach Agile - Product Whys - Association loi 1901","og_description":"Coach Agile Le coach agile est garant de la fluidit\u00e9 d&rsquo;ex\u00e9cution des workflows (processus de travail) et de leur am\u00e9lioration continue. Son r\u00f4le est \u00e9galement de guider les \u00e9quipes dans l&rsquo;application des m\u00e9thodes agiles et de les aider \u00e0 atteindre leurs objectifs en mati\u00e8re de d\u00e9veloppement de produits. Les coachs agiles ont chacun leur approche, [&hellip;]","og_url":"https:\/\/productwhys.org\/index.php\/fiche-de-poste-coach-agile\/","og_site_name":"Product Whys - Association loi 1901","article_modified_time":"2023-03-24T21:29:29+00:00","twitter_card":"summary_large_image","twitter_misc":{"Dur\u00e9e de lecture estim\u00e9e":"2 minutes"},"schema":{"@context":"https:\/\/schema.org","@graph":[{"@type":"WebPage","@id":"https:\/\/productwhys.org\/index.php\/fiche-de-poste-coach-agile\/","url":"https:\/\/productwhys.org\/index.php\/fiche-de-poste-coach-agile\/","name":"Fiche de poste : Coach Agile - Product Whys - Association loi 1901","isPartOf":{"@id":"https:\/\/productwhys.org\/#website"},"datePublished":"2023-03-24T21:29:28+00:00","dateModified":"2023-03-24T21:29:29+00:00","breadcrumb":{"@id":"https:\/\/productwhys.org\/index.php\/fiche-de-poste-coach-agile\/#breadcrumb"},"inLanguage":"fr-FR","potentialAction":[{"@type":"ReadAction","target":["https:\/\/productwhys.org\/index.php\/fiche-de-poste-coach-agile\/"]}]},{"@type":"BreadcrumbList","@id":"https:\/\/productwhys.org\/index.php\/fiche-de-poste-coach-agile\/#breadcrumb","itemListElement":[{"@type":"ListItem","position":1,"name":"Accueil","item":"https:\/\/productwhys.org\/"},{"@type":"ListItem","position":2,"name":"Fiche de poste : Coach Agile"}]},{"@type":"WebSite","@id":"https:\/\/productwhys.org\/#website","url":"https:\/\/productwhys.org\/","name":"Product Whys - Association loi 1901","description":"","publisher":{"@id":"https:\/\/productwhys.org\/#organization"},"potentialAction":[{"@type":"SearchAction","target":{"@type":"EntryPoint","urlTemplate":"https:\/\/productwhys.org\/?s={search_term_string}"},"query-input":{"@type":"PropertyValueSpecification","valueRequired":true,"valueName":"search_term_string"}}],"inLanguage":"fr-FR"},{"@type":"Organization","@id":"https:\/\/productwhys.org\/#organization","name":"Product Whys - Association loi 1901","url":"https:\/\/productwhys.org\/","logo":{"@type":"ImageObject","inLanguage":"fr-FR","@id":"https:\/\/productwhys.org\/#\/schema\/logo\/image\/","url":"https:\/\/i0.wp.com\/productwhys.org\/wp-content\/uploads\/2022\/08\/cropped-logov2-site.png?fit=212%2C97&ssl=1","contentUrl":"https:\/\/i0.wp.com\/productwhys.org\/wp-content\/uploads\/2022\/08\/cropped-logov2-site.png?fit=212%2C97&ssl=1","width":212,"height":97,"caption":"Product Whys - Association loi 1901"},"image":{"@id":"https:\/\/productwhys.org\/#\/schema\/logo\/image\/"}}]}},"jetpack_sharing_enabled":true,"_links":{"self":[{"href":"https:\/\/productwhys.org\/index.php\/wp-json\/wp\/v2\/pages\/1508","targetHints":{"allow":["GET"]}}],"collection":[{"href":"https:\/\/productwhys.org\/index.php\/wp-json\/wp\/v2\/pages"}],"about":[{"href":"https:\/\/productwhys.org\/index.php\/wp-json\/wp\/v2\/types\/page"}],"author":[{"embeddable":true,"href":"https:\/\/productwhys.org\/index.php\/wp-json\/wp\/v2\/users\/2"}],"replies":[{"embeddable":true,"href":"https:\/\/productwhys.org\/index.php\/wp-json\/wp\/v2\/comments?post=1508"}],"version-history":[{"count":1,"href":"https:\/\/productwhys.org\/index.php\/wp-json\/wp\/v2\/pages\/1508\/revisions"}],"predecessor-version":[{"id":1509,"href":"https:\/\/productwhys.org\/index.php\/wp-json\/wp\/v2\/pages\/1508\/revisions\/1509"}],"wp:attachment":[{"href":"https:\/\/productwhys.org\/index.php\/wp-json\/wp\/v2\/media?parent=1508"}],"curies":[{"name":"wp","href":"https:\/\/api.w.org\/{rel}","templated":true}]}}