{"id":1510,"date":"2023-03-24T22:30:39","date_gmt":"2023-03-24T21:30:39","guid":{"rendered":"https:\/\/productwhys.org\/?page_id=1510"},"modified":"2023-03-24T22:30:41","modified_gmt":"2023-03-24T21:30:41","slug":"fiche-de-poste-customer-success-manager","status":"publish","type":"page","link":"https:\/\/productwhys.org\/index.php\/fiche-de-poste-customer-success-manager\/","title":{"rendered":"Fiche de poste : Customer Success Manager"},"content":{"rendered":"\n<div class=\"wp-block-columns is-layout-flex wp-container-core-columns-is-layout-9d6595d7 wp-block-columns-is-layout-flex\">\n<div class=\"wp-block-column has-blush-light-purple-gradient-background has-text-color has-background has-link-color wp-elements-5127ae55810ab5a5a098bc0b28ad6505 is-layout-flow wp-block-column-is-layout-flow\" style=\"color:#000000;padding-top:2em;padding-right:2em;padding-bottom:2em;padding-left:2em\">\n<h2 class=\"wp-block-heading\" id=\"single\" style=\"font-size:40px\"><strong>Customer Success Manager<\/strong><\/h2>\n\n\n\n<p><strong>Le r\u00f4le du Customer Success Manager (CSM) en Product Management est de s&rsquo;assurer que les clients sont satisfaits du produit ou service qu&rsquo;ils ont achet\u00e9 et de maximiser leur exp\u00e9rience utilisateur.<\/strong> <strong>Dans certaines entreprises tr\u00e8s technologiques, le Customer Success Manager est appel\u00e9 Technical Account Manager (TAM).<\/strong><\/p>\n\n\n\n<hr class=\"wp-block-separator has-text-color has-css-opacity has-background is-style-wide\" style=\"background-color:#000000;color:#000000\"\/>\n\n\n\n<p>Voici quelques-unes des responsabilit\u00e9s cl\u00e9s d&rsquo;un CSM :<\/p>\n\n\n\n<ul class=\"wp-block-list\">\n<li>\u00c9tablir une relation de confiance avec les clients : Le CSM est responsable d&rsquo;\u00e9tablir une relation solide avec les clients, en les aidant \u00e0 comprendre comment utiliser le produit, en r\u00e9pondant \u00e0 leurs questions et en leur fournissant des conseils pour maximiser leur utilisation du produit.<\/li>\n\n\n\n<li>Suivre les clients : Le CSM est responsable de suivre les clients pour s&rsquo;assurer qu&rsquo;ils sont satisfaits du produit, en leur offrant un support et une assistance \u00e0 chaque \u00e9tape du parcours client.<\/li>\n\n\n\n<li>Identifier les opportunit\u00e9s d&rsquo;am\u00e9lioration du produit : Le CSM travaille en \u00e9troite collaboration avec l&rsquo;\u00e9quipe de Product Management pour identifier les points d&rsquo;am\u00e9lioration du produit, en utilisant les commentaires et les retours des clients pour am\u00e9liorer la qualit\u00e9 du produit.<\/li>\n\n\n\n<li>Pr\u00e9parer des rapports sur la satisfaction des clients : Le CSM est responsable de pr\u00e9parer des rapports r\u00e9guliers sur la satisfaction des clients, en utilisant des outils d&rsquo;analyse et des indicateurs cl\u00e9s de performance pour mesurer l&rsquo;efficacit\u00e9 des initiatives de Customer Success.<\/li>\n\n\n\n<li>G\u00e9rer les escalades : Si un client rencontre des difficult\u00e9s, le CSM est responsable de g\u00e9rer les escalades en coordonnant les efforts de l&rsquo;\u00e9quipe de support pour r\u00e9soudre les probl\u00e8mes.<\/li>\n\n\n\n<li>Former les clients : Le CSM est responsable de former les clients sur les nouvelles fonctionnalit\u00e9s et les mises \u00e0 jour du produit, en les aidant \u00e0 comprendre comment ces changements peuvent \u00eatre b\u00e9n\u00e9fiques pour leur entreprise.<\/li>\n\n\n\n<li>Fid\u00e9liser les clients : En travaillant pour satisfaire les besoins des clients, le CSM contribue \u00e0 la fid\u00e9lisation des clients, en les aidant \u00e0 comprendre la valeur du produit et en renfor\u00e7ant la relation de confiance avec eux.<\/li>\n<\/ul>\n\n\n\n<div class=\"wp-block-buttons alignfull is-horizontal is-content-justification-center is-layout-flex wp-container-core-buttons-is-layout-499968f5 wp-block-buttons-is-layout-flex\"><\/div>\n<\/div>\n<\/div>\n","protected":false},"excerpt":{"rendered":"<p>Customer Success Manager Le r\u00f4le du Customer Success Manager (CSM) en Product Management est de s&rsquo;assurer que les clients sont satisfaits du produit ou service qu&rsquo;ils ont achet\u00e9 et de maximiser leur exp\u00e9rience utilisateur. Dans certaines entreprises tr\u00e8s technologiques, le Customer Success Manager est appel\u00e9 Technical Account Manager (TAM). Voici quelques-unes des responsabilit\u00e9s cl\u00e9s d&rsquo;un [&hellip;]<\/p>\n","protected":false},"author":2,"featured_media":0,"parent":0,"menu_order":0,"comment_status":"closed","ping_status":"closed","template":"","meta":{"tdm_status":"","tdm_grid_status":"","footnotes":""},"class_list":["post-1510","page","type-page","status-publish"],"yoast_head":"<!-- This site is optimized with the Yoast SEO plugin v27.4 - https:\/\/yoast.com\/product\/yoast-seo-wordpress\/ -->\n<title>Fiche de poste : Customer Success Manager - Product Whys - Association loi 1901<\/title>\n<meta name=\"robots\" content=\"index, follow, max-snippet:-1, max-image-preview:large, max-video-preview:-1\" \/>\n<link rel=\"canonical\" href=\"https:\/\/productwhys.org\/index.php\/fiche-de-poste-customer-success-manager\/\" \/>\n<meta property=\"og:locale\" content=\"fr_FR\" \/>\n<meta property=\"og:type\" content=\"article\" \/>\n<meta property=\"og:title\" content=\"Fiche de poste : Customer Success Manager - Product Whys - Association loi 1901\" \/>\n<meta property=\"og:description\" content=\"Customer Success Manager Le r\u00f4le du Customer Success Manager (CSM) en Product Management est de s&rsquo;assurer que les clients sont satisfaits du produit ou service qu&rsquo;ils ont achet\u00e9 et de maximiser leur exp\u00e9rience utilisateur. Dans certaines entreprises tr\u00e8s technologiques, le Customer Success Manager est appel\u00e9 Technical Account Manager (TAM). Voici quelques-unes des responsabilit\u00e9s cl\u00e9s d&rsquo;un [&hellip;]\" \/>\n<meta property=\"og:url\" content=\"https:\/\/productwhys.org\/index.php\/fiche-de-poste-customer-success-manager\/\" \/>\n<meta property=\"og:site_name\" content=\"Product Whys - Association loi 1901\" \/>\n<meta property=\"article:modified_time\" content=\"2023-03-24T21:30:41+00:00\" \/>\n<meta name=\"twitter:card\" content=\"summary_large_image\" \/>\n<meta name=\"twitter:label1\" content=\"Dur\u00e9e de lecture estim\u00e9e\" \/>\n\t<meta name=\"twitter:data1\" content=\"2 minutes\" \/>\n<script type=\"application\/ld+json\" class=\"yoast-schema-graph\">{\"@context\":\"https:\\\/\\\/schema.org\",\"@graph\":[{\"@type\":\"WebPage\",\"@id\":\"https:\\\/\\\/productwhys.org\\\/index.php\\\/fiche-de-poste-customer-success-manager\\\/\",\"url\":\"https:\\\/\\\/productwhys.org\\\/index.php\\\/fiche-de-poste-customer-success-manager\\\/\",\"name\":\"Fiche de poste : Customer Success Manager - Product Whys - Association loi 1901\",\"isPartOf\":{\"@id\":\"https:\\\/\\\/productwhys.org\\\/#website\"},\"datePublished\":\"2023-03-24T21:30:39+00:00\",\"dateModified\":\"2023-03-24T21:30:41+00:00\",\"breadcrumb\":{\"@id\":\"https:\\\/\\\/productwhys.org\\\/index.php\\\/fiche-de-poste-customer-success-manager\\\/#breadcrumb\"},\"inLanguage\":\"fr-FR\",\"potentialAction\":[{\"@type\":\"ReadAction\",\"target\":[\"https:\\\/\\\/productwhys.org\\\/index.php\\\/fiche-de-poste-customer-success-manager\\\/\"]}]},{\"@type\":\"BreadcrumbList\",\"@id\":\"https:\\\/\\\/productwhys.org\\\/index.php\\\/fiche-de-poste-customer-success-manager\\\/#breadcrumb\",\"itemListElement\":[{\"@type\":\"ListItem\",\"position\":1,\"name\":\"Accueil\",\"item\":\"https:\\\/\\\/productwhys.org\\\/\"},{\"@type\":\"ListItem\",\"position\":2,\"name\":\"Fiche de poste : Customer Success Manager\"}]},{\"@type\":\"WebSite\",\"@id\":\"https:\\\/\\\/productwhys.org\\\/#website\",\"url\":\"https:\\\/\\\/productwhys.org\\\/\",\"name\":\"Product Whys - Association loi 1901\",\"description\":\"\",\"publisher\":{\"@id\":\"https:\\\/\\\/productwhys.org\\\/#organization\"},\"potentialAction\":[{\"@type\":\"SearchAction\",\"target\":{\"@type\":\"EntryPoint\",\"urlTemplate\":\"https:\\\/\\\/productwhys.org\\\/?s={search_term_string}\"},\"query-input\":{\"@type\":\"PropertyValueSpecification\",\"valueRequired\":true,\"valueName\":\"search_term_string\"}}],\"inLanguage\":\"fr-FR\"},{\"@type\":\"Organization\",\"@id\":\"https:\\\/\\\/productwhys.org\\\/#organization\",\"name\":\"Product Whys - Association loi 1901\",\"url\":\"https:\\\/\\\/productwhys.org\\\/\",\"logo\":{\"@type\":\"ImageObject\",\"inLanguage\":\"fr-FR\",\"@id\":\"https:\\\/\\\/productwhys.org\\\/#\\\/schema\\\/logo\\\/image\\\/\",\"url\":\"https:\\\/\\\/i0.wp.com\\\/productwhys.org\\\/wp-content\\\/uploads\\\/2022\\\/08\\\/cropped-logov2-site.png?fit=212%2C97&ssl=1\",\"contentUrl\":\"https:\\\/\\\/i0.wp.com\\\/productwhys.org\\\/wp-content\\\/uploads\\\/2022\\\/08\\\/cropped-logov2-site.png?fit=212%2C97&ssl=1\",\"width\":212,\"height\":97,\"caption\":\"Product Whys - Association loi 1901\"},\"image\":{\"@id\":\"https:\\\/\\\/productwhys.org\\\/#\\\/schema\\\/logo\\\/image\\\/\"}}]}<\/script>\n<!-- \/ Yoast SEO plugin. -->","yoast_head_json":{"title":"Fiche de poste : Customer Success Manager - Product Whys - Association loi 1901","robots":{"index":"index","follow":"follow","max-snippet":"max-snippet:-1","max-image-preview":"max-image-preview:large","max-video-preview":"max-video-preview:-1"},"canonical":"https:\/\/productwhys.org\/index.php\/fiche-de-poste-customer-success-manager\/","og_locale":"fr_FR","og_type":"article","og_title":"Fiche de poste : Customer Success Manager - Product Whys - Association loi 1901","og_description":"Customer Success Manager Le r\u00f4le du Customer Success Manager (CSM) en Product Management est de s&rsquo;assurer que les clients sont satisfaits du produit ou service qu&rsquo;ils ont achet\u00e9 et de maximiser leur exp\u00e9rience utilisateur. Dans certaines entreprises tr\u00e8s technologiques, le Customer Success Manager est appel\u00e9 Technical Account Manager (TAM). Voici quelques-unes des responsabilit\u00e9s cl\u00e9s d&rsquo;un [&hellip;]","og_url":"https:\/\/productwhys.org\/index.php\/fiche-de-poste-customer-success-manager\/","og_site_name":"Product Whys - Association loi 1901","article_modified_time":"2023-03-24T21:30:41+00:00","twitter_card":"summary_large_image","twitter_misc":{"Dur\u00e9e de lecture estim\u00e9e":"2 minutes"},"schema":{"@context":"https:\/\/schema.org","@graph":[{"@type":"WebPage","@id":"https:\/\/productwhys.org\/index.php\/fiche-de-poste-customer-success-manager\/","url":"https:\/\/productwhys.org\/index.php\/fiche-de-poste-customer-success-manager\/","name":"Fiche de poste : Customer Success Manager - Product Whys - Association loi 1901","isPartOf":{"@id":"https:\/\/productwhys.org\/#website"},"datePublished":"2023-03-24T21:30:39+00:00","dateModified":"2023-03-24T21:30:41+00:00","breadcrumb":{"@id":"https:\/\/productwhys.org\/index.php\/fiche-de-poste-customer-success-manager\/#breadcrumb"},"inLanguage":"fr-FR","potentialAction":[{"@type":"ReadAction","target":["https:\/\/productwhys.org\/index.php\/fiche-de-poste-customer-success-manager\/"]}]},{"@type":"BreadcrumbList","@id":"https:\/\/productwhys.org\/index.php\/fiche-de-poste-customer-success-manager\/#breadcrumb","itemListElement":[{"@type":"ListItem","position":1,"name":"Accueil","item":"https:\/\/productwhys.org\/"},{"@type":"ListItem","position":2,"name":"Fiche de poste : Customer Success Manager"}]},{"@type":"WebSite","@id":"https:\/\/productwhys.org\/#website","url":"https:\/\/productwhys.org\/","name":"Product Whys - Association loi 1901","description":"","publisher":{"@id":"https:\/\/productwhys.org\/#organization"},"potentialAction":[{"@type":"SearchAction","target":{"@type":"EntryPoint","urlTemplate":"https:\/\/productwhys.org\/?s={search_term_string}"},"query-input":{"@type":"PropertyValueSpecification","valueRequired":true,"valueName":"search_term_string"}}],"inLanguage":"fr-FR"},{"@type":"Organization","@id":"https:\/\/productwhys.org\/#organization","name":"Product Whys - Association loi 1901","url":"https:\/\/productwhys.org\/","logo":{"@type":"ImageObject","inLanguage":"fr-FR","@id":"https:\/\/productwhys.org\/#\/schema\/logo\/image\/","url":"https:\/\/i0.wp.com\/productwhys.org\/wp-content\/uploads\/2022\/08\/cropped-logov2-site.png?fit=212%2C97&ssl=1","contentUrl":"https:\/\/i0.wp.com\/productwhys.org\/wp-content\/uploads\/2022\/08\/cropped-logov2-site.png?fit=212%2C97&ssl=1","width":212,"height":97,"caption":"Product Whys - Association loi 1901"},"image":{"@id":"https:\/\/productwhys.org\/#\/schema\/logo\/image\/"}}]}},"jetpack_sharing_enabled":true,"_links":{"self":[{"href":"https:\/\/productwhys.org\/index.php\/wp-json\/wp\/v2\/pages\/1510","targetHints":{"allow":["GET"]}}],"collection":[{"href":"https:\/\/productwhys.org\/index.php\/wp-json\/wp\/v2\/pages"}],"about":[{"href":"https:\/\/productwhys.org\/index.php\/wp-json\/wp\/v2\/types\/page"}],"author":[{"embeddable":true,"href":"https:\/\/productwhys.org\/index.php\/wp-json\/wp\/v2\/users\/2"}],"replies":[{"embeddable":true,"href":"https:\/\/productwhys.org\/index.php\/wp-json\/wp\/v2\/comments?post=1510"}],"version-history":[{"count":1,"href":"https:\/\/productwhys.org\/index.php\/wp-json\/wp\/v2\/pages\/1510\/revisions"}],"predecessor-version":[{"id":1511,"href":"https:\/\/productwhys.org\/index.php\/wp-json\/wp\/v2\/pages\/1510\/revisions\/1511"}],"wp:attachment":[{"href":"https:\/\/productwhys.org\/index.php\/wp-json\/wp\/v2\/media?parent=1510"}],"curies":[{"name":"wp","href":"https:\/\/api.w.org\/{rel}","templated":true}]}}