{"id":1520,"date":"2023-03-24T22:36:10","date_gmt":"2023-03-24T21:36:10","guid":{"rendered":"https:\/\/productwhys.org\/?page_id=1520"},"modified":"2023-03-24T22:36:11","modified_gmt":"2023-03-24T21:36:11","slug":"fiche-de-poste-subject-matter-expert","status":"publish","type":"page","link":"https:\/\/productwhys.org\/index.php\/fiche-de-poste-subject-matter-expert\/","title":{"rendered":"Fiche de poste : Subject Matter Expert"},"content":{"rendered":"\n<div class=\"wp-block-columns is-layout-flex wp-container-core-columns-is-layout-9d6595d7 wp-block-columns-is-layout-flex\">\n<div class=\"wp-block-column has-text-color has-background has-link-color wp-elements-9d1d3350f1e70ab0eb6cbeb9e1669c9c is-layout-flow wp-block-column-is-layout-flow\" style=\"color:#000000;background-color:#deb85096;padding-top:2em;padding-right:2em;padding-bottom:2em;padding-left:2em\">\n<h2 class=\"wp-block-heading\" id=\"single\" style=\"font-size:40px\"><strong>Subject Matter Expert (SME)<\/strong><\/h2>\n\n\n\n<p><strong>Un Subject Matter Expert (SME) est un expert dans un domaine sp\u00e9cifique qui est appel\u00e9 \u00e0 contribuer \u00e0 la d\u00e9finition des produits et \u00e0 leur d\u00e9veloppement.<\/strong><\/p>\n\n\n\n<hr class=\"wp-block-separator has-text-color has-css-opacity has-background is-style-wide\" style=\"background-color:#000000;color:#000000\"\/>\n\n\n\n<p>Le r\u00f4le d&rsquo;un SME varie en fonction de l&rsquo;entreprise et du produit, mais en g\u00e9n\u00e9ral, il est appel\u00e9 dans les cas suivants :<\/p>\n\n\n\n<ul class=\"wp-block-list\">\n<li>D\u00e9finition des exigences du produit : Le SME est souvent appel\u00e9 \u00e0 travailler avec l&rsquo;\u00e9quipe de Product Management pour d\u00e9finir les exigences du produit. \u00c9tant donn\u00e9 que le SME poss\u00e8de une connaissance approfondie du domaine en question, il peut fournir des informations cl\u00e9s pour d\u00e9terminer les fonctionnalit\u00e9s et les capacit\u00e9s n\u00e9cessaires pour r\u00e9pondre aux besoins des utilisateurs.<\/li>\n\n\n\n<li>Validation de l&rsquo;id\u00e9e du produit : Avant de lancer un nouveau produit, l&rsquo;\u00e9quipe de Product Management peut souhaiter valider l&rsquo;id\u00e9e aupr\u00e8s d&rsquo;un SME. Le SME peut fournir une analyse approfondie du march\u00e9 et des concurrents, aider \u00e0 identifier les opportunit\u00e9s et les risques potentiels, et offrir des commentaires constructifs sur la viabilit\u00e9 de l&rsquo;id\u00e9e.<\/li>\n\n\n\n<li>Formation de l&rsquo;\u00e9quipe : Le SME peut \u00eatre appel\u00e9 \u00e0 former les membres de l&rsquo;\u00e9quipe de d\u00e9veloppement de produit sur les technologies et les pratiques sp\u00e9cifiques \u00e0 son domaine d&rsquo;expertise. Cela peut inclure la formation sur les meilleures pratiques de d\u00e9veloppement de logiciels, la s\u00e9curit\u00e9 des donn\u00e9es, ou des connaissances sp\u00e9cifiques sur les tendances du march\u00e9.<\/li>\n\n\n\n<li>Support aux ventes et au marketing : En tant qu&rsquo;expert dans son domaine, le SME peut aider l&rsquo;\u00e9quipe de vente et de marketing \u00e0 comprendre les sp\u00e9cificit\u00e9s techniques du produit, la proposition de valeur, et les diff\u00e9renciateurs cl\u00e9s par rapport \u00e0 la concurrence. Cela peut inclure la cr\u00e9ation de supports de formation pour les repr\u00e9sentants commerciaux et les clients.<\/li>\n\n\n\n<li>Tests et validation de qualit\u00e9 : Le SME peut \u00eatre appel\u00e9 \u00e0 aider l&rsquo;\u00e9quipe de qualit\u00e9 \u00e0 tester et valider le produit avant son lancement. En utilisant ses connaissances sp\u00e9cialis\u00e9es, le SME peut identifier les probl\u00e8mes potentiels et les bugs avant qu&rsquo;ils ne deviennent un probl\u00e8me pour les utilisateurs finaux.<\/li>\n<\/ul>\n\n\n\n<p>Ainsi, le SME peut agir sur tous les blocs d\u00e9finis pr\u00e9c\u00e9demment en fonction de sa sp\u00e9cialit\u00e9, raison pour laquelle il est repr\u00e9sent\u00e9 par un cercle dans la cartographie.<\/p>\n\n\n\n<div class=\"wp-block-buttons alignfull is-horizontal is-content-justification-center is-layout-flex wp-container-core-buttons-is-layout-499968f5 wp-block-buttons-is-layout-flex\"><\/div>\n<\/div>\n<\/div>\n","protected":false},"excerpt":{"rendered":"<p>Subject Matter Expert (SME) Un Subject Matter Expert (SME) est un expert dans un domaine sp\u00e9cifique qui est appel\u00e9 \u00e0 contribuer \u00e0 la d\u00e9finition des produits et \u00e0 leur d\u00e9veloppement. Le r\u00f4le d&rsquo;un SME varie en fonction de l&rsquo;entreprise et du produit, mais en g\u00e9n\u00e9ral, il est appel\u00e9 dans les cas suivants : Ainsi, le [&hellip;]<\/p>\n","protected":false},"author":2,"featured_media":0,"parent":0,"menu_order":0,"comment_status":"closed","ping_status":"closed","template":"","meta":{"tdm_status":"","tdm_grid_status":"","footnotes":""},"class_list":["post-1520","page","type-page","status-publish"],"yoast_head":"<!-- This site is optimized with the Yoast SEO plugin v27.4 - https:\/\/yoast.com\/product\/yoast-seo-wordpress\/ -->\n<title>Fiche de poste : Subject Matter Expert - Product Whys - Association loi 1901<\/title>\n<meta name=\"robots\" content=\"index, follow, max-snippet:-1, max-image-preview:large, max-video-preview:-1\" \/>\n<link rel=\"canonical\" href=\"https:\/\/productwhys.org\/index.php\/fiche-de-poste-subject-matter-expert\/\" \/>\n<meta property=\"og:locale\" content=\"fr_FR\" \/>\n<meta property=\"og:type\" content=\"article\" \/>\n<meta property=\"og:title\" content=\"Fiche de poste : Subject Matter Expert - Product Whys - Association loi 1901\" \/>\n<meta property=\"og:description\" content=\"Subject Matter Expert (SME) Un Subject Matter Expert (SME) est un expert dans un domaine sp\u00e9cifique qui est appel\u00e9 \u00e0 contribuer \u00e0 la d\u00e9finition des produits et \u00e0 leur d\u00e9veloppement. Le r\u00f4le d&rsquo;un SME varie en fonction de l&rsquo;entreprise et du produit, mais en g\u00e9n\u00e9ral, il est appel\u00e9 dans les cas suivants : Ainsi, le [&hellip;]\" \/>\n<meta property=\"og:url\" content=\"https:\/\/productwhys.org\/index.php\/fiche-de-poste-subject-matter-expert\/\" \/>\n<meta property=\"og:site_name\" content=\"Product Whys - Association loi 1901\" \/>\n<meta property=\"article:modified_time\" content=\"2023-03-24T21:36:11+00:00\" \/>\n<meta name=\"twitter:card\" content=\"summary_large_image\" \/>\n<meta name=\"twitter:label1\" content=\"Dur\u00e9e de lecture estim\u00e9e\" \/>\n\t<meta name=\"twitter:data1\" content=\"2 minutes\" \/>\n<script type=\"application\/ld+json\" class=\"yoast-schema-graph\">{\"@context\":\"https:\\\/\\\/schema.org\",\"@graph\":[{\"@type\":\"WebPage\",\"@id\":\"https:\\\/\\\/productwhys.org\\\/index.php\\\/fiche-de-poste-subject-matter-expert\\\/\",\"url\":\"https:\\\/\\\/productwhys.org\\\/index.php\\\/fiche-de-poste-subject-matter-expert\\\/\",\"name\":\"Fiche de poste : Subject Matter Expert - Product Whys - Association loi 1901\",\"isPartOf\":{\"@id\":\"https:\\\/\\\/productwhys.org\\\/#website\"},\"datePublished\":\"2023-03-24T21:36:10+00:00\",\"dateModified\":\"2023-03-24T21:36:11+00:00\",\"breadcrumb\":{\"@id\":\"https:\\\/\\\/productwhys.org\\\/index.php\\\/fiche-de-poste-subject-matter-expert\\\/#breadcrumb\"},\"inLanguage\":\"fr-FR\",\"potentialAction\":[{\"@type\":\"ReadAction\",\"target\":[\"https:\\\/\\\/productwhys.org\\\/index.php\\\/fiche-de-poste-subject-matter-expert\\\/\"]}]},{\"@type\":\"BreadcrumbList\",\"@id\":\"https:\\\/\\\/productwhys.org\\\/index.php\\\/fiche-de-poste-subject-matter-expert\\\/#breadcrumb\",\"itemListElement\":[{\"@type\":\"ListItem\",\"position\":1,\"name\":\"Accueil\",\"item\":\"https:\\\/\\\/productwhys.org\\\/\"},{\"@type\":\"ListItem\",\"position\":2,\"name\":\"Fiche de poste : Subject Matter Expert\"}]},{\"@type\":\"WebSite\",\"@id\":\"https:\\\/\\\/productwhys.org\\\/#website\",\"url\":\"https:\\\/\\\/productwhys.org\\\/\",\"name\":\"Product Whys - Association loi 1901\",\"description\":\"\",\"publisher\":{\"@id\":\"https:\\\/\\\/productwhys.org\\\/#organization\"},\"potentialAction\":[{\"@type\":\"SearchAction\",\"target\":{\"@type\":\"EntryPoint\",\"urlTemplate\":\"https:\\\/\\\/productwhys.org\\\/?s={search_term_string}\"},\"query-input\":{\"@type\":\"PropertyValueSpecification\",\"valueRequired\":true,\"valueName\":\"search_term_string\"}}],\"inLanguage\":\"fr-FR\"},{\"@type\":\"Organization\",\"@id\":\"https:\\\/\\\/productwhys.org\\\/#organization\",\"name\":\"Product Whys - Association loi 1901\",\"url\":\"https:\\\/\\\/productwhys.org\\\/\",\"logo\":{\"@type\":\"ImageObject\",\"inLanguage\":\"fr-FR\",\"@id\":\"https:\\\/\\\/productwhys.org\\\/#\\\/schema\\\/logo\\\/image\\\/\",\"url\":\"https:\\\/\\\/i0.wp.com\\\/productwhys.org\\\/wp-content\\\/uploads\\\/2022\\\/08\\\/cropped-logov2-site.png?fit=212%2C97&ssl=1\",\"contentUrl\":\"https:\\\/\\\/i0.wp.com\\\/productwhys.org\\\/wp-content\\\/uploads\\\/2022\\\/08\\\/cropped-logov2-site.png?fit=212%2C97&ssl=1\",\"width\":212,\"height\":97,\"caption\":\"Product Whys - Association loi 1901\"},\"image\":{\"@id\":\"https:\\\/\\\/productwhys.org\\\/#\\\/schema\\\/logo\\\/image\\\/\"}}]}<\/script>\n<!-- \/ Yoast SEO plugin. -->","yoast_head_json":{"title":"Fiche de poste : Subject Matter Expert - Product Whys - Association loi 1901","robots":{"index":"index","follow":"follow","max-snippet":"max-snippet:-1","max-image-preview":"max-image-preview:large","max-video-preview":"max-video-preview:-1"},"canonical":"https:\/\/productwhys.org\/index.php\/fiche-de-poste-subject-matter-expert\/","og_locale":"fr_FR","og_type":"article","og_title":"Fiche de poste : Subject Matter Expert - Product Whys - Association loi 1901","og_description":"Subject Matter Expert (SME) Un Subject Matter Expert (SME) est un expert dans un domaine sp\u00e9cifique qui est appel\u00e9 \u00e0 contribuer \u00e0 la d\u00e9finition des produits et \u00e0 leur d\u00e9veloppement. Le r\u00f4le d&rsquo;un SME varie en fonction de l&rsquo;entreprise et du produit, mais en g\u00e9n\u00e9ral, il est appel\u00e9 dans les cas suivants : Ainsi, le [&hellip;]","og_url":"https:\/\/productwhys.org\/index.php\/fiche-de-poste-subject-matter-expert\/","og_site_name":"Product Whys - Association loi 1901","article_modified_time":"2023-03-24T21:36:11+00:00","twitter_card":"summary_large_image","twitter_misc":{"Dur\u00e9e de lecture estim\u00e9e":"2 minutes"},"schema":{"@context":"https:\/\/schema.org","@graph":[{"@type":"WebPage","@id":"https:\/\/productwhys.org\/index.php\/fiche-de-poste-subject-matter-expert\/","url":"https:\/\/productwhys.org\/index.php\/fiche-de-poste-subject-matter-expert\/","name":"Fiche de poste : Subject Matter Expert - Product Whys - Association loi 1901","isPartOf":{"@id":"https:\/\/productwhys.org\/#website"},"datePublished":"2023-03-24T21:36:10+00:00","dateModified":"2023-03-24T21:36:11+00:00","breadcrumb":{"@id":"https:\/\/productwhys.org\/index.php\/fiche-de-poste-subject-matter-expert\/#breadcrumb"},"inLanguage":"fr-FR","potentialAction":[{"@type":"ReadAction","target":["https:\/\/productwhys.org\/index.php\/fiche-de-poste-subject-matter-expert\/"]}]},{"@type":"BreadcrumbList","@id":"https:\/\/productwhys.org\/index.php\/fiche-de-poste-subject-matter-expert\/#breadcrumb","itemListElement":[{"@type":"ListItem","position":1,"name":"Accueil","item":"https:\/\/productwhys.org\/"},{"@type":"ListItem","position":2,"name":"Fiche de poste : Subject Matter Expert"}]},{"@type":"WebSite","@id":"https:\/\/productwhys.org\/#website","url":"https:\/\/productwhys.org\/","name":"Product Whys - Association loi 1901","description":"","publisher":{"@id":"https:\/\/productwhys.org\/#organization"},"potentialAction":[{"@type":"SearchAction","target":{"@type":"EntryPoint","urlTemplate":"https:\/\/productwhys.org\/?s={search_term_string}"},"query-input":{"@type":"PropertyValueSpecification","valueRequired":true,"valueName":"search_term_string"}}],"inLanguage":"fr-FR"},{"@type":"Organization","@id":"https:\/\/productwhys.org\/#organization","name":"Product Whys - Association loi 1901","url":"https:\/\/productwhys.org\/","logo":{"@type":"ImageObject","inLanguage":"fr-FR","@id":"https:\/\/productwhys.org\/#\/schema\/logo\/image\/","url":"https:\/\/i0.wp.com\/productwhys.org\/wp-content\/uploads\/2022\/08\/cropped-logov2-site.png?fit=212%2C97&ssl=1","contentUrl":"https:\/\/i0.wp.com\/productwhys.org\/wp-content\/uploads\/2022\/08\/cropped-logov2-site.png?fit=212%2C97&ssl=1","width":212,"height":97,"caption":"Product Whys - Association loi 1901"},"image":{"@id":"https:\/\/productwhys.org\/#\/schema\/logo\/image\/"}}]}},"jetpack_sharing_enabled":true,"_links":{"self":[{"href":"https:\/\/productwhys.org\/index.php\/wp-json\/wp\/v2\/pages\/1520","targetHints":{"allow":["GET"]}}],"collection":[{"href":"https:\/\/productwhys.org\/index.php\/wp-json\/wp\/v2\/pages"}],"about":[{"href":"https:\/\/productwhys.org\/index.php\/wp-json\/wp\/v2\/types\/page"}],"author":[{"embeddable":true,"href":"https:\/\/productwhys.org\/index.php\/wp-json\/wp\/v2\/users\/2"}],"replies":[{"embeddable":true,"href":"https:\/\/productwhys.org\/index.php\/wp-json\/wp\/v2\/comments?post=1520"}],"version-history":[{"count":1,"href":"https:\/\/productwhys.org\/index.php\/wp-json\/wp\/v2\/pages\/1520\/revisions"}],"predecessor-version":[{"id":1521,"href":"https:\/\/productwhys.org\/index.php\/wp-json\/wp\/v2\/pages\/1520\/revisions\/1521"}],"wp:attachment":[{"href":"https:\/\/productwhys.org\/index.php\/wp-json\/wp\/v2\/media?parent=1520"}],"curies":[{"name":"wp","href":"https:\/\/api.w.org\/{rel}","templated":true}]}}