{"id":1522,"date":"2023-03-24T22:37:24","date_gmt":"2023-03-24T21:37:24","guid":{"rendered":"https:\/\/productwhys.org\/?page_id=1522"},"modified":"2023-03-24T22:38:53","modified_gmt":"2023-03-24T21:38:53","slug":"delivery-manager","status":"publish","type":"page","link":"https:\/\/productwhys.org\/index.php\/delivery-manager\/","title":{"rendered":"Fiche de poste : Delivery Manager"},"content":{"rendered":"\n<div class=\"wp-block-columns is-layout-flex wp-container-core-columns-is-layout-9d6595d7 wp-block-columns-is-layout-flex\">\n<div class=\"wp-block-column has-text-color has-background has-link-color wp-elements-bdfd20ff5ca6a7f9495a5853d40e0577 is-layout-flow wp-block-column-is-layout-flow\" style=\"color:#000000;background-color:#c230bf40;padding-top:2em;padding-right:2em;padding-bottom:2em;padding-left:2em\">\n<h2 class=\"wp-block-heading\" id=\"single\" style=\"font-size:40px\"><strong>Delivery Manager<\/strong><\/h2>\n\n\n\n<p><strong>Le r\u00f4le du Delivery Manager est de g\u00e9rer la mise en \u0153uvre et la livraison des produits d\u00e9velopp\u00e9s par l&rsquo;\u00e9quipe de d\u00e9veloppement. Le Delivery Manager est souvent responsable de la coordination entre les \u00e9quipes de d\u00e9veloppement (\u00e9ventuellement diff\u00e9rentes \u00e9quipes Produit), les \u00e9quipes de conception, les \u00e9quipes de qualit\u00e9, les \u00e9quipes de support et les parties prenantes du produit. <\/strong><\/p>\n\n\n\n<p><strong>La fronti\u00e8re entre le r\u00f4le du Delivery Manager et du Product Owner est tr\u00e8s fine ; elle existe en ce sens que le Delivery Manager coordonne potentiellement plusieurs \u00e9quipes Produit, et est impliqu\u00e9 directement dans les phases de roll-out et d&rsquo;accompagnement des clients et utilisateurs. Ceci le diff\u00e9rencie \u00e9galement du Program Manager.<\/strong><\/p>\n\n\n\n<hr class=\"wp-block-separator has-text-color has-css-opacity has-background is-style-wide\" style=\"background-color:#000000;color:#000000\"\/>\n\n\n\n<p>Voici quelques-uns des cas o\u00f9 le Delivery Manager est appel\u00e9 et les activit\u00e9s qu&rsquo;il r\u00e9alise :<\/p>\n\n\n\n<ul class=\"wp-block-list\">\n<li>Planification et gestion des sprints : Le Delivery Manager est souvent charg\u00e9 de planifier et de g\u00e9rer les sprints de d\u00e9veloppement. Il travaille avec l&rsquo;\u00e9quipe de d\u00e9veloppement pour s&rsquo;assurer que les objectifs de chaque sprint sont clairs et que les d\u00e9lais sont respect\u00e9s.<\/li>\n\n\n\n<li>Gestion de la communication entre les \u00e9quipes : Le Delivery Manager facilite la communication entre les \u00e9quipes de d\u00e9veloppement, les \u00e9quipes de conception, les \u00e9quipes de qualit\u00e9, les \u00e9quipes de support et les parties prenantes du produit. Il s&rsquo;assure que toutes les parties prenantes sont inform\u00e9es de l&rsquo;avancement du d\u00e9veloppement, des probl\u00e8mes et des d\u00e9fis rencontr\u00e9s.<\/li>\n\n\n\n<li>Gestion du budget : Le Delivery Manager est souvent responsable de la gestion du budget allou\u00e9 pour le d\u00e9veloppement et la livraison du produit. Il s&rsquo;assure que les d\u00e9penses sont conformes au budget allou\u00e9 et que les ressources sont utilis\u00e9es de mani\u00e8re efficace.<\/li>\n\n\n\n<li>Gestion des risques : Le Delivery Manager doit \u00eatre en mesure d&rsquo;identifier les risques potentiels li\u00e9s au d\u00e9veloppement et \u00e0 la livraison du produit. Il travaille avec l&rsquo;\u00e9quipe de d\u00e9veloppement pour minimiser ces risques et s&rsquo;assure que des plans d&rsquo;urgence sont en place en cas de probl\u00e8me.<\/li>\n\n\n\n<li>Gestion de la qualit\u00e9 : Le Delivery Manager travaille avec l&rsquo;\u00e9quipe de qualit\u00e9 pour s&rsquo;assurer que le produit d\u00e9velopp\u00e9 est conforme aux normes de qualit\u00e9 d\u00e9finies. Il travaille \u00e9galement \u00e0 l&rsquo;am\u00e9lioration continue de la qualit\u00e9 du produit.<\/li>\n\n\n\n<li>Gestion des livraisons : Le Delivery Manager est responsable de la livraison du produit aux clients. Il travaille avec les \u00e9quipes de support pour s&rsquo;assurer que les clients re\u00e7oivent le produit \u00e0 temps et qu&rsquo;ils disposent de l&rsquo;assistance n\u00e9cessaire pour l&rsquo;utiliser.<\/li>\n<\/ul>\n\n\n\n<div class=\"wp-block-buttons alignfull is-horizontal is-content-justification-center is-layout-flex wp-container-core-buttons-is-layout-499968f5 wp-block-buttons-is-layout-flex\"><\/div>\n<\/div>\n<\/div>\n","protected":false},"excerpt":{"rendered":"<p>Delivery Manager Le r\u00f4le du Delivery Manager est de g\u00e9rer la mise en \u0153uvre et la livraison des produits d\u00e9velopp\u00e9s par l&rsquo;\u00e9quipe de d\u00e9veloppement. Le Delivery Manager est souvent responsable de la coordination entre les \u00e9quipes de d\u00e9veloppement (\u00e9ventuellement diff\u00e9rentes \u00e9quipes Produit), les \u00e9quipes de conception, les \u00e9quipes de qualit\u00e9, les \u00e9quipes de support et [&hellip;]<\/p>\n","protected":false},"author":2,"featured_media":0,"parent":0,"menu_order":0,"comment_status":"closed","ping_status":"closed","template":"","meta":{"tdm_status":"","tdm_grid_status":"","footnotes":""},"class_list":["post-1522","page","type-page","status-publish"],"yoast_head":"<!-- This site is optimized with the Yoast SEO plugin v27.4 - https:\/\/yoast.com\/product\/yoast-seo-wordpress\/ -->\n<title>Fiche de poste : Delivery Manager - Product Whys - Association loi 1901<\/title>\n<meta name=\"robots\" content=\"index, follow, max-snippet:-1, max-image-preview:large, max-video-preview:-1\" \/>\n<link rel=\"canonical\" href=\"https:\/\/productwhys.org\/index.php\/delivery-manager\/\" \/>\n<meta property=\"og:locale\" content=\"fr_FR\" \/>\n<meta property=\"og:type\" content=\"article\" \/>\n<meta property=\"og:title\" content=\"Fiche de poste : Delivery Manager - Product Whys - Association loi 1901\" \/>\n<meta property=\"og:description\" content=\"Delivery Manager Le r\u00f4le du Delivery Manager est de g\u00e9rer la mise en \u0153uvre et la livraison des produits d\u00e9velopp\u00e9s par l&rsquo;\u00e9quipe de d\u00e9veloppement. Le Delivery Manager est souvent responsable de la coordination entre les \u00e9quipes de d\u00e9veloppement (\u00e9ventuellement diff\u00e9rentes \u00e9quipes Produit), les \u00e9quipes de conception, les \u00e9quipes de qualit\u00e9, les \u00e9quipes de support et [&hellip;]\" \/>\n<meta property=\"og:url\" content=\"https:\/\/productwhys.org\/index.php\/delivery-manager\/\" \/>\n<meta property=\"og:site_name\" content=\"Product Whys - Association loi 1901\" \/>\n<meta property=\"article:modified_time\" content=\"2023-03-24T21:38:53+00:00\" \/>\n<meta name=\"twitter:card\" content=\"summary_large_image\" \/>\n<meta name=\"twitter:label1\" content=\"Dur\u00e9e de lecture estim\u00e9e\" \/>\n\t<meta name=\"twitter:data1\" content=\"2 minutes\" \/>\n<script type=\"application\/ld+json\" class=\"yoast-schema-graph\">{\"@context\":\"https:\\\/\\\/schema.org\",\"@graph\":[{\"@type\":\"WebPage\",\"@id\":\"https:\\\/\\\/productwhys.org\\\/index.php\\\/delivery-manager\\\/\",\"url\":\"https:\\\/\\\/productwhys.org\\\/index.php\\\/delivery-manager\\\/\",\"name\":\"Fiche de poste : Delivery Manager - Product Whys - Association loi 1901\",\"isPartOf\":{\"@id\":\"https:\\\/\\\/productwhys.org\\\/#website\"},\"datePublished\":\"2023-03-24T21:37:24+00:00\",\"dateModified\":\"2023-03-24T21:38:53+00:00\",\"breadcrumb\":{\"@id\":\"https:\\\/\\\/productwhys.org\\\/index.php\\\/delivery-manager\\\/#breadcrumb\"},\"inLanguage\":\"fr-FR\",\"potentialAction\":[{\"@type\":\"ReadAction\",\"target\":[\"https:\\\/\\\/productwhys.org\\\/index.php\\\/delivery-manager\\\/\"]}]},{\"@type\":\"BreadcrumbList\",\"@id\":\"https:\\\/\\\/productwhys.org\\\/index.php\\\/delivery-manager\\\/#breadcrumb\",\"itemListElement\":[{\"@type\":\"ListItem\",\"position\":1,\"name\":\"Accueil\",\"item\":\"https:\\\/\\\/productwhys.org\\\/\"},{\"@type\":\"ListItem\",\"position\":2,\"name\":\"Fiche de poste : Delivery Manager\"}]},{\"@type\":\"WebSite\",\"@id\":\"https:\\\/\\\/productwhys.org\\\/#website\",\"url\":\"https:\\\/\\\/productwhys.org\\\/\",\"name\":\"Product Whys - Association loi 1901\",\"description\":\"\",\"publisher\":{\"@id\":\"https:\\\/\\\/productwhys.org\\\/#organization\"},\"potentialAction\":[{\"@type\":\"SearchAction\",\"target\":{\"@type\":\"EntryPoint\",\"urlTemplate\":\"https:\\\/\\\/productwhys.org\\\/?s={search_term_string}\"},\"query-input\":{\"@type\":\"PropertyValueSpecification\",\"valueRequired\":true,\"valueName\":\"search_term_string\"}}],\"inLanguage\":\"fr-FR\"},{\"@type\":\"Organization\",\"@id\":\"https:\\\/\\\/productwhys.org\\\/#organization\",\"name\":\"Product Whys - Association loi 1901\",\"url\":\"https:\\\/\\\/productwhys.org\\\/\",\"logo\":{\"@type\":\"ImageObject\",\"inLanguage\":\"fr-FR\",\"@id\":\"https:\\\/\\\/productwhys.org\\\/#\\\/schema\\\/logo\\\/image\\\/\",\"url\":\"https:\\\/\\\/i0.wp.com\\\/productwhys.org\\\/wp-content\\\/uploads\\\/2022\\\/08\\\/cropped-logov2-site.png?fit=212%2C97&ssl=1\",\"contentUrl\":\"https:\\\/\\\/i0.wp.com\\\/productwhys.org\\\/wp-content\\\/uploads\\\/2022\\\/08\\\/cropped-logov2-site.png?fit=212%2C97&ssl=1\",\"width\":212,\"height\":97,\"caption\":\"Product Whys - Association loi 1901\"},\"image\":{\"@id\":\"https:\\\/\\\/productwhys.org\\\/#\\\/schema\\\/logo\\\/image\\\/\"}}]}<\/script>\n<!-- \/ Yoast SEO plugin. -->","yoast_head_json":{"title":"Fiche de poste : Delivery Manager - Product Whys - Association loi 1901","robots":{"index":"index","follow":"follow","max-snippet":"max-snippet:-1","max-image-preview":"max-image-preview:large","max-video-preview":"max-video-preview:-1"},"canonical":"https:\/\/productwhys.org\/index.php\/delivery-manager\/","og_locale":"fr_FR","og_type":"article","og_title":"Fiche de poste : Delivery Manager - Product Whys - Association loi 1901","og_description":"Delivery Manager Le r\u00f4le du Delivery Manager est de g\u00e9rer la mise en \u0153uvre et la livraison des produits d\u00e9velopp\u00e9s par l&rsquo;\u00e9quipe de d\u00e9veloppement. Le Delivery Manager est souvent responsable de la coordination entre les \u00e9quipes de d\u00e9veloppement (\u00e9ventuellement diff\u00e9rentes \u00e9quipes Produit), les \u00e9quipes de conception, les \u00e9quipes de qualit\u00e9, les \u00e9quipes de support et [&hellip;]","og_url":"https:\/\/productwhys.org\/index.php\/delivery-manager\/","og_site_name":"Product Whys - Association loi 1901","article_modified_time":"2023-03-24T21:38:53+00:00","twitter_card":"summary_large_image","twitter_misc":{"Dur\u00e9e de lecture estim\u00e9e":"2 minutes"},"schema":{"@context":"https:\/\/schema.org","@graph":[{"@type":"WebPage","@id":"https:\/\/productwhys.org\/index.php\/delivery-manager\/","url":"https:\/\/productwhys.org\/index.php\/delivery-manager\/","name":"Fiche de poste : Delivery Manager - Product Whys - Association loi 1901","isPartOf":{"@id":"https:\/\/productwhys.org\/#website"},"datePublished":"2023-03-24T21:37:24+00:00","dateModified":"2023-03-24T21:38:53+00:00","breadcrumb":{"@id":"https:\/\/productwhys.org\/index.php\/delivery-manager\/#breadcrumb"},"inLanguage":"fr-FR","potentialAction":[{"@type":"ReadAction","target":["https:\/\/productwhys.org\/index.php\/delivery-manager\/"]}]},{"@type":"BreadcrumbList","@id":"https:\/\/productwhys.org\/index.php\/delivery-manager\/#breadcrumb","itemListElement":[{"@type":"ListItem","position":1,"name":"Accueil","item":"https:\/\/productwhys.org\/"},{"@type":"ListItem","position":2,"name":"Fiche de poste : Delivery Manager"}]},{"@type":"WebSite","@id":"https:\/\/productwhys.org\/#website","url":"https:\/\/productwhys.org\/","name":"Product Whys - Association loi 1901","description":"","publisher":{"@id":"https:\/\/productwhys.org\/#organization"},"potentialAction":[{"@type":"SearchAction","target":{"@type":"EntryPoint","urlTemplate":"https:\/\/productwhys.org\/?s={search_term_string}"},"query-input":{"@type":"PropertyValueSpecification","valueRequired":true,"valueName":"search_term_string"}}],"inLanguage":"fr-FR"},{"@type":"Organization","@id":"https:\/\/productwhys.org\/#organization","name":"Product Whys - Association loi 1901","url":"https:\/\/productwhys.org\/","logo":{"@type":"ImageObject","inLanguage":"fr-FR","@id":"https:\/\/productwhys.org\/#\/schema\/logo\/image\/","url":"https:\/\/i0.wp.com\/productwhys.org\/wp-content\/uploads\/2022\/08\/cropped-logov2-site.png?fit=212%2C97&ssl=1","contentUrl":"https:\/\/i0.wp.com\/productwhys.org\/wp-content\/uploads\/2022\/08\/cropped-logov2-site.png?fit=212%2C97&ssl=1","width":212,"height":97,"caption":"Product Whys - Association loi 1901"},"image":{"@id":"https:\/\/productwhys.org\/#\/schema\/logo\/image\/"}}]}},"jetpack_sharing_enabled":true,"_links":{"self":[{"href":"https:\/\/productwhys.org\/index.php\/wp-json\/wp\/v2\/pages\/1522","targetHints":{"allow":["GET"]}}],"collection":[{"href":"https:\/\/productwhys.org\/index.php\/wp-json\/wp\/v2\/pages"}],"about":[{"href":"https:\/\/productwhys.org\/index.php\/wp-json\/wp\/v2\/types\/page"}],"author":[{"embeddable":true,"href":"https:\/\/productwhys.org\/index.php\/wp-json\/wp\/v2\/users\/2"}],"replies":[{"embeddable":true,"href":"https:\/\/productwhys.org\/index.php\/wp-json\/wp\/v2\/comments?post=1522"}],"version-history":[{"count":2,"href":"https:\/\/productwhys.org\/index.php\/wp-json\/wp\/v2\/pages\/1522\/revisions"}],"predecessor-version":[{"id":1524,"href":"https:\/\/productwhys.org\/index.php\/wp-json\/wp\/v2\/pages\/1522\/revisions\/1524"}],"wp:attachment":[{"href":"https:\/\/productwhys.org\/index.php\/wp-json\/wp\/v2\/media?parent=1522"}],"curies":[{"name":"wp","href":"https:\/\/api.w.org\/{rel}","templated":true}]}}