{"id":1525,"date":"2023-03-24T22:39:16","date_gmt":"2023-03-24T21:39:16","guid":{"rendered":"https:\/\/productwhys.org\/?page_id=1525"},"modified":"2023-03-24T22:39:17","modified_gmt":"2023-03-24T21:39:17","slug":"fiche-de-poste-roll-out-manager","status":"publish","type":"page","link":"https:\/\/productwhys.org\/index.php\/fiche-de-poste-roll-out-manager\/","title":{"rendered":"Fiche de poste: Roll-out Manager"},"content":{"rendered":"\n<div class=\"wp-block-columns is-layout-flex wp-container-core-columns-is-layout-9d6595d7 wp-block-columns-is-layout-flex\">\n<div class=\"wp-block-column has-text-color has-background has-link-color wp-elements-f6629aeeaa7e6266c3c3c31398cfdb9f is-layout-flow wp-block-column-is-layout-flow\" style=\"color:#000000;background-color:#00d1847a;padding-top:2em;padding-right:2em;padding-bottom:2em;padding-left:2em\">\n<h2 class=\"wp-block-heading\" id=\"single\" style=\"font-size:40px\"><strong>Roll-Out Manager<\/strong><\/h2>\n\n\n\n<p><strong>Le r\u00f4le du Roll-out Manager est de s&rsquo;assurer que le produit ou la fonctionnalit\u00e9 nouvellement d\u00e9velopp\u00e9e est d\u00e9ploy\u00e9e de mani\u00e8re efficace et r\u00e9ussie aupr\u00e8s des clients ou utilisateurs finaux.<\/strong><\/p>\n\n\n\n<hr class=\"wp-block-separator has-text-color has-css-opacity has-background is-style-wide\" style=\"background-color:#000000;color:#000000\"\/>\n\n\n\n<p>Le Roll-out Manager est appel\u00e9 dans les cas suivants :<\/p>\n\n\n\n<ul class=\"wp-block-list\">\n<li>Lors du lancement d&rsquo;un nouveau produit ou d&rsquo;une nouvelle fonctionnalit\u00e9, afin de s&rsquo;assurer que le d\u00e9ploiement est effectu\u00e9 de mani\u00e8re efficace et r\u00e9ussie.<\/li>\n\n\n\n<li>Lors de l&rsquo;extension d&rsquo;un produit existant \u00e0 de nouveaux march\u00e9s, pour s&rsquo;assurer que le d\u00e9ploiement est adapt\u00e9 aux particularit\u00e9s de chaque march\u00e9.<\/li>\n\n\n\n<li>Lorsqu&rsquo;un produit doit \u00eatre retir\u00e9 du march\u00e9 ou remplac\u00e9 par un nouveau produit, pour s&rsquo;assurer que le retrait ou le remplacement est effectu\u00e9 de mani\u00e8re transparente pour les clients ou utilisateurs finaux.<\/li>\n<\/ul>\n\n\n\n<p>Les activit\u00e9s que le Roll-out Manager r\u00e9alise peuvent varier en fonction des besoins sp\u00e9cifiques du projet, mais peuvent inclure :<\/p>\n\n\n\n<ul class=\"wp-block-list\">\n<li>La planification de la strat\u00e9gie de d\u00e9ploiement, en identifiant les objectifs, les d\u00e9lais, les co\u00fbts et les parties prenantes impliqu\u00e9es dans le processus.<\/li>\n\n\n\n<li>La coordination de l&rsquo;\u00e9quipe charg\u00e9e du d\u00e9ploiement, en s&rsquo;assurant que les diff\u00e9rentes parties prenantes ont acc\u00e8s aux informations n\u00e9cessaires et en d\u00e9finissant les responsabilit\u00e9s de chacun.<\/li>\n\n\n\n<li>La r\u00e9alisation de tests et de simulations pour s&rsquo;assurer que le produit fonctionne correctement et que les processus de d\u00e9ploiement sont efficaces.<\/li>\n\n\n\n<li>La communication avec les clients ou utilisateurs finaux pour s&rsquo;assurer qu&rsquo;ils sont inform\u00e9s des changements et qu&rsquo;ils disposent de l&rsquo;assistance n\u00e9cessaire pour s&rsquo;adapter aux nouvelles fonctionnalit\u00e9s.<\/li>\n\n\n\n<li>La surveillance du d\u00e9ploiement et la gestion des probl\u00e8mes qui peuvent survenir, en s&rsquo;assurant que les solutions sont mises en \u0153uvre rapidement et efficacement.<\/li>\n<\/ul>\n\n\n\n<div class=\"wp-block-buttons alignfull is-horizontal is-content-justification-center is-layout-flex wp-container-core-buttons-is-layout-499968f5 wp-block-buttons-is-layout-flex\"><\/div>\n<\/div>\n<\/div>\n","protected":false},"excerpt":{"rendered":"<p>Roll-Out Manager Le r\u00f4le du Roll-out Manager est de s&rsquo;assurer que le produit ou la fonctionnalit\u00e9 nouvellement d\u00e9velopp\u00e9e est d\u00e9ploy\u00e9e de mani\u00e8re efficace et r\u00e9ussie aupr\u00e8s des clients ou utilisateurs finaux. Le Roll-out Manager est appel\u00e9 dans les cas suivants : Les activit\u00e9s que le Roll-out Manager r\u00e9alise peuvent varier en fonction des besoins sp\u00e9cifiques [&hellip;]<\/p>\n","protected":false},"author":2,"featured_media":0,"parent":0,"menu_order":0,"comment_status":"closed","ping_status":"closed","template":"","meta":{"tdm_status":"","tdm_grid_status":"","footnotes":""},"class_list":["post-1525","page","type-page","status-publish"],"yoast_head":"<!-- This site is optimized with the Yoast SEO plugin v27.4 - https:\/\/yoast.com\/product\/yoast-seo-wordpress\/ -->\n<title>Fiche de poste: Roll-out Manager - Product Whys - Association loi 1901<\/title>\n<meta name=\"robots\" content=\"index, follow, max-snippet:-1, max-image-preview:large, max-video-preview:-1\" \/>\n<link rel=\"canonical\" href=\"https:\/\/productwhys.org\/index.php\/fiche-de-poste-roll-out-manager\/\" \/>\n<meta property=\"og:locale\" content=\"fr_FR\" \/>\n<meta property=\"og:type\" content=\"article\" \/>\n<meta property=\"og:title\" content=\"Fiche de poste: Roll-out Manager - Product Whys - Association loi 1901\" \/>\n<meta property=\"og:description\" content=\"Roll-Out Manager Le r\u00f4le du Roll-out Manager est de s&rsquo;assurer que le produit ou la fonctionnalit\u00e9 nouvellement d\u00e9velopp\u00e9e est d\u00e9ploy\u00e9e de mani\u00e8re efficace et r\u00e9ussie aupr\u00e8s des clients ou utilisateurs finaux. Le Roll-out Manager est appel\u00e9 dans les cas suivants : Les activit\u00e9s que le Roll-out Manager r\u00e9alise peuvent varier en fonction des besoins sp\u00e9cifiques [&hellip;]\" \/>\n<meta property=\"og:url\" content=\"https:\/\/productwhys.org\/index.php\/fiche-de-poste-roll-out-manager\/\" \/>\n<meta property=\"og:site_name\" content=\"Product Whys - Association loi 1901\" \/>\n<meta property=\"article:modified_time\" content=\"2023-03-24T21:39:17+00:00\" \/>\n<meta name=\"twitter:card\" content=\"summary_large_image\" \/>\n<meta name=\"twitter:label1\" content=\"Dur\u00e9e de lecture estim\u00e9e\" \/>\n\t<meta name=\"twitter:data1\" content=\"2 minutes\" \/>\n<script type=\"application\/ld+json\" class=\"yoast-schema-graph\">{\"@context\":\"https:\\\/\\\/schema.org\",\"@graph\":[{\"@type\":\"WebPage\",\"@id\":\"https:\\\/\\\/productwhys.org\\\/index.php\\\/fiche-de-poste-roll-out-manager\\\/\",\"url\":\"https:\\\/\\\/productwhys.org\\\/index.php\\\/fiche-de-poste-roll-out-manager\\\/\",\"name\":\"Fiche de poste: Roll-out Manager - Product Whys - Association loi 1901\",\"isPartOf\":{\"@id\":\"https:\\\/\\\/productwhys.org\\\/#website\"},\"datePublished\":\"2023-03-24T21:39:16+00:00\",\"dateModified\":\"2023-03-24T21:39:17+00:00\",\"breadcrumb\":{\"@id\":\"https:\\\/\\\/productwhys.org\\\/index.php\\\/fiche-de-poste-roll-out-manager\\\/#breadcrumb\"},\"inLanguage\":\"fr-FR\",\"potentialAction\":[{\"@type\":\"ReadAction\",\"target\":[\"https:\\\/\\\/productwhys.org\\\/index.php\\\/fiche-de-poste-roll-out-manager\\\/\"]}]},{\"@type\":\"BreadcrumbList\",\"@id\":\"https:\\\/\\\/productwhys.org\\\/index.php\\\/fiche-de-poste-roll-out-manager\\\/#breadcrumb\",\"itemListElement\":[{\"@type\":\"ListItem\",\"position\":1,\"name\":\"Accueil\",\"item\":\"https:\\\/\\\/productwhys.org\\\/\"},{\"@type\":\"ListItem\",\"position\":2,\"name\":\"Fiche de poste: Roll-out Manager\"}]},{\"@type\":\"WebSite\",\"@id\":\"https:\\\/\\\/productwhys.org\\\/#website\",\"url\":\"https:\\\/\\\/productwhys.org\\\/\",\"name\":\"Product Whys - Association loi 1901\",\"description\":\"\",\"publisher\":{\"@id\":\"https:\\\/\\\/productwhys.org\\\/#organization\"},\"potentialAction\":[{\"@type\":\"SearchAction\",\"target\":{\"@type\":\"EntryPoint\",\"urlTemplate\":\"https:\\\/\\\/productwhys.org\\\/?s={search_term_string}\"},\"query-input\":{\"@type\":\"PropertyValueSpecification\",\"valueRequired\":true,\"valueName\":\"search_term_string\"}}],\"inLanguage\":\"fr-FR\"},{\"@type\":\"Organization\",\"@id\":\"https:\\\/\\\/productwhys.org\\\/#organization\",\"name\":\"Product Whys - Association loi 1901\",\"url\":\"https:\\\/\\\/productwhys.org\\\/\",\"logo\":{\"@type\":\"ImageObject\",\"inLanguage\":\"fr-FR\",\"@id\":\"https:\\\/\\\/productwhys.org\\\/#\\\/schema\\\/logo\\\/image\\\/\",\"url\":\"https:\\\/\\\/i0.wp.com\\\/productwhys.org\\\/wp-content\\\/uploads\\\/2022\\\/08\\\/cropped-logov2-site.png?fit=212%2C97&ssl=1\",\"contentUrl\":\"https:\\\/\\\/i0.wp.com\\\/productwhys.org\\\/wp-content\\\/uploads\\\/2022\\\/08\\\/cropped-logov2-site.png?fit=212%2C97&ssl=1\",\"width\":212,\"height\":97,\"caption\":\"Product Whys - Association loi 1901\"},\"image\":{\"@id\":\"https:\\\/\\\/productwhys.org\\\/#\\\/schema\\\/logo\\\/image\\\/\"}}]}<\/script>\n<!-- \/ Yoast SEO plugin. -->","yoast_head_json":{"title":"Fiche de poste: Roll-out Manager - Product Whys - Association loi 1901","robots":{"index":"index","follow":"follow","max-snippet":"max-snippet:-1","max-image-preview":"max-image-preview:large","max-video-preview":"max-video-preview:-1"},"canonical":"https:\/\/productwhys.org\/index.php\/fiche-de-poste-roll-out-manager\/","og_locale":"fr_FR","og_type":"article","og_title":"Fiche de poste: Roll-out Manager - Product Whys - Association loi 1901","og_description":"Roll-Out Manager Le r\u00f4le du Roll-out Manager est de s&rsquo;assurer que le produit ou la fonctionnalit\u00e9 nouvellement d\u00e9velopp\u00e9e est d\u00e9ploy\u00e9e de mani\u00e8re efficace et r\u00e9ussie aupr\u00e8s des clients ou utilisateurs finaux. Le Roll-out Manager est appel\u00e9 dans les cas suivants : Les activit\u00e9s que le Roll-out Manager r\u00e9alise peuvent varier en fonction des besoins sp\u00e9cifiques [&hellip;]","og_url":"https:\/\/productwhys.org\/index.php\/fiche-de-poste-roll-out-manager\/","og_site_name":"Product Whys - Association loi 1901","article_modified_time":"2023-03-24T21:39:17+00:00","twitter_card":"summary_large_image","twitter_misc":{"Dur\u00e9e de lecture estim\u00e9e":"2 minutes"},"schema":{"@context":"https:\/\/schema.org","@graph":[{"@type":"WebPage","@id":"https:\/\/productwhys.org\/index.php\/fiche-de-poste-roll-out-manager\/","url":"https:\/\/productwhys.org\/index.php\/fiche-de-poste-roll-out-manager\/","name":"Fiche de poste: Roll-out Manager - Product Whys - Association loi 1901","isPartOf":{"@id":"https:\/\/productwhys.org\/#website"},"datePublished":"2023-03-24T21:39:16+00:00","dateModified":"2023-03-24T21:39:17+00:00","breadcrumb":{"@id":"https:\/\/productwhys.org\/index.php\/fiche-de-poste-roll-out-manager\/#breadcrumb"},"inLanguage":"fr-FR","potentialAction":[{"@type":"ReadAction","target":["https:\/\/productwhys.org\/index.php\/fiche-de-poste-roll-out-manager\/"]}]},{"@type":"BreadcrumbList","@id":"https:\/\/productwhys.org\/index.php\/fiche-de-poste-roll-out-manager\/#breadcrumb","itemListElement":[{"@type":"ListItem","position":1,"name":"Accueil","item":"https:\/\/productwhys.org\/"},{"@type":"ListItem","position":2,"name":"Fiche de poste: Roll-out Manager"}]},{"@type":"WebSite","@id":"https:\/\/productwhys.org\/#website","url":"https:\/\/productwhys.org\/","name":"Product Whys - Association loi 1901","description":"","publisher":{"@id":"https:\/\/productwhys.org\/#organization"},"potentialAction":[{"@type":"SearchAction","target":{"@type":"EntryPoint","urlTemplate":"https:\/\/productwhys.org\/?s={search_term_string}"},"query-input":{"@type":"PropertyValueSpecification","valueRequired":true,"valueName":"search_term_string"}}],"inLanguage":"fr-FR"},{"@type":"Organization","@id":"https:\/\/productwhys.org\/#organization","name":"Product Whys - Association loi 1901","url":"https:\/\/productwhys.org\/","logo":{"@type":"ImageObject","inLanguage":"fr-FR","@id":"https:\/\/productwhys.org\/#\/schema\/logo\/image\/","url":"https:\/\/i0.wp.com\/productwhys.org\/wp-content\/uploads\/2022\/08\/cropped-logov2-site.png?fit=212%2C97&ssl=1","contentUrl":"https:\/\/i0.wp.com\/productwhys.org\/wp-content\/uploads\/2022\/08\/cropped-logov2-site.png?fit=212%2C97&ssl=1","width":212,"height":97,"caption":"Product Whys - Association loi 1901"},"image":{"@id":"https:\/\/productwhys.org\/#\/schema\/logo\/image\/"}}]}},"jetpack_sharing_enabled":true,"_links":{"self":[{"href":"https:\/\/productwhys.org\/index.php\/wp-json\/wp\/v2\/pages\/1525","targetHints":{"allow":["GET"]}}],"collection":[{"href":"https:\/\/productwhys.org\/index.php\/wp-json\/wp\/v2\/pages"}],"about":[{"href":"https:\/\/productwhys.org\/index.php\/wp-json\/wp\/v2\/types\/page"}],"author":[{"embeddable":true,"href":"https:\/\/productwhys.org\/index.php\/wp-json\/wp\/v2\/users\/2"}],"replies":[{"embeddable":true,"href":"https:\/\/productwhys.org\/index.php\/wp-json\/wp\/v2\/comments?post=1525"}],"version-history":[{"count":1,"href":"https:\/\/productwhys.org\/index.php\/wp-json\/wp\/v2\/pages\/1525\/revisions"}],"predecessor-version":[{"id":1526,"href":"https:\/\/productwhys.org\/index.php\/wp-json\/wp\/v2\/pages\/1525\/revisions\/1526"}],"wp:attachment":[{"href":"https:\/\/productwhys.org\/index.php\/wp-json\/wp\/v2\/media?parent=1525"}],"curies":[{"name":"wp","href":"https:\/\/api.w.org\/{rel}","templated":true}]}}