{"id":1527,"date":"2023-03-24T22:40:39","date_gmt":"2023-03-24T21:40:39","guid":{"rendered":"https:\/\/productwhys.org\/?page_id=1527"},"modified":"2023-03-24T22:40:40","modified_gmt":"2023-03-24T21:40:40","slug":"fiche-de-poste-productops","status":"publish","type":"page","link":"https:\/\/productwhys.org\/index.php\/fiche-de-poste-productops\/","title":{"rendered":"Fiche de poste : ProductOps"},"content":{"rendered":"\n<div class=\"wp-block-columns is-layout-flex wp-container-core-columns-is-layout-9d6595d7 wp-block-columns-is-layout-flex\">\n<div class=\"wp-block-column has-text-color has-background has-link-color wp-elements-8bc2bdedcbceed080b0763dca8919345 is-layout-flow wp-block-column-is-layout-flow\" style=\"color:#000000;background-color:#ff6a0059;padding-top:2em;padding-right:2em;padding-bottom:2em;padding-left:2em\">\n<h2 class=\"wp-block-heading\" id=\"single\" style=\"font-size:40px\"><strong>ProductOps<\/strong><\/h2>\n\n\n\n<p><strong>Le r\u00f4le du ProductOps est de soutenir l&rsquo;efficacit\u00e9 et l&rsquo;efficience de l&rsquo;\u00e9quipe de d\u00e9veloppement de produits en alignant les processus, les outils et les technologies n\u00e9cessaires pour produire des produits de qualit\u00e9 sup\u00e9rieure.<\/strong><\/p>\n\n\n\n<hr class=\"wp-block-separator has-text-color has-css-opacity has-background is-style-wide\" style=\"background-color:#000000;color:#000000\"\/>\n\n\n\n<p>Le ProductOps est g\u00e9n\u00e9ralement appel\u00e9 dans les cas suivants :<\/p>\n\n\n\n<ul class=\"wp-block-list\">\n<li>Lorsque l&rsquo;\u00e9quipe de d\u00e9veloppement de produits rencontre des probl\u00e8mes d&rsquo;efficacit\u00e9, tels que des processus inefficaces ou une utilisation inefficace des outils ou des technologies.<\/li>\n\n\n\n<li>Lorsque l&rsquo;\u00e9quipe de d\u00e9veloppement de produits rencontre des probl\u00e8mes de qualit\u00e9, tels que des bugs fr\u00e9quents ou des retours n\u00e9gatifs des clients sur la qualit\u00e9 du produit.<\/li>\n\n\n\n<li>Lorsque l&rsquo;\u00e9quipe de d\u00e9veloppement de produits souhaite optimiser les processus et les outils afin de pouvoir lancer plus rapidement de nouveaux produits et fonctionnalit\u00e9s.<\/li>\n<\/ul>\n\n\n\n<p>Les activit\u00e9s que le ProductOps r\u00e9alise peuvent varier en fonction des besoins sp\u00e9cifiques du projet, mais peuvent inclure :<\/p>\n\n\n\n<ul class=\"wp-block-list\">\n<li>L&rsquo;analyse des processus actuels de d\u00e9veloppement de produits pour identifier les opportunit\u00e9s d&rsquo;am\u00e9lioration et les points de friction.<\/li>\n\n\n\n<li>La d\u00e9finition de processus de d\u00e9veloppement de produits standardis\u00e9s pour assurer la coh\u00e9rence et l&rsquo;efficacit\u00e9 dans l&rsquo;ensemble de l&rsquo;organisation.<\/li>\n\n\n\n<li>La mise en place d&rsquo;outils et de technologies pour am\u00e9liorer la collaboration entre les diff\u00e9rentes \u00e9quipes impliqu\u00e9es dans le d\u00e9veloppement de produits.<\/li>\n\n\n\n<li>La mise en place de processus de test de qualit\u00e9 pour s&rsquo;assurer que les produits sont de qualit\u00e9 sup\u00e9rieure avant leur lancement.<\/li>\n\n\n\n<li>La formation des membres de l&rsquo;\u00e9quipe de d\u00e9veloppement de produits sur les nouveaux processus, outils et technologies pour garantir une adoption r\u00e9ussie.<\/li>\n\n\n\n<li>La surveillance et l&rsquo;analyse des performances des produits apr\u00e8s leur lancement afin de continuer \u00e0 am\u00e9liorer les processus et les outils de d\u00e9veloppement.<\/li>\n<\/ul>\n\n\n\n<div class=\"wp-block-buttons alignfull is-horizontal is-content-justification-center is-layout-flex wp-container-core-buttons-is-layout-499968f5 wp-block-buttons-is-layout-flex\"><\/div>\n<\/div>\n<\/div>\n","protected":false},"excerpt":{"rendered":"<p>ProductOps Le r\u00f4le du ProductOps est de soutenir l&rsquo;efficacit\u00e9 et l&rsquo;efficience de l&rsquo;\u00e9quipe de d\u00e9veloppement de produits en alignant les processus, les outils et les technologies n\u00e9cessaires pour produire des produits de qualit\u00e9 sup\u00e9rieure. Le ProductOps est g\u00e9n\u00e9ralement appel\u00e9 dans les cas suivants : Les activit\u00e9s que le ProductOps r\u00e9alise peuvent varier en fonction des [&hellip;]<\/p>\n","protected":false},"author":2,"featured_media":0,"parent":0,"menu_order":0,"comment_status":"closed","ping_status":"closed","template":"","meta":{"tdm_status":"","tdm_grid_status":"","footnotes":""},"class_list":["post-1527","page","type-page","status-publish"],"yoast_head":"<!-- This site is optimized with the Yoast SEO plugin v27.4 - https:\/\/yoast.com\/product\/yoast-seo-wordpress\/ -->\n<title>Fiche de poste : ProductOps - Product Whys - Association loi 1901<\/title>\n<meta name=\"robots\" content=\"index, follow, max-snippet:-1, max-image-preview:large, max-video-preview:-1\" \/>\n<link rel=\"canonical\" href=\"https:\/\/productwhys.org\/index.php\/fiche-de-poste-productops\/\" \/>\n<meta property=\"og:locale\" content=\"fr_FR\" \/>\n<meta property=\"og:type\" content=\"article\" \/>\n<meta property=\"og:title\" content=\"Fiche de poste : ProductOps - Product Whys - Association loi 1901\" \/>\n<meta property=\"og:description\" content=\"ProductOps Le r\u00f4le du ProductOps est de soutenir l&rsquo;efficacit\u00e9 et l&rsquo;efficience de l&rsquo;\u00e9quipe de d\u00e9veloppement de produits en alignant les processus, les outils et les technologies n\u00e9cessaires pour produire des produits de qualit\u00e9 sup\u00e9rieure. Le ProductOps est g\u00e9n\u00e9ralement appel\u00e9 dans les cas suivants : Les activit\u00e9s que le ProductOps r\u00e9alise peuvent varier en fonction des [&hellip;]\" \/>\n<meta property=\"og:url\" content=\"https:\/\/productwhys.org\/index.php\/fiche-de-poste-productops\/\" \/>\n<meta property=\"og:site_name\" content=\"Product Whys - Association loi 1901\" \/>\n<meta property=\"article:modified_time\" content=\"2023-03-24T21:40:40+00:00\" \/>\n<meta name=\"twitter:card\" content=\"summary_large_image\" \/>\n<meta name=\"twitter:label1\" content=\"Dur\u00e9e de lecture estim\u00e9e\" \/>\n\t<meta name=\"twitter:data1\" content=\"2 minutes\" \/>\n<script type=\"application\/ld+json\" class=\"yoast-schema-graph\">{\"@context\":\"https:\\\/\\\/schema.org\",\"@graph\":[{\"@type\":\"WebPage\",\"@id\":\"https:\\\/\\\/productwhys.org\\\/index.php\\\/fiche-de-poste-productops\\\/\",\"url\":\"https:\\\/\\\/productwhys.org\\\/index.php\\\/fiche-de-poste-productops\\\/\",\"name\":\"Fiche de poste : ProductOps - Product Whys - Association loi 1901\",\"isPartOf\":{\"@id\":\"https:\\\/\\\/productwhys.org\\\/#website\"},\"datePublished\":\"2023-03-24T21:40:39+00:00\",\"dateModified\":\"2023-03-24T21:40:40+00:00\",\"breadcrumb\":{\"@id\":\"https:\\\/\\\/productwhys.org\\\/index.php\\\/fiche-de-poste-productops\\\/#breadcrumb\"},\"inLanguage\":\"fr-FR\",\"potentialAction\":[{\"@type\":\"ReadAction\",\"target\":[\"https:\\\/\\\/productwhys.org\\\/index.php\\\/fiche-de-poste-productops\\\/\"]}]},{\"@type\":\"BreadcrumbList\",\"@id\":\"https:\\\/\\\/productwhys.org\\\/index.php\\\/fiche-de-poste-productops\\\/#breadcrumb\",\"itemListElement\":[{\"@type\":\"ListItem\",\"position\":1,\"name\":\"Accueil\",\"item\":\"https:\\\/\\\/productwhys.org\\\/\"},{\"@type\":\"ListItem\",\"position\":2,\"name\":\"Fiche de poste : ProductOps\"}]},{\"@type\":\"WebSite\",\"@id\":\"https:\\\/\\\/productwhys.org\\\/#website\",\"url\":\"https:\\\/\\\/productwhys.org\\\/\",\"name\":\"Product Whys - Association loi 1901\",\"description\":\"\",\"publisher\":{\"@id\":\"https:\\\/\\\/productwhys.org\\\/#organization\"},\"potentialAction\":[{\"@type\":\"SearchAction\",\"target\":{\"@type\":\"EntryPoint\",\"urlTemplate\":\"https:\\\/\\\/productwhys.org\\\/?s={search_term_string}\"},\"query-input\":{\"@type\":\"PropertyValueSpecification\",\"valueRequired\":true,\"valueName\":\"search_term_string\"}}],\"inLanguage\":\"fr-FR\"},{\"@type\":\"Organization\",\"@id\":\"https:\\\/\\\/productwhys.org\\\/#organization\",\"name\":\"Product Whys - Association loi 1901\",\"url\":\"https:\\\/\\\/productwhys.org\\\/\",\"logo\":{\"@type\":\"ImageObject\",\"inLanguage\":\"fr-FR\",\"@id\":\"https:\\\/\\\/productwhys.org\\\/#\\\/schema\\\/logo\\\/image\\\/\",\"url\":\"https:\\\/\\\/i0.wp.com\\\/productwhys.org\\\/wp-content\\\/uploads\\\/2022\\\/08\\\/cropped-logov2-site.png?fit=212%2C97&ssl=1\",\"contentUrl\":\"https:\\\/\\\/i0.wp.com\\\/productwhys.org\\\/wp-content\\\/uploads\\\/2022\\\/08\\\/cropped-logov2-site.png?fit=212%2C97&ssl=1\",\"width\":212,\"height\":97,\"caption\":\"Product Whys - Association loi 1901\"},\"image\":{\"@id\":\"https:\\\/\\\/productwhys.org\\\/#\\\/schema\\\/logo\\\/image\\\/\"}}]}<\/script>\n<!-- \/ Yoast SEO plugin. -->","yoast_head_json":{"title":"Fiche de poste : ProductOps - Product Whys - Association loi 1901","robots":{"index":"index","follow":"follow","max-snippet":"max-snippet:-1","max-image-preview":"max-image-preview:large","max-video-preview":"max-video-preview:-1"},"canonical":"https:\/\/productwhys.org\/index.php\/fiche-de-poste-productops\/","og_locale":"fr_FR","og_type":"article","og_title":"Fiche de poste : ProductOps - Product Whys - Association loi 1901","og_description":"ProductOps Le r\u00f4le du ProductOps est de soutenir l&rsquo;efficacit\u00e9 et l&rsquo;efficience de l&rsquo;\u00e9quipe de d\u00e9veloppement de produits en alignant les processus, les outils et les technologies n\u00e9cessaires pour produire des produits de qualit\u00e9 sup\u00e9rieure. Le ProductOps est g\u00e9n\u00e9ralement appel\u00e9 dans les cas suivants : Les activit\u00e9s que le ProductOps r\u00e9alise peuvent varier en fonction des [&hellip;]","og_url":"https:\/\/productwhys.org\/index.php\/fiche-de-poste-productops\/","og_site_name":"Product Whys - Association loi 1901","article_modified_time":"2023-03-24T21:40:40+00:00","twitter_card":"summary_large_image","twitter_misc":{"Dur\u00e9e de lecture estim\u00e9e":"2 minutes"},"schema":{"@context":"https:\/\/schema.org","@graph":[{"@type":"WebPage","@id":"https:\/\/productwhys.org\/index.php\/fiche-de-poste-productops\/","url":"https:\/\/productwhys.org\/index.php\/fiche-de-poste-productops\/","name":"Fiche de poste : ProductOps - Product Whys - Association loi 1901","isPartOf":{"@id":"https:\/\/productwhys.org\/#website"},"datePublished":"2023-03-24T21:40:39+00:00","dateModified":"2023-03-24T21:40:40+00:00","breadcrumb":{"@id":"https:\/\/productwhys.org\/index.php\/fiche-de-poste-productops\/#breadcrumb"},"inLanguage":"fr-FR","potentialAction":[{"@type":"ReadAction","target":["https:\/\/productwhys.org\/index.php\/fiche-de-poste-productops\/"]}]},{"@type":"BreadcrumbList","@id":"https:\/\/productwhys.org\/index.php\/fiche-de-poste-productops\/#breadcrumb","itemListElement":[{"@type":"ListItem","position":1,"name":"Accueil","item":"https:\/\/productwhys.org\/"},{"@type":"ListItem","position":2,"name":"Fiche de poste : ProductOps"}]},{"@type":"WebSite","@id":"https:\/\/productwhys.org\/#website","url":"https:\/\/productwhys.org\/","name":"Product Whys - Association loi 1901","description":"","publisher":{"@id":"https:\/\/productwhys.org\/#organization"},"potentialAction":[{"@type":"SearchAction","target":{"@type":"EntryPoint","urlTemplate":"https:\/\/productwhys.org\/?s={search_term_string}"},"query-input":{"@type":"PropertyValueSpecification","valueRequired":true,"valueName":"search_term_string"}}],"inLanguage":"fr-FR"},{"@type":"Organization","@id":"https:\/\/productwhys.org\/#organization","name":"Product Whys - Association loi 1901","url":"https:\/\/productwhys.org\/","logo":{"@type":"ImageObject","inLanguage":"fr-FR","@id":"https:\/\/productwhys.org\/#\/schema\/logo\/image\/","url":"https:\/\/i0.wp.com\/productwhys.org\/wp-content\/uploads\/2022\/08\/cropped-logov2-site.png?fit=212%2C97&ssl=1","contentUrl":"https:\/\/i0.wp.com\/productwhys.org\/wp-content\/uploads\/2022\/08\/cropped-logov2-site.png?fit=212%2C97&ssl=1","width":212,"height":97,"caption":"Product Whys - Association loi 1901"},"image":{"@id":"https:\/\/productwhys.org\/#\/schema\/logo\/image\/"}}]}},"jetpack_sharing_enabled":true,"_links":{"self":[{"href":"https:\/\/productwhys.org\/index.php\/wp-json\/wp\/v2\/pages\/1527","targetHints":{"allow":["GET"]}}],"collection":[{"href":"https:\/\/productwhys.org\/index.php\/wp-json\/wp\/v2\/pages"}],"about":[{"href":"https:\/\/productwhys.org\/index.php\/wp-json\/wp\/v2\/types\/page"}],"author":[{"embeddable":true,"href":"https:\/\/productwhys.org\/index.php\/wp-json\/wp\/v2\/users\/2"}],"replies":[{"embeddable":true,"href":"https:\/\/productwhys.org\/index.php\/wp-json\/wp\/v2\/comments?post=1527"}],"version-history":[{"count":1,"href":"https:\/\/productwhys.org\/index.php\/wp-json\/wp\/v2\/pages\/1527\/revisions"}],"predecessor-version":[{"id":1528,"href":"https:\/\/productwhys.org\/index.php\/wp-json\/wp\/v2\/pages\/1527\/revisions\/1528"}],"wp:attachment":[{"href":"https:\/\/productwhys.org\/index.php\/wp-json\/wp\/v2\/media?parent=1527"}],"curies":[{"name":"wp","href":"https:\/\/api.w.org\/{rel}","templated":true}]}}