{"id":1610,"date":"2023-03-26T22:36:33","date_gmt":"2023-03-26T20:36:33","guid":{"rendered":"https:\/\/productwhys.org\/?page_id=1610"},"modified":"2023-03-26T22:57:32","modified_gmt":"2023-03-26T20:57:32","slug":"bloc-delivery","status":"publish","type":"page","link":"https:\/\/productwhys.org\/index.php\/bloc-delivery\/","title":{"rendered":"Bloc : Delivery"},"content":{"rendered":"\n<div class=\"wp-block-columns is-layout-flex wp-container-core-columns-is-layout-9d6595d7 wp-block-columns-is-layout-flex\">\n<div class=\"wp-block-column has-text-color has-background has-link-color wp-elements-c027df7380d4e3285ea35937ac3d9ea8 is-layout-flow wp-block-column-is-layout-flow\" style=\"color:#000000;background-color:#cf562d96;padding-top:2em;padding-right:2em;padding-bottom:2em;padding-left:2em\">\n<h2 class=\"wp-block-heading\" id=\"family\" style=\"font-size:40px\"><strong>Delivery<\/strong><\/h2>\n\n\n\n<hr class=\"wp-block-separator has-css-opacity is-style-wide\"\/>\n\n\n\n<p>Impl\u00e9menter ce qui a \u00e9t\u00e9 pr\u00e9alablement sp\u00e9cifi\u00e9 et s\u2019assurer que ce qui est produit correspond aux attentes :<\/p>\n\n\n\n<ul class=\"wp-block-list\">\n<li>Identifier les Product Backlog Items \u00e0 produire<\/li>\n\n\n\n<li>V\u00e9rifier leur la compr\u00e9hension et supprimer les ambigu\u00eft\u00e9s<\/li>\n\n\n\n<li>Planifier (trouver les compromis techniques et prioriser)<\/li>\n\n\n\n<li>Se synchroniser et impl\u00e9menter<\/li>\n\n\n\n<li>Valider<\/li>\n\n\n\n<li>D\u00e9montrer<\/li>\n<\/ul>\n\n\n\n<div class=\"wp-block-buttons alignfull is-horizontal is-content-justification-center is-layout-flex wp-container-core-buttons-is-layout-499968f5 wp-block-buttons-is-layout-flex\"><\/div>\n<\/div>\n<\/div>\n\n\n\n<div class=\"wp-block-media-text alignwide has-media-on-the-right is-stacked-on-mobile is-vertically-aligned-center has-background\" style=\"background-color:#f1f5c7\"><div class=\"wp-block-media-text__content\">\n<div class=\"wp-block-group\" style=\"padding-top:2em;padding-right:2em;padding-bottom:2em;padding-left:2em\"><div class=\"wp-block-group__inner-container is-layout-flow wp-block-group-is-layout-flow\">\n<p style=\"font-size:36px;line-height:1.2\"><strong><strong>Comment organiser le Product Management ?<\/strong><\/strong><\/p>\n\n\n\n<p class=\"has-extra-small-font-size\">Nous d\u00e9coupons le&nbsp;<em>Product Management<\/em>&nbsp;en blocs qui repr\u00e9sentent chacun des cycles de travaux asynchrones, avec des aller-retours nombreux : Customers &amp; Users Management, Business &amp; Shareholders Management, Team Empowerment &amp; Continuous Improvement, Vision &amp; Strategy, Discovery, Delivery, Operations &amp; Distribution, Launch &amp; Updates, et End of Life. L\u2019ensemble de ces blocs permet d\u2019aboutir \u00e0 des produits qui \u00e9mergent et \u00e9voluent avec le temps, et qui peuvent d\u00e9boucher sur des \u00e9cosyst\u00e8mes de produits&#8230;<\/p>\n\n\n\n<div class=\"wp-block-buttons alignfull is-horizontal is-content-justification-center is-layout-flex wp-container-core-buttons-is-layout-499968f5 wp-block-buttons-is-layout-flex\">\n<div class=\"wp-block-button\"><a class=\"wp-block-button__link wp-element-button\" href=\"https:\/\/productwhys.org\/index.php\/2023\/03\/26\/comment-organiser-le-product-management\/\" target=\"_blank\" rel=\"noreferrer noopener\">Voir l&rsquo;article<\/a><\/div>\n<\/div>\n<\/div><\/div>\n<\/div><figure class=\"wp-block-media-text__media\"><img data-recalc-dims=\"1\" loading=\"lazy\" decoding=\"async\" width=\"696\" height=\"696\" src=\"https:\/\/i0.wp.com\/productwhys.org\/wp-content\/uploads\/2023\/03\/shyrobotics_a_team_of_men_and_women_playing_tetris_in_a_softwar_d3a30537-aa5e-48e2-bcc2-791a68b188c6.png?resize=696%2C696\" alt=\"\" class=\"wp-image-1478 size-full\" srcset=\"https:\/\/i0.wp.com\/productwhys.org\/wp-content\/uploads\/2023\/03\/shyrobotics_a_team_of_men_and_women_playing_tetris_in_a_softwar_d3a30537-aa5e-48e2-bcc2-791a68b188c6.png?w=1024&amp;ssl=1 1024w, https:\/\/i0.wp.com\/productwhys.org\/wp-content\/uploads\/2023\/03\/shyrobotics_a_team_of_men_and_women_playing_tetris_in_a_softwar_d3a30537-aa5e-48e2-bcc2-791a68b188c6.png?resize=300%2C300&amp;ssl=1 300w, https:\/\/i0.wp.com\/productwhys.org\/wp-content\/uploads\/2023\/03\/shyrobotics_a_team_of_men_and_women_playing_tetris_in_a_softwar_d3a30537-aa5e-48e2-bcc2-791a68b188c6.png?resize=150%2C150&amp;ssl=1 150w, https:\/\/i0.wp.com\/productwhys.org\/wp-content\/uploads\/2023\/03\/shyrobotics_a_team_of_men_and_women_playing_tetris_in_a_softwar_d3a30537-aa5e-48e2-bcc2-791a68b188c6.png?resize=768%2C768&amp;ssl=1 768w, https:\/\/i0.wp.com\/productwhys.org\/wp-content\/uploads\/2023\/03\/shyrobotics_a_team_of_men_and_women_playing_tetris_in_a_softwar_d3a30537-aa5e-48e2-bcc2-791a68b188c6.png?resize=696%2C696&amp;ssl=1 696w\" sizes=\"auto, (max-width: 696px) 100vw, 696px\" \/><\/figure><\/div>\n","protected":false},"excerpt":{"rendered":"<p>Delivery Impl\u00e9menter ce qui a \u00e9t\u00e9 pr\u00e9alablement sp\u00e9cifi\u00e9 et s\u2019assurer que ce qui est produit correspond aux attentes :<\/p>\n","protected":false},"author":2,"featured_media":0,"parent":0,"menu_order":0,"comment_status":"closed","ping_status":"closed","template":"","meta":{"tdm_status":"","tdm_grid_status":"","footnotes":""},"class_list":["post-1610","page","type-page","status-publish"],"yoast_head":"<!-- This site is optimized with the Yoast SEO plugin v27.4 - https:\/\/yoast.com\/product\/yoast-seo-wordpress\/ -->\n<title>Bloc : Delivery - Product Whys - Association loi 1901<\/title>\n<meta name=\"robots\" content=\"index, follow, max-snippet:-1, max-image-preview:large, max-video-preview:-1\" \/>\n<link rel=\"canonical\" href=\"https:\/\/productwhys.org\/index.php\/bloc-delivery\/\" \/>\n<meta property=\"og:locale\" content=\"fr_FR\" \/>\n<meta property=\"og:type\" content=\"article\" \/>\n<meta property=\"og:title\" content=\"Bloc : Delivery - Product Whys - Association loi 1901\" \/>\n<meta property=\"og:description\" content=\"Delivery Impl\u00e9menter ce qui a \u00e9t\u00e9 pr\u00e9alablement sp\u00e9cifi\u00e9 et s\u2019assurer que ce qui est produit correspond aux attentes :\" \/>\n<meta property=\"og:url\" content=\"https:\/\/productwhys.org\/index.php\/bloc-delivery\/\" \/>\n<meta property=\"og:site_name\" content=\"Product Whys - Association loi 1901\" \/>\n<meta property=\"article:modified_time\" content=\"2023-03-26T20:57:32+00:00\" \/>\n<meta property=\"og:image\" content=\"http:\/\/productwhys.org\/wp-content\/uploads\/2023\/03\/shyrobotics_a_team_of_men_and_women_playing_tetris_in_a_softwar_d3a30537-aa5e-48e2-bcc2-791a68b188c6-1024x1024.png\" \/>\n<meta name=\"twitter:card\" content=\"summary_large_image\" \/>\n<meta name=\"twitter:label1\" content=\"Dur\u00e9e de lecture estim\u00e9e\" \/>\n\t<meta name=\"twitter:data1\" content=\"1 minute\" \/>\n<script type=\"application\/ld+json\" class=\"yoast-schema-graph\">{\"@context\":\"https:\\\/\\\/schema.org\",\"@graph\":[{\"@type\":\"WebPage\",\"@id\":\"https:\\\/\\\/productwhys.org\\\/index.php\\\/bloc-delivery\\\/\",\"url\":\"https:\\\/\\\/productwhys.org\\\/index.php\\\/bloc-delivery\\\/\",\"name\":\"Bloc : Delivery - Product Whys - Association loi 1901\",\"isPartOf\":{\"@id\":\"https:\\\/\\\/productwhys.org\\\/#website\"},\"primaryImageOfPage\":{\"@id\":\"https:\\\/\\\/productwhys.org\\\/index.php\\\/bloc-delivery\\\/#primaryimage\"},\"image\":{\"@id\":\"https:\\\/\\\/productwhys.org\\\/index.php\\\/bloc-delivery\\\/#primaryimage\"},\"thumbnailUrl\":\"http:\\\/\\\/productwhys.org\\\/wp-content\\\/uploads\\\/2023\\\/03\\\/shyrobotics_a_team_of_men_and_women_playing_tetris_in_a_softwar_d3a30537-aa5e-48e2-bcc2-791a68b188c6-1024x1024.png\",\"datePublished\":\"2023-03-26T20:36:33+00:00\",\"dateModified\":\"2023-03-26T20:57:32+00:00\",\"breadcrumb\":{\"@id\":\"https:\\\/\\\/productwhys.org\\\/index.php\\\/bloc-delivery\\\/#breadcrumb\"},\"inLanguage\":\"fr-FR\",\"potentialAction\":[{\"@type\":\"ReadAction\",\"target\":[\"https:\\\/\\\/productwhys.org\\\/index.php\\\/bloc-delivery\\\/\"]}]},{\"@type\":\"ImageObject\",\"inLanguage\":\"fr-FR\",\"@id\":\"https:\\\/\\\/productwhys.org\\\/index.php\\\/bloc-delivery\\\/#primaryimage\",\"url\":\"http:\\\/\\\/productwhys.org\\\/wp-content\\\/uploads\\\/2023\\\/03\\\/shyrobotics_a_team_of_men_and_women_playing_tetris_in_a_softwar_d3a30537-aa5e-48e2-bcc2-791a68b188c6-1024x1024.png\",\"contentUrl\":\"http:\\\/\\\/productwhys.org\\\/wp-content\\\/uploads\\\/2023\\\/03\\\/shyrobotics_a_team_of_men_and_women_playing_tetris_in_a_softwar_d3a30537-aa5e-48e2-bcc2-791a68b188c6-1024x1024.png\"},{\"@type\":\"BreadcrumbList\",\"@id\":\"https:\\\/\\\/productwhys.org\\\/index.php\\\/bloc-delivery\\\/#breadcrumb\",\"itemListElement\":[{\"@type\":\"ListItem\",\"position\":1,\"name\":\"Accueil\",\"item\":\"https:\\\/\\\/productwhys.org\\\/\"},{\"@type\":\"ListItem\",\"position\":2,\"name\":\"Bloc : Delivery\"}]},{\"@type\":\"WebSite\",\"@id\":\"https:\\\/\\\/productwhys.org\\\/#website\",\"url\":\"https:\\\/\\\/productwhys.org\\\/\",\"name\":\"Product Whys - Association loi 1901\",\"description\":\"\",\"publisher\":{\"@id\":\"https:\\\/\\\/productwhys.org\\\/#organization\"},\"potentialAction\":[{\"@type\":\"SearchAction\",\"target\":{\"@type\":\"EntryPoint\",\"urlTemplate\":\"https:\\\/\\\/productwhys.org\\\/?s={search_term_string}\"},\"query-input\":{\"@type\":\"PropertyValueSpecification\",\"valueRequired\":true,\"valueName\":\"search_term_string\"}}],\"inLanguage\":\"fr-FR\"},{\"@type\":\"Organization\",\"@id\":\"https:\\\/\\\/productwhys.org\\\/#organization\",\"name\":\"Product Whys - Association loi 1901\",\"url\":\"https:\\\/\\\/productwhys.org\\\/\",\"logo\":{\"@type\":\"ImageObject\",\"inLanguage\":\"fr-FR\",\"@id\":\"https:\\\/\\\/productwhys.org\\\/#\\\/schema\\\/logo\\\/image\\\/\",\"url\":\"https:\\\/\\\/i0.wp.com\\\/productwhys.org\\\/wp-content\\\/uploads\\\/2022\\\/08\\\/cropped-logov2-site.png?fit=212%2C97&ssl=1\",\"contentUrl\":\"https:\\\/\\\/i0.wp.com\\\/productwhys.org\\\/wp-content\\\/uploads\\\/2022\\\/08\\\/cropped-logov2-site.png?fit=212%2C97&ssl=1\",\"width\":212,\"height\":97,\"caption\":\"Product Whys - Association loi 1901\"},\"image\":{\"@id\":\"https:\\\/\\\/productwhys.org\\\/#\\\/schema\\\/logo\\\/image\\\/\"}}]}<\/script>\n<!-- \/ Yoast SEO plugin. -->","yoast_head_json":{"title":"Bloc : Delivery - Product Whys - Association loi 1901","robots":{"index":"index","follow":"follow","max-snippet":"max-snippet:-1","max-image-preview":"max-image-preview:large","max-video-preview":"max-video-preview:-1"},"canonical":"https:\/\/productwhys.org\/index.php\/bloc-delivery\/","og_locale":"fr_FR","og_type":"article","og_title":"Bloc : Delivery - Product Whys - Association loi 1901","og_description":"Delivery Impl\u00e9menter ce qui a \u00e9t\u00e9 pr\u00e9alablement sp\u00e9cifi\u00e9 et s\u2019assurer que ce qui est produit correspond aux attentes :","og_url":"https:\/\/productwhys.org\/index.php\/bloc-delivery\/","og_site_name":"Product Whys - Association loi 1901","article_modified_time":"2023-03-26T20:57:32+00:00","og_image":[{"url":"http:\/\/productwhys.org\/wp-content\/uploads\/2023\/03\/shyrobotics_a_team_of_men_and_women_playing_tetris_in_a_softwar_d3a30537-aa5e-48e2-bcc2-791a68b188c6-1024x1024.png","type":"","width":"","height":""}],"twitter_card":"summary_large_image","twitter_misc":{"Dur\u00e9e de lecture estim\u00e9e":"1 minute"},"schema":{"@context":"https:\/\/schema.org","@graph":[{"@type":"WebPage","@id":"https:\/\/productwhys.org\/index.php\/bloc-delivery\/","url":"https:\/\/productwhys.org\/index.php\/bloc-delivery\/","name":"Bloc : Delivery - Product Whys - Association loi 1901","isPartOf":{"@id":"https:\/\/productwhys.org\/#website"},"primaryImageOfPage":{"@id":"https:\/\/productwhys.org\/index.php\/bloc-delivery\/#primaryimage"},"image":{"@id":"https:\/\/productwhys.org\/index.php\/bloc-delivery\/#primaryimage"},"thumbnailUrl":"http:\/\/productwhys.org\/wp-content\/uploads\/2023\/03\/shyrobotics_a_team_of_men_and_women_playing_tetris_in_a_softwar_d3a30537-aa5e-48e2-bcc2-791a68b188c6-1024x1024.png","datePublished":"2023-03-26T20:36:33+00:00","dateModified":"2023-03-26T20:57:32+00:00","breadcrumb":{"@id":"https:\/\/productwhys.org\/index.php\/bloc-delivery\/#breadcrumb"},"inLanguage":"fr-FR","potentialAction":[{"@type":"ReadAction","target":["https:\/\/productwhys.org\/index.php\/bloc-delivery\/"]}]},{"@type":"ImageObject","inLanguage":"fr-FR","@id":"https:\/\/productwhys.org\/index.php\/bloc-delivery\/#primaryimage","url":"http:\/\/productwhys.org\/wp-content\/uploads\/2023\/03\/shyrobotics_a_team_of_men_and_women_playing_tetris_in_a_softwar_d3a30537-aa5e-48e2-bcc2-791a68b188c6-1024x1024.png","contentUrl":"http:\/\/productwhys.org\/wp-content\/uploads\/2023\/03\/shyrobotics_a_team_of_men_and_women_playing_tetris_in_a_softwar_d3a30537-aa5e-48e2-bcc2-791a68b188c6-1024x1024.png"},{"@type":"BreadcrumbList","@id":"https:\/\/productwhys.org\/index.php\/bloc-delivery\/#breadcrumb","itemListElement":[{"@type":"ListItem","position":1,"name":"Accueil","item":"https:\/\/productwhys.org\/"},{"@type":"ListItem","position":2,"name":"Bloc : Delivery"}]},{"@type":"WebSite","@id":"https:\/\/productwhys.org\/#website","url":"https:\/\/productwhys.org\/","name":"Product Whys - Association loi 1901","description":"","publisher":{"@id":"https:\/\/productwhys.org\/#organization"},"potentialAction":[{"@type":"SearchAction","target":{"@type":"EntryPoint","urlTemplate":"https:\/\/productwhys.org\/?s={search_term_string}"},"query-input":{"@type":"PropertyValueSpecification","valueRequired":true,"valueName":"search_term_string"}}],"inLanguage":"fr-FR"},{"@type":"Organization","@id":"https:\/\/productwhys.org\/#organization","name":"Product Whys - Association loi 1901","url":"https:\/\/productwhys.org\/","logo":{"@type":"ImageObject","inLanguage":"fr-FR","@id":"https:\/\/productwhys.org\/#\/schema\/logo\/image\/","url":"https:\/\/i0.wp.com\/productwhys.org\/wp-content\/uploads\/2022\/08\/cropped-logov2-site.png?fit=212%2C97&ssl=1","contentUrl":"https:\/\/i0.wp.com\/productwhys.org\/wp-content\/uploads\/2022\/08\/cropped-logov2-site.png?fit=212%2C97&ssl=1","width":212,"height":97,"caption":"Product Whys - Association loi 1901"},"image":{"@id":"https:\/\/productwhys.org\/#\/schema\/logo\/image\/"}}]}},"jetpack_sharing_enabled":true,"_links":{"self":[{"href":"https:\/\/productwhys.org\/index.php\/wp-json\/wp\/v2\/pages\/1610","targetHints":{"allow":["GET"]}}],"collection":[{"href":"https:\/\/productwhys.org\/index.php\/wp-json\/wp\/v2\/pages"}],"about":[{"href":"https:\/\/productwhys.org\/index.php\/wp-json\/wp\/v2\/types\/page"}],"author":[{"embeddable":true,"href":"https:\/\/productwhys.org\/index.php\/wp-json\/wp\/v2\/users\/2"}],"replies":[{"embeddable":true,"href":"https:\/\/productwhys.org\/index.php\/wp-json\/wp\/v2\/comments?post=1610"}],"version-history":[{"count":3,"href":"https:\/\/productwhys.org\/index.php\/wp-json\/wp\/v2\/pages\/1610\/revisions"}],"predecessor-version":[{"id":1636,"href":"https:\/\/productwhys.org\/index.php\/wp-json\/wp\/v2\/pages\/1610\/revisions\/1636"}],"wp:attachment":[{"href":"https:\/\/productwhys.org\/index.php\/wp-json\/wp\/v2\/media?parent=1610"}],"curies":[{"name":"wp","href":"https:\/\/api.w.org\/{rel}","templated":true}]}}