{"id":1614,"date":"2023-03-26T22:41:10","date_gmt":"2023-03-26T20:41:10","guid":{"rendered":"https:\/\/productwhys.org\/?page_id=1614"},"modified":"2023-04-23T13:48:31","modified_gmt":"2023-04-23T11:48:31","slug":"bloc-launch-update","status":"publish","type":"page","link":"https:\/\/productwhys.org\/index.php\/bloc-launch-update\/","title":{"rendered":"Bloc : Launch &#038; Update"},"content":{"rendered":"\n<div class=\"wp-block-columns is-layout-flex wp-container-core-columns-is-layout-9d6595d7 wp-block-columns-is-layout-flex\">\n<div class=\"wp-block-column has-text-color has-background has-link-color wp-elements-ed7d0c0e202c4a46802958eb530ae65a is-layout-flow wp-block-column-is-layout-flow\" style=\"color:#000000;background-color:#7748a373;padding-top:2em;padding-right:2em;padding-bottom:2em;padding-left:2em\">\n<h2 class=\"wp-block-heading\" id=\"family\" style=\"font-size:40px\"><strong>Launch &amp; Update<\/strong><\/h2>\n\n\n\n<hr class=\"wp-block-separator has-css-opacity is-style-wide\"\/>\n\n\n\n<p>Informer l\u2019ensemble des parties prenantes et le client de la sortie et des mises \u00e0 jour du produit, et d\u00e9rouler le rollout :<\/p>\n\n\n\n<ul class=\"wp-block-list\">\n<li>Etablir une \u00e9tude d&rsquo;impacts et de risque<\/li>\n\n\n\n<li>Etablir un plan d&rsquo;action de fin de vie<\/li>\n\n\n\n<li>Communiquer aupr\u00e8s des clients pour les attirer<\/li>\n\n\n\n<li>Communiquer aupr\u00e8s des actionaires et de l&rsquo;entreprise<\/li>\n<\/ul>\n\n\n\n<div class=\"wp-block-buttons alignfull is-horizontal is-content-justification-center is-layout-flex wp-container-core-buttons-is-layout-499968f5 wp-block-buttons-is-layout-flex\"><\/div>\n<\/div>\n<\/div>\n\n\n\n<p><\/p>\n\n\n\n<div class=\"wp-block-media-text alignwide has-media-on-the-right is-stacked-on-mobile is-vertically-aligned-center is-image-fill has-background\" style=\"background-color:#ffbf0061\"><div class=\"wp-block-media-text__content\">\n<div class=\"wp-block-group\" style=\"padding-top:2em;padding-right:2em;padding-bottom:2em;padding-left:2em\"><div class=\"wp-block-group__inner-container is-layout-flow wp-block-group-is-layout-flow\">\n<p style=\"font-size:36px;line-height:1.2\"><strong><strong>Comment diff\u00e9rencier la mise en production du lancement de nouvelles fonctionalit\u00e9s ?<\/strong><\/strong><\/p>\n\n\n\n<p class=\"has-extra-small-font-size\">En Product Management, et surtout avec la vision CI\/CD, une mise en production n&rsquo;est pas \u00e9gale \u00e0 une release (activation des fonctionnalit\u00e9s pour les utilisateurs). Un produit de qualit\u00e9 est r\u00e9guli\u00e8rement mis en production, m\u00eame si certains morceaux ne sont rendu visibles que plus tard. Cela garantit une int\u00e9gration continue, et non une int\u00e9gration compliqu\u00e9e apr\u00e8s plusieurs mois de travail hors production&#8230;<\/p>\n\n\n\n<div class=\"wp-block-buttons alignfull is-horizontal is-content-justification-center is-layout-flex wp-container-core-buttons-is-layout-499968f5 wp-block-buttons-is-layout-flex\">\n<div class=\"wp-block-button\"><a class=\"wp-block-button__link wp-element-button\" href=\"https:\/\/productwhys.org\/index.php\/2023\/04\/23\/mise-en-production-mep-roll-out-a-b-test-release\/\" target=\"_blank\" rel=\"noreferrer noopener\">Voir l&rsquo;article<\/a><\/div>\n<\/div>\n<\/div><\/div>\n<\/div><figure class=\"wp-block-media-text__media\" style=\"background-image:url(http:\/\/productwhys.org\/wp-content\/uploads\/2023\/04\/shyrobotics_conductor_in_the_middle_of_a_team_of_designers_deve_fd7c7326-5c18-46c4-ae30-1c7a632481d5-1024x512.png);background-position:50% 50%\"><img data-recalc-dims=\"1\" loading=\"lazy\" decoding=\"async\" width=\"696\" height=\"348\" src=\"https:\/\/i0.wp.com\/productwhys.org\/wp-content\/uploads\/2023\/04\/shyrobotics_conductor_in_the_middle_of_a_team_of_designers_deve_fd7c7326-5c18-46c4-ae30-1c7a632481d5.png?resize=696%2C348\" alt=\"\" class=\"wp-image-1890 size-full\" srcset=\"https:\/\/i0.wp.com\/productwhys.org\/wp-content\/uploads\/2023\/04\/shyrobotics_conductor_in_the_middle_of_a_team_of_designers_deve_fd7c7326-5c18-46c4-ae30-1c7a632481d5.png?resize=1024%2C512&amp;ssl=1 1024w, https:\/\/i0.wp.com\/productwhys.org\/wp-content\/uploads\/2023\/04\/shyrobotics_conductor_in_the_middle_of_a_team_of_designers_deve_fd7c7326-5c18-46c4-ae30-1c7a632481d5.png?resize=300%2C150&amp;ssl=1 300w, https:\/\/i0.wp.com\/productwhys.org\/wp-content\/uploads\/2023\/04\/shyrobotics_conductor_in_the_middle_of_a_team_of_designers_deve_fd7c7326-5c18-46c4-ae30-1c7a632481d5.png?resize=768%2C384&amp;ssl=1 768w, https:\/\/i0.wp.com\/productwhys.org\/wp-content\/uploads\/2023\/04\/shyrobotics_conductor_in_the_middle_of_a_team_of_designers_deve_fd7c7326-5c18-46c4-ae30-1c7a632481d5.png?resize=696%2C348&amp;ssl=1 696w, https:\/\/i0.wp.com\/productwhys.org\/wp-content\/uploads\/2023\/04\/shyrobotics_conductor_in_the_middle_of_a_team_of_designers_deve_fd7c7326-5c18-46c4-ae30-1c7a632481d5.png?resize=1068%2C534&amp;ssl=1 1068w, https:\/\/i0.wp.com\/productwhys.org\/wp-content\/uploads\/2023\/04\/shyrobotics_conductor_in_the_middle_of_a_team_of_designers_deve_fd7c7326-5c18-46c4-ae30-1c7a632481d5.png?resize=840%2C420&amp;ssl=1 840w, https:\/\/i0.wp.com\/productwhys.org\/wp-content\/uploads\/2023\/04\/shyrobotics_conductor_in_the_middle_of_a_team_of_designers_deve_fd7c7326-5c18-46c4-ae30-1c7a632481d5.png?w=1454&amp;ssl=1 1454w, https:\/\/i0.wp.com\/productwhys.org\/wp-content\/uploads\/2023\/04\/shyrobotics_conductor_in_the_middle_of_a_team_of_designers_deve_fd7c7326-5c18-46c4-ae30-1c7a632481d5.png?w=1392 1392w\" sizes=\"auto, (max-width: 696px) 100vw, 696px\" \/><\/figure><\/div>\n\n\n\n<div class=\"wp-block-media-text alignwide has-media-on-the-right is-stacked-on-mobile is-vertically-aligned-center has-background\" style=\"background-color:#f1f5c7\"><div class=\"wp-block-media-text__content\">\n<div class=\"wp-block-group\" style=\"padding-top:2em;padding-right:2em;padding-bottom:2em;padding-left:2em\"><div class=\"wp-block-group__inner-container is-layout-flow wp-block-group-is-layout-flow\">\n<p style=\"font-size:36px;line-height:1.2\"><strong><strong>Comment organiser le Product Management ?<\/strong><\/strong><\/p>\n\n\n\n<p class=\"has-extra-small-font-size\">Nous d\u00e9coupons le&nbsp;<em>Product Management<\/em>&nbsp;en blocs qui repr\u00e9sentent chacun des cycles de travaux asynchrones, avec des aller-retours nombreux : Customers &amp; Users Management, Business &amp; Shareholders Management, Team Empowerment &amp; Continuous Improvement, Vision &amp; Strategy, Discovery, Delivery, Operations &amp; Distribution, Launch &amp; Updates, et End of Life. L\u2019ensemble de ces blocs permet d\u2019aboutir \u00e0 des produits qui \u00e9mergent et \u00e9voluent avec le temps, et qui peuvent d\u00e9boucher sur des \u00e9cosyst\u00e8mes de produits&#8230;<\/p>\n\n\n\n<div class=\"wp-block-buttons alignfull is-horizontal is-content-justification-center is-layout-flex wp-container-core-buttons-is-layout-499968f5 wp-block-buttons-is-layout-flex\">\n<div class=\"wp-block-button\"><a class=\"wp-block-button__link wp-element-button\" href=\"https:\/\/productwhys.org\/index.php\/2023\/03\/26\/comment-organiser-le-product-management\/\" target=\"_blank\" rel=\"noreferrer noopener\">Voir l&rsquo;article<\/a><\/div>\n<\/div>\n<\/div><\/div>\n<\/div><figure class=\"wp-block-media-text__media\"><img data-recalc-dims=\"1\" loading=\"lazy\" decoding=\"async\" width=\"696\" height=\"696\" src=\"https:\/\/i0.wp.com\/productwhys.org\/wp-content\/uploads\/2023\/03\/shyrobotics_a_team_of_men_and_women_playing_tetris_in_a_softwar_d3a30537-aa5e-48e2-bcc2-791a68b188c6.png?resize=696%2C696\" alt=\"\" class=\"wp-image-1478 size-full\" srcset=\"https:\/\/i0.wp.com\/productwhys.org\/wp-content\/uploads\/2023\/03\/shyrobotics_a_team_of_men_and_women_playing_tetris_in_a_softwar_d3a30537-aa5e-48e2-bcc2-791a68b188c6.png?w=1024&amp;ssl=1 1024w, https:\/\/i0.wp.com\/productwhys.org\/wp-content\/uploads\/2023\/03\/shyrobotics_a_team_of_men_and_women_playing_tetris_in_a_softwar_d3a30537-aa5e-48e2-bcc2-791a68b188c6.png?resize=300%2C300&amp;ssl=1 300w, https:\/\/i0.wp.com\/productwhys.org\/wp-content\/uploads\/2023\/03\/shyrobotics_a_team_of_men_and_women_playing_tetris_in_a_softwar_d3a30537-aa5e-48e2-bcc2-791a68b188c6.png?resize=150%2C150&amp;ssl=1 150w, https:\/\/i0.wp.com\/productwhys.org\/wp-content\/uploads\/2023\/03\/shyrobotics_a_team_of_men_and_women_playing_tetris_in_a_softwar_d3a30537-aa5e-48e2-bcc2-791a68b188c6.png?resize=768%2C768&amp;ssl=1 768w, https:\/\/i0.wp.com\/productwhys.org\/wp-content\/uploads\/2023\/03\/shyrobotics_a_team_of_men_and_women_playing_tetris_in_a_softwar_d3a30537-aa5e-48e2-bcc2-791a68b188c6.png?resize=696%2C696&amp;ssl=1 696w\" sizes=\"auto, (max-width: 696px) 100vw, 696px\" \/><\/figure><\/div>\n","protected":false},"excerpt":{"rendered":"<p>Launch &amp; Update Informer l\u2019ensemble des parties prenantes et le client de la sortie et des mises \u00e0 jour du produit, et d\u00e9rouler le rollout :<\/p>\n","protected":false},"author":2,"featured_media":0,"parent":0,"menu_order":0,"comment_status":"closed","ping_status":"closed","template":"","meta":{"tdm_status":"","tdm_grid_status":"","footnotes":""},"class_list":["post-1614","page","type-page","status-publish"],"yoast_head":"<!-- This site is optimized with the Yoast SEO plugin v27.4 - https:\/\/yoast.com\/product\/yoast-seo-wordpress\/ -->\n<title>Bloc : Launch &amp; Update - Product Whys - Association loi 1901<\/title>\n<meta name=\"robots\" content=\"index, follow, max-snippet:-1, max-image-preview:large, max-video-preview:-1\" \/>\n<link rel=\"canonical\" href=\"https:\/\/productwhys.org\/index.php\/bloc-launch-update\/\" \/>\n<meta property=\"og:locale\" content=\"fr_FR\" \/>\n<meta property=\"og:type\" content=\"article\" \/>\n<meta property=\"og:title\" content=\"Bloc : Launch &amp; Update - Product Whys - Association loi 1901\" \/>\n<meta property=\"og:description\" content=\"Launch &amp; Update Informer l\u2019ensemble des parties prenantes et le client de la sortie et des mises \u00e0 jour du produit, et d\u00e9rouler le rollout :\" \/>\n<meta property=\"og:url\" content=\"https:\/\/productwhys.org\/index.php\/bloc-launch-update\/\" \/>\n<meta property=\"og:site_name\" content=\"Product Whys - Association loi 1901\" \/>\n<meta property=\"article:modified_time\" content=\"2023-04-23T11:48:31+00:00\" \/>\n<meta property=\"og:image\" content=\"http:\/\/productwhys.org\/wp-content\/uploads\/2023\/04\/shyrobotics_conductor_in_the_middle_of_a_team_of_designers_deve_fd7c7326-5c18-46c4-ae30-1c7a632481d5-1024x512.png\" \/>\n<meta name=\"twitter:card\" content=\"summary_large_image\" \/>\n<meta name=\"twitter:label1\" content=\"Dur\u00e9e de lecture estim\u00e9e\" \/>\n\t<meta name=\"twitter:data1\" content=\"2 minutes\" \/>\n<script type=\"application\/ld+json\" class=\"yoast-schema-graph\">{\"@context\":\"https:\\\/\\\/schema.org\",\"@graph\":[{\"@type\":\"WebPage\",\"@id\":\"https:\\\/\\\/productwhys.org\\\/index.php\\\/bloc-launch-update\\\/\",\"url\":\"https:\\\/\\\/productwhys.org\\\/index.php\\\/bloc-launch-update\\\/\",\"name\":\"Bloc : Launch & Update - Product Whys - Association loi 1901\",\"isPartOf\":{\"@id\":\"https:\\\/\\\/productwhys.org\\\/#website\"},\"primaryImageOfPage\":{\"@id\":\"https:\\\/\\\/productwhys.org\\\/index.php\\\/bloc-launch-update\\\/#primaryimage\"},\"image\":{\"@id\":\"https:\\\/\\\/productwhys.org\\\/index.php\\\/bloc-launch-update\\\/#primaryimage\"},\"thumbnailUrl\":\"http:\\\/\\\/productwhys.org\\\/wp-content\\\/uploads\\\/2023\\\/04\\\/shyrobotics_conductor_in_the_middle_of_a_team_of_designers_deve_fd7c7326-5c18-46c4-ae30-1c7a632481d5-1024x512.png\",\"datePublished\":\"2023-03-26T20:41:10+00:00\",\"dateModified\":\"2023-04-23T11:48:31+00:00\",\"breadcrumb\":{\"@id\":\"https:\\\/\\\/productwhys.org\\\/index.php\\\/bloc-launch-update\\\/#breadcrumb\"},\"inLanguage\":\"fr-FR\",\"potentialAction\":[{\"@type\":\"ReadAction\",\"target\":[\"https:\\\/\\\/productwhys.org\\\/index.php\\\/bloc-launch-update\\\/\"]}]},{\"@type\":\"ImageObject\",\"inLanguage\":\"fr-FR\",\"@id\":\"https:\\\/\\\/productwhys.org\\\/index.php\\\/bloc-launch-update\\\/#primaryimage\",\"url\":\"https:\\\/\\\/i0.wp.com\\\/productwhys.org\\\/wp-content\\\/uploads\\\/2023\\\/04\\\/shyrobotics_conductor_in_the_middle_of_a_team_of_designers_deve_fd7c7326-5c18-46c4-ae30-1c7a632481d5.png?fit=1454%2C727&ssl=1\",\"contentUrl\":\"https:\\\/\\\/i0.wp.com\\\/productwhys.org\\\/wp-content\\\/uploads\\\/2023\\\/04\\\/shyrobotics_conductor_in_the_middle_of_a_team_of_designers_deve_fd7c7326-5c18-46c4-ae30-1c7a632481d5.png?fit=1454%2C727&ssl=1\",\"width\":1454,\"height\":727},{\"@type\":\"BreadcrumbList\",\"@id\":\"https:\\\/\\\/productwhys.org\\\/index.php\\\/bloc-launch-update\\\/#breadcrumb\",\"itemListElement\":[{\"@type\":\"ListItem\",\"position\":1,\"name\":\"Accueil\",\"item\":\"https:\\\/\\\/productwhys.org\\\/\"},{\"@type\":\"ListItem\",\"position\":2,\"name\":\"Bloc : Launch &#038; Update\"}]},{\"@type\":\"WebSite\",\"@id\":\"https:\\\/\\\/productwhys.org\\\/#website\",\"url\":\"https:\\\/\\\/productwhys.org\\\/\",\"name\":\"Product Whys - Association loi 1901\",\"description\":\"\",\"publisher\":{\"@id\":\"https:\\\/\\\/productwhys.org\\\/#organization\"},\"potentialAction\":[{\"@type\":\"SearchAction\",\"target\":{\"@type\":\"EntryPoint\",\"urlTemplate\":\"https:\\\/\\\/productwhys.org\\\/?s={search_term_string}\"},\"query-input\":{\"@type\":\"PropertyValueSpecification\",\"valueRequired\":true,\"valueName\":\"search_term_string\"}}],\"inLanguage\":\"fr-FR\"},{\"@type\":\"Organization\",\"@id\":\"https:\\\/\\\/productwhys.org\\\/#organization\",\"name\":\"Product Whys - Association loi 1901\",\"url\":\"https:\\\/\\\/productwhys.org\\\/\",\"logo\":{\"@type\":\"ImageObject\",\"inLanguage\":\"fr-FR\",\"@id\":\"https:\\\/\\\/productwhys.org\\\/#\\\/schema\\\/logo\\\/image\\\/\",\"url\":\"https:\\\/\\\/i0.wp.com\\\/productwhys.org\\\/wp-content\\\/uploads\\\/2022\\\/08\\\/cropped-logov2-site.png?fit=212%2C97&ssl=1\",\"contentUrl\":\"https:\\\/\\\/i0.wp.com\\\/productwhys.org\\\/wp-content\\\/uploads\\\/2022\\\/08\\\/cropped-logov2-site.png?fit=212%2C97&ssl=1\",\"width\":212,\"height\":97,\"caption\":\"Product Whys - Association loi 1901\"},\"image\":{\"@id\":\"https:\\\/\\\/productwhys.org\\\/#\\\/schema\\\/logo\\\/image\\\/\"}}]}<\/script>\n<!-- \/ Yoast SEO plugin. -->","yoast_head_json":{"title":"Bloc : Launch & Update - Product Whys - Association loi 1901","robots":{"index":"index","follow":"follow","max-snippet":"max-snippet:-1","max-image-preview":"max-image-preview:large","max-video-preview":"max-video-preview:-1"},"canonical":"https:\/\/productwhys.org\/index.php\/bloc-launch-update\/","og_locale":"fr_FR","og_type":"article","og_title":"Bloc : Launch & Update - Product Whys - Association loi 1901","og_description":"Launch &amp; Update Informer l\u2019ensemble des parties prenantes et le client de la sortie et des mises \u00e0 jour du produit, et d\u00e9rouler le rollout :","og_url":"https:\/\/productwhys.org\/index.php\/bloc-launch-update\/","og_site_name":"Product Whys - Association loi 1901","article_modified_time":"2023-04-23T11:48:31+00:00","og_image":[{"url":"http:\/\/productwhys.org\/wp-content\/uploads\/2023\/04\/shyrobotics_conductor_in_the_middle_of_a_team_of_designers_deve_fd7c7326-5c18-46c4-ae30-1c7a632481d5-1024x512.png","type":"","width":"","height":""}],"twitter_card":"summary_large_image","twitter_misc":{"Dur\u00e9e de lecture estim\u00e9e":"2 minutes"},"schema":{"@context":"https:\/\/schema.org","@graph":[{"@type":"WebPage","@id":"https:\/\/productwhys.org\/index.php\/bloc-launch-update\/","url":"https:\/\/productwhys.org\/index.php\/bloc-launch-update\/","name":"Bloc : Launch & Update - Product Whys - Association loi 1901","isPartOf":{"@id":"https:\/\/productwhys.org\/#website"},"primaryImageOfPage":{"@id":"https:\/\/productwhys.org\/index.php\/bloc-launch-update\/#primaryimage"},"image":{"@id":"https:\/\/productwhys.org\/index.php\/bloc-launch-update\/#primaryimage"},"thumbnailUrl":"http:\/\/productwhys.org\/wp-content\/uploads\/2023\/04\/shyrobotics_conductor_in_the_middle_of_a_team_of_designers_deve_fd7c7326-5c18-46c4-ae30-1c7a632481d5-1024x512.png","datePublished":"2023-03-26T20:41:10+00:00","dateModified":"2023-04-23T11:48:31+00:00","breadcrumb":{"@id":"https:\/\/productwhys.org\/index.php\/bloc-launch-update\/#breadcrumb"},"inLanguage":"fr-FR","potentialAction":[{"@type":"ReadAction","target":["https:\/\/productwhys.org\/index.php\/bloc-launch-update\/"]}]},{"@type":"ImageObject","inLanguage":"fr-FR","@id":"https:\/\/productwhys.org\/index.php\/bloc-launch-update\/#primaryimage","url":"https:\/\/i0.wp.com\/productwhys.org\/wp-content\/uploads\/2023\/04\/shyrobotics_conductor_in_the_middle_of_a_team_of_designers_deve_fd7c7326-5c18-46c4-ae30-1c7a632481d5.png?fit=1454%2C727&ssl=1","contentUrl":"https:\/\/i0.wp.com\/productwhys.org\/wp-content\/uploads\/2023\/04\/shyrobotics_conductor_in_the_middle_of_a_team_of_designers_deve_fd7c7326-5c18-46c4-ae30-1c7a632481d5.png?fit=1454%2C727&ssl=1","width":1454,"height":727},{"@type":"BreadcrumbList","@id":"https:\/\/productwhys.org\/index.php\/bloc-launch-update\/#breadcrumb","itemListElement":[{"@type":"ListItem","position":1,"name":"Accueil","item":"https:\/\/productwhys.org\/"},{"@type":"ListItem","position":2,"name":"Bloc : Launch &#038; Update"}]},{"@type":"WebSite","@id":"https:\/\/productwhys.org\/#website","url":"https:\/\/productwhys.org\/","name":"Product Whys - Association loi 1901","description":"","publisher":{"@id":"https:\/\/productwhys.org\/#organization"},"potentialAction":[{"@type":"SearchAction","target":{"@type":"EntryPoint","urlTemplate":"https:\/\/productwhys.org\/?s={search_term_string}"},"query-input":{"@type":"PropertyValueSpecification","valueRequired":true,"valueName":"search_term_string"}}],"inLanguage":"fr-FR"},{"@type":"Organization","@id":"https:\/\/productwhys.org\/#organization","name":"Product Whys - Association loi 1901","url":"https:\/\/productwhys.org\/","logo":{"@type":"ImageObject","inLanguage":"fr-FR","@id":"https:\/\/productwhys.org\/#\/schema\/logo\/image\/","url":"https:\/\/i0.wp.com\/productwhys.org\/wp-content\/uploads\/2022\/08\/cropped-logov2-site.png?fit=212%2C97&ssl=1","contentUrl":"https:\/\/i0.wp.com\/productwhys.org\/wp-content\/uploads\/2022\/08\/cropped-logov2-site.png?fit=212%2C97&ssl=1","width":212,"height":97,"caption":"Product Whys - Association loi 1901"},"image":{"@id":"https:\/\/productwhys.org\/#\/schema\/logo\/image\/"}}]}},"jetpack_sharing_enabled":true,"_links":{"self":[{"href":"https:\/\/productwhys.org\/index.php\/wp-json\/wp\/v2\/pages\/1614","targetHints":{"allow":["GET"]}}],"collection":[{"href":"https:\/\/productwhys.org\/index.php\/wp-json\/wp\/v2\/pages"}],"about":[{"href":"https:\/\/productwhys.org\/index.php\/wp-json\/wp\/v2\/types\/page"}],"author":[{"embeddable":true,"href":"https:\/\/productwhys.org\/index.php\/wp-json\/wp\/v2\/users\/2"}],"replies":[{"embeddable":true,"href":"https:\/\/productwhys.org\/index.php\/wp-json\/wp\/v2\/comments?post=1614"}],"version-history":[{"count":5,"href":"https:\/\/productwhys.org\/index.php\/wp-json\/wp\/v2\/pages\/1614\/revisions"}],"predecessor-version":[{"id":1892,"href":"https:\/\/productwhys.org\/index.php\/wp-json\/wp\/v2\/pages\/1614\/revisions\/1892"}],"wp:attachment":[{"href":"https:\/\/productwhys.org\/index.php\/wp-json\/wp\/v2\/media?parent=1614"}],"curies":[{"name":"wp","href":"https:\/\/api.w.org\/{rel}","templated":true}]}}