{"id":2355,"date":"2023-04-10T22:32:00","date_gmt":"2023-04-10T20:32:00","guid":{"rendered":"https:\/\/productwhys.org\/?page_id=2355"},"modified":"2023-05-10T22:35:36","modified_gmt":"2023-05-10T20:35:36","slug":"les-dimensions-du-product-management","status":"publish","type":"page","link":"https:\/\/productwhys.org\/index.php\/les-dimensions-du-product-management\/","title":{"rendered":"Les dimensions du Product Management"},"content":{"rendered":"\n<figure class=\"wp-block-image size-full\"><img data-recalc-dims=\"1\" loading=\"lazy\" decoding=\"async\" width=\"696\" height=\"720\" src=\"https:\/\/i0.wp.com\/productwhys.org\/wp-content\/uploads\/2023\/05\/Screenshot-05-10-2023-22.33.46.png?resize=696%2C720&#038;ssl=1\" alt=\"\" class=\"wp-image-2356\" srcset=\"https:\/\/i0.wp.com\/productwhys.org\/wp-content\/uploads\/2023\/05\/Screenshot-05-10-2023-22.33.46.png?w=783&amp;ssl=1 783w, https:\/\/i0.wp.com\/productwhys.org\/wp-content\/uploads\/2023\/05\/Screenshot-05-10-2023-22.33.46.png?resize=290%2C300&amp;ssl=1 290w, https:\/\/i0.wp.com\/productwhys.org\/wp-content\/uploads\/2023\/05\/Screenshot-05-10-2023-22.33.46.png?resize=768%2C794&amp;ssl=1 768w, https:\/\/i0.wp.com\/productwhys.org\/wp-content\/uploads\/2023\/05\/Screenshot-05-10-2023-22.33.46.png?resize=696%2C720&amp;ssl=1 696w, https:\/\/i0.wp.com\/productwhys.org\/wp-content\/uploads\/2023\/05\/Screenshot-05-10-2023-22.33.46.png?resize=406%2C420&amp;ssl=1 406w\" sizes=\"auto, (max-width: 696px) 100vw, 696px\" \/><\/figure>\n\n\n\n<div class=\"wp-block-media-text alignwide is-stacked-on-mobile is-vertically-aligned-center has-background\" style=\"background-color:#fffdea\"><figure class=\"wp-block-media-text__media\"><img data-recalc-dims=\"1\" loading=\"lazy\" decoding=\"async\" width=\"696\" height=\"696\" src=\"https:\/\/i0.wp.com\/productwhys.org\/wp-content\/uploads\/2023\/04\/shyrobotics_a_three_year_old_blond_girl_with_blue_dress_on_the__07e229e2-0645-4555-b5b9-a827ea54d757.png?resize=696%2C696\" alt=\"\" class=\"wp-image-2349 size-full\" srcset=\"https:\/\/i0.wp.com\/productwhys.org\/wp-content\/uploads\/2023\/04\/shyrobotics_a_three_year_old_blond_girl_with_blue_dress_on_the__07e229e2-0645-4555-b5b9-a827ea54d757.png?w=1024&amp;ssl=1 1024w, https:\/\/i0.wp.com\/productwhys.org\/wp-content\/uploads\/2023\/04\/shyrobotics_a_three_year_old_blond_girl_with_blue_dress_on_the__07e229e2-0645-4555-b5b9-a827ea54d757.png?resize=300%2C300&amp;ssl=1 300w, https:\/\/i0.wp.com\/productwhys.org\/wp-content\/uploads\/2023\/04\/shyrobotics_a_three_year_old_blond_girl_with_blue_dress_on_the__07e229e2-0645-4555-b5b9-a827ea54d757.png?resize=150%2C150&amp;ssl=1 150w, https:\/\/i0.wp.com\/productwhys.org\/wp-content\/uploads\/2023\/04\/shyrobotics_a_three_year_old_blond_girl_with_blue_dress_on_the__07e229e2-0645-4555-b5b9-a827ea54d757.png?resize=768%2C768&amp;ssl=1 768w, https:\/\/i0.wp.com\/productwhys.org\/wp-content\/uploads\/2023\/04\/shyrobotics_a_three_year_old_blond_girl_with_blue_dress_on_the__07e229e2-0645-4555-b5b9-a827ea54d757.png?resize=696%2C696&amp;ssl=1 696w, https:\/\/i0.wp.com\/productwhys.org\/wp-content\/uploads\/2023\/04\/shyrobotics_a_three_year_old_blond_girl_with_blue_dress_on_the__07e229e2-0645-4555-b5b9-a827ea54d757.png?resize=420%2C420&amp;ssl=1 420w\" sizes=\"auto, (max-width: 696px) 100vw, 696px\" \/><\/figure><div class=\"wp-block-media-text__content\">\n<div class=\"wp-block-group\" style=\"padding-top:2em;padding-right:2em;padding-bottom:2em;padding-left:2em\"><div class=\"wp-block-group__inner-container is-layout-flow wp-block-group-is-layout-flow\">\n<p style=\"font-size:36px;line-height:1.2\"><strong>Comment se confrontent la maturit\u00e9 Produit et les pivots ?<\/strong><\/p>\n\n\n\n<p>Lorsqu&rsquo;un produit \u00e9volue, de nouveaux besoins apparaissent, des opportunit\u00e9s de combinaisons avec d&rsquo;autres produits existants ou futurs naissent \u00e9galement.<\/p>\n\n\n\n<p><\/p>\n\n\n\n<div class=\"wp-block-buttons alignfull is-horizontal is-content-justification-center is-layout-flex wp-container-core-buttons-is-layout-499968f5 wp-block-buttons-is-layout-flex\">\n<div class=\"wp-block-button\"><a class=\"wp-block-button__link wp-element-button\" href=\"https:\/\/productwhys.org\/index.php\/2023\/04\/10\/maturite-produit-vs-pivots\/\">Voir l&rsquo;article<\/a><\/div>\n<\/div>\n<\/div><\/div>\n<\/div><\/div>\n","protected":false},"excerpt":{"rendered":"","protected":false},"author":2,"featured_media":2357,"parent":0,"menu_order":0,"comment_status":"closed","ping_status":"closed","template":"","meta":{"tdm_status":"","tdm_grid_status":"","footnotes":""},"class_list":["post-2355","page","type-page","status-publish","has-post-thumbnail"],"yoast_head":"<!-- This site is optimized with the Yoast SEO plugin v27.4 - https:\/\/yoast.com\/product\/yoast-seo-wordpress\/ -->\n<title>Les dimensions du Product Management - Product Whys - Association loi 1901<\/title>\n<meta name=\"robots\" content=\"index, follow, max-snippet:-1, max-image-preview:large, max-video-preview:-1\" \/>\n<link rel=\"canonical\" href=\"https:\/\/productwhys.org\/index.php\/les-dimensions-du-product-management\/\" \/>\n<meta property=\"og:locale\" content=\"fr_FR\" \/>\n<meta property=\"og:type\" content=\"article\" \/>\n<meta property=\"og:title\" content=\"Les dimensions du Product Management - Product Whys - Association loi 1901\" \/>\n<meta property=\"og:url\" content=\"https:\/\/productwhys.org\/index.php\/les-dimensions-du-product-management\/\" \/>\n<meta property=\"og:site_name\" content=\"Product Whys - Association loi 1901\" \/>\n<meta property=\"article:modified_time\" content=\"2023-05-10T20:35:36+00:00\" \/>\n<meta property=\"og:image\" content=\"http:\/\/productwhys.org\/wp-content\/uploads\/2023\/05\/shyrobotics_handsome_smiling_blond_guy_writing_books_and_give_t_0074a79b-cfbf-4d9e-bfbf-63c495034746.png\" \/>\n\t<meta property=\"og:image:width\" content=\"1024\" \/>\n\t<meta property=\"og:image:height\" content=\"1024\" \/>\n\t<meta property=\"og:image:type\" content=\"image\/png\" \/>\n<meta name=\"twitter:card\" content=\"summary_large_image\" \/>\n<meta name=\"twitter:label1\" content=\"Dur\u00e9e de lecture estim\u00e9e\" \/>\n\t<meta name=\"twitter:data1\" content=\"1 minute\" \/>\n<script type=\"application\/ld+json\" class=\"yoast-schema-graph\">{\"@context\":\"https:\\\/\\\/schema.org\",\"@graph\":[{\"@type\":\"WebPage\",\"@id\":\"https:\\\/\\\/productwhys.org\\\/index.php\\\/les-dimensions-du-product-management\\\/\",\"url\":\"https:\\\/\\\/productwhys.org\\\/index.php\\\/les-dimensions-du-product-management\\\/\",\"name\":\"Les dimensions du Product Management - Product Whys - Association loi 1901\",\"isPartOf\":{\"@id\":\"https:\\\/\\\/productwhys.org\\\/#website\"},\"primaryImageOfPage\":{\"@id\":\"https:\\\/\\\/productwhys.org\\\/index.php\\\/les-dimensions-du-product-management\\\/#primaryimage\"},\"image\":{\"@id\":\"https:\\\/\\\/productwhys.org\\\/index.php\\\/les-dimensions-du-product-management\\\/#primaryimage\"},\"thumbnailUrl\":\"https:\\\/\\\/i0.wp.com\\\/productwhys.org\\\/wp-content\\\/uploads\\\/2023\\\/05\\\/shyrobotics_handsome_smiling_blond_guy_writing_books_and_give_t_0074a79b-cfbf-4d9e-bfbf-63c495034746.png?fit=1024%2C1024&ssl=1\",\"datePublished\":\"2023-04-10T20:32:00+00:00\",\"dateModified\":\"2023-05-10T20:35:36+00:00\",\"breadcrumb\":{\"@id\":\"https:\\\/\\\/productwhys.org\\\/index.php\\\/les-dimensions-du-product-management\\\/#breadcrumb\"},\"inLanguage\":\"fr-FR\",\"potentialAction\":[{\"@type\":\"ReadAction\",\"target\":[\"https:\\\/\\\/productwhys.org\\\/index.php\\\/les-dimensions-du-product-management\\\/\"]}]},{\"@type\":\"ImageObject\",\"inLanguage\":\"fr-FR\",\"@id\":\"https:\\\/\\\/productwhys.org\\\/index.php\\\/les-dimensions-du-product-management\\\/#primaryimage\",\"url\":\"https:\\\/\\\/i0.wp.com\\\/productwhys.org\\\/wp-content\\\/uploads\\\/2023\\\/05\\\/shyrobotics_handsome_smiling_blond_guy_writing_books_and_give_t_0074a79b-cfbf-4d9e-bfbf-63c495034746.png?fit=1024%2C1024&ssl=1\",\"contentUrl\":\"https:\\\/\\\/i0.wp.com\\\/productwhys.org\\\/wp-content\\\/uploads\\\/2023\\\/05\\\/shyrobotics_handsome_smiling_blond_guy_writing_books_and_give_t_0074a79b-cfbf-4d9e-bfbf-63c495034746.png?fit=1024%2C1024&ssl=1\",\"width\":1024,\"height\":1024},{\"@type\":\"BreadcrumbList\",\"@id\":\"https:\\\/\\\/productwhys.org\\\/index.php\\\/les-dimensions-du-product-management\\\/#breadcrumb\",\"itemListElement\":[{\"@type\":\"ListItem\",\"position\":1,\"name\":\"Accueil\",\"item\":\"https:\\\/\\\/productwhys.org\\\/\"},{\"@type\":\"ListItem\",\"position\":2,\"name\":\"Les dimensions du Product Management\"}]},{\"@type\":\"WebSite\",\"@id\":\"https:\\\/\\\/productwhys.org\\\/#website\",\"url\":\"https:\\\/\\\/productwhys.org\\\/\",\"name\":\"Product Whys - Association loi 1901\",\"description\":\"\",\"publisher\":{\"@id\":\"https:\\\/\\\/productwhys.org\\\/#organization\"},\"potentialAction\":[{\"@type\":\"SearchAction\",\"target\":{\"@type\":\"EntryPoint\",\"urlTemplate\":\"https:\\\/\\\/productwhys.org\\\/?s={search_term_string}\"},\"query-input\":{\"@type\":\"PropertyValueSpecification\",\"valueRequired\":true,\"valueName\":\"search_term_string\"}}],\"inLanguage\":\"fr-FR\"},{\"@type\":\"Organization\",\"@id\":\"https:\\\/\\\/productwhys.org\\\/#organization\",\"name\":\"Product Whys - Association loi 1901\",\"url\":\"https:\\\/\\\/productwhys.org\\\/\",\"logo\":{\"@type\":\"ImageObject\",\"inLanguage\":\"fr-FR\",\"@id\":\"https:\\\/\\\/productwhys.org\\\/#\\\/schema\\\/logo\\\/image\\\/\",\"url\":\"https:\\\/\\\/i0.wp.com\\\/productwhys.org\\\/wp-content\\\/uploads\\\/2022\\\/08\\\/cropped-logov2-site.png?fit=212%2C97&ssl=1\",\"contentUrl\":\"https:\\\/\\\/i0.wp.com\\\/productwhys.org\\\/wp-content\\\/uploads\\\/2022\\\/08\\\/cropped-logov2-site.png?fit=212%2C97&ssl=1\",\"width\":212,\"height\":97,\"caption\":\"Product Whys - Association loi 1901\"},\"image\":{\"@id\":\"https:\\\/\\\/productwhys.org\\\/#\\\/schema\\\/logo\\\/image\\\/\"}}]}<\/script>\n<!-- \/ Yoast SEO plugin. -->","yoast_head_json":{"title":"Les dimensions du Product Management - Product Whys - Association loi 1901","robots":{"index":"index","follow":"follow","max-snippet":"max-snippet:-1","max-image-preview":"max-image-preview:large","max-video-preview":"max-video-preview:-1"},"canonical":"https:\/\/productwhys.org\/index.php\/les-dimensions-du-product-management\/","og_locale":"fr_FR","og_type":"article","og_title":"Les dimensions du Product Management - Product Whys - Association loi 1901","og_url":"https:\/\/productwhys.org\/index.php\/les-dimensions-du-product-management\/","og_site_name":"Product Whys - Association loi 1901","article_modified_time":"2023-05-10T20:35:36+00:00","og_image":[{"width":1024,"height":1024,"url":"http:\/\/productwhys.org\/wp-content\/uploads\/2023\/05\/shyrobotics_handsome_smiling_blond_guy_writing_books_and_give_t_0074a79b-cfbf-4d9e-bfbf-63c495034746.png","type":"image\/png"}],"twitter_card":"summary_large_image","twitter_misc":{"Dur\u00e9e de lecture estim\u00e9e":"1 minute"},"schema":{"@context":"https:\/\/schema.org","@graph":[{"@type":"WebPage","@id":"https:\/\/productwhys.org\/index.php\/les-dimensions-du-product-management\/","url":"https:\/\/productwhys.org\/index.php\/les-dimensions-du-product-management\/","name":"Les dimensions du Product Management - Product Whys - Association loi 1901","isPartOf":{"@id":"https:\/\/productwhys.org\/#website"},"primaryImageOfPage":{"@id":"https:\/\/productwhys.org\/index.php\/les-dimensions-du-product-management\/#primaryimage"},"image":{"@id":"https:\/\/productwhys.org\/index.php\/les-dimensions-du-product-management\/#primaryimage"},"thumbnailUrl":"https:\/\/i0.wp.com\/productwhys.org\/wp-content\/uploads\/2023\/05\/shyrobotics_handsome_smiling_blond_guy_writing_books_and_give_t_0074a79b-cfbf-4d9e-bfbf-63c495034746.png?fit=1024%2C1024&ssl=1","datePublished":"2023-04-10T20:32:00+00:00","dateModified":"2023-05-10T20:35:36+00:00","breadcrumb":{"@id":"https:\/\/productwhys.org\/index.php\/les-dimensions-du-product-management\/#breadcrumb"},"inLanguage":"fr-FR","potentialAction":[{"@type":"ReadAction","target":["https:\/\/productwhys.org\/index.php\/les-dimensions-du-product-management\/"]}]},{"@type":"ImageObject","inLanguage":"fr-FR","@id":"https:\/\/productwhys.org\/index.php\/les-dimensions-du-product-management\/#primaryimage","url":"https:\/\/i0.wp.com\/productwhys.org\/wp-content\/uploads\/2023\/05\/shyrobotics_handsome_smiling_blond_guy_writing_books_and_give_t_0074a79b-cfbf-4d9e-bfbf-63c495034746.png?fit=1024%2C1024&ssl=1","contentUrl":"https:\/\/i0.wp.com\/productwhys.org\/wp-content\/uploads\/2023\/05\/shyrobotics_handsome_smiling_blond_guy_writing_books_and_give_t_0074a79b-cfbf-4d9e-bfbf-63c495034746.png?fit=1024%2C1024&ssl=1","width":1024,"height":1024},{"@type":"BreadcrumbList","@id":"https:\/\/productwhys.org\/index.php\/les-dimensions-du-product-management\/#breadcrumb","itemListElement":[{"@type":"ListItem","position":1,"name":"Accueil","item":"https:\/\/productwhys.org\/"},{"@type":"ListItem","position":2,"name":"Les dimensions du Product Management"}]},{"@type":"WebSite","@id":"https:\/\/productwhys.org\/#website","url":"https:\/\/productwhys.org\/","name":"Product Whys - Association loi 1901","description":"","publisher":{"@id":"https:\/\/productwhys.org\/#organization"},"potentialAction":[{"@type":"SearchAction","target":{"@type":"EntryPoint","urlTemplate":"https:\/\/productwhys.org\/?s={search_term_string}"},"query-input":{"@type":"PropertyValueSpecification","valueRequired":true,"valueName":"search_term_string"}}],"inLanguage":"fr-FR"},{"@type":"Organization","@id":"https:\/\/productwhys.org\/#organization","name":"Product Whys - Association loi 1901","url":"https:\/\/productwhys.org\/","logo":{"@type":"ImageObject","inLanguage":"fr-FR","@id":"https:\/\/productwhys.org\/#\/schema\/logo\/image\/","url":"https:\/\/i0.wp.com\/productwhys.org\/wp-content\/uploads\/2022\/08\/cropped-logov2-site.png?fit=212%2C97&ssl=1","contentUrl":"https:\/\/i0.wp.com\/productwhys.org\/wp-content\/uploads\/2022\/08\/cropped-logov2-site.png?fit=212%2C97&ssl=1","width":212,"height":97,"caption":"Product Whys - Association loi 1901"},"image":{"@id":"https:\/\/productwhys.org\/#\/schema\/logo\/image\/"}}]}},"jetpack_sharing_enabled":true,"_links":{"self":[{"href":"https:\/\/productwhys.org\/index.php\/wp-json\/wp\/v2\/pages\/2355","targetHints":{"allow":["GET"]}}],"collection":[{"href":"https:\/\/productwhys.org\/index.php\/wp-json\/wp\/v2\/pages"}],"about":[{"href":"https:\/\/productwhys.org\/index.php\/wp-json\/wp\/v2\/types\/page"}],"author":[{"embeddable":true,"href":"https:\/\/productwhys.org\/index.php\/wp-json\/wp\/v2\/users\/2"}],"replies":[{"embeddable":true,"href":"https:\/\/productwhys.org\/index.php\/wp-json\/wp\/v2\/comments?post=2355"}],"version-history":[{"count":1,"href":"https:\/\/productwhys.org\/index.php\/wp-json\/wp\/v2\/pages\/2355\/revisions"}],"predecessor-version":[{"id":2358,"href":"https:\/\/productwhys.org\/index.php\/wp-json\/wp\/v2\/pages\/2355\/revisions\/2358"}],"wp:featuredmedia":[{"embeddable":true,"href":"https:\/\/productwhys.org\/index.php\/wp-json\/wp\/v2\/media\/2357"}],"wp:attachment":[{"href":"https:\/\/productwhys.org\/index.php\/wp-json\/wp\/v2\/media?parent=2355"}],"curies":[{"name":"wp","href":"https:\/\/api.w.org\/{rel}","templated":true}]}}